{"id":2426,"date":"2023-11-28T14:55:30","date_gmt":"2023-11-28T17:55:30","guid":{"rendered":"https:\/\/www.medideal.com.br\/?post_type=product&#038;p=2426"},"modified":"2024-01-16T16:40:29","modified_gmt":"2024-01-16T19:40:29","slug":"laminas-de-bisturi-de-aco-carbono-medix-caixa-c-100-unidades","status":"publish","type":"product","link":"https:\/\/www.medideal.com.br\/en\/laminas-de-bisturi-de-aco-carbono-medix-caixa-c-100-unidades\/","title":{"rendered":"L\u00e2minas De Bisturi De A\u00e7o Carbono Medix &#8211; Caixa C\/100 Unidades"},"content":{"rendered":"<div class=\"card__header\">\n<h2 class=\"card__title heading h3\">Descri\u00e7\u00e3o<\/h2>\n<\/div>\n<div class=\"card__section\">\n<div class=\"rte text--pull\">\n<ol>\n<li><strong>Apresenta\u00e7\u00e3o<\/strong><\/li>\n<\/ol>\n<p>A L\u00e2mina de Bisturi Descart\u00e1vel fabricada em a\u00e7o carbono \u00e9 utilizada para corte de pele, tecido e retirada de pontos em procedimentos cir\u00fargicos.<\/p>\n<p>Extremamente afiadas e dur\u00e1veis para cirurgia humana e outras, as l\u00e2minas possuem formatos e polimentos que asseguram incis\u00f5es precisas, consistentes e est\u00e1veis.<\/p>\n<p><strong>Benef\u00edcios<\/strong><\/p>\n<ul>\n<li>Est\u00e9ril;<\/li>\n<li>Corta, raspar e\/ou remove estruturas em procedimentos.<\/li>\n<\/ul>\n<p><strong>Modo de Uso<\/strong><\/p>\n<ol>\n<li>Retire a l\u00e2mina com o aux\u00edlio de uma pin\u00e7a est\u00e9ril, de acordo com a t\u00e9cnica ass\u00e9ptica adequada;<\/li>\n<li>Encaixe a l\u00e2mina no cabo de bisturi adequado;<\/li>\n<li>A L\u00e2mina dever\u00e1 ser manuseada por profissional especializado da \u00e1rea m\u00e9dica.<\/li>\n<\/ol>\n<p>Descart\u00e1vel e de uso \u00fanico. Proibido reprocessar. Destruir ap\u00f3s o uso.<\/p>\n<p><strong>Especifica\u00e7\u00f5es t\u00e9cnicas<\/strong><\/p>\n<ul>\n<li>Est\u00e9ril;<\/li>\n<li>Descart\u00e1vel e de uso \u00fanico;<\/li>\n<li>Material: a\u00e7o carbono;<\/li>\n<li>Validade:\u00a05 anos ap\u00f3s a data de esteriliza\u00e7\u00e3o;<\/li>\n<li>Tamanhos: 10 &#8211; Comprimento: 43mm Altura: 8mm; 11 &#8211; Comprimento: 43mm Altura: 6,5mm; 12 &#8211; Comprimento: 36mm Altura: 10mm; 15 &#8211; Comprimento: 40mm Altura: 4mm; 15C &#8211; Comprimento: 35mm Altura: 6,5mm; 20 &#8211; Comprimento: 46mm Altura: 9mm; 21 &#8211; Comprimento: 54mm Altura: 11mm; 22 &#8211; Comprimento: 59mm Altura: 11,5mm; 23 &#8211; Comprimento: 51mm Altura: 10mm; 24 &#8211; Comprimento: 55mm Altura: 11mm.<\/li>\n<li>Embalagem: Caixa com 100 unidades.<\/li>\n<li>Dimens\u00f5es embalagem: 3cm(c) x\u00a09cm(l) x 7cm(a).<\/li>\n<li>Peso embalagem: 30g.<\/li>\n<li>Registro Anvisa 80495510026<\/li>\n<\/ul>\n<\/div>\n<\/div>","protected":false},"excerpt":{"rendered":"<p>A L\u00e2mina de Bisturi Descart\u00e1vel fabricada em a\u00e7o carbono \u00e9 utilizada para corte de pele, tecido e retirada de pontos em procedimentos cir\u00fargicos.<\/p>","protected":false},"featured_media":2427,"comment_status":"open","ping_status":"closed","template":"","meta":{"_joinchat":[]},"product_brand":[],"product_cat":[29],"product_tag":[],"class_list":{"0":"post-2426","1":"product","2":"type-product","3":"status-publish","4":"has-post-thumbnail","6":"product_cat-materiais-de-consumo","8":"first","9":"instock","10":"shipping-taxable","11":"purchasable","12":"product-type-variable"},"_links":{"self":[{"href":"https:\/\/www.medideal.com.br\/en\/wp-json\/wp\/v2\/product\/2426","targetHints":{"allow":["GET"]}}],"collection":[{"href":"https:\/\/www.medideal.com.br\/en\/wp-json\/wp\/v2\/product"}],"about":[{"href":"https:\/\/www.medideal.com.br\/en\/wp-json\/wp\/v2\/types\/product"}],"replies":[{"embeddable":true,"href":"https:\/\/www.medideal.com.br\/en\/wp-json\/wp\/v2\/comments?post=2426"}],"wp:featuredmedia":[{"embeddable":true,"href":"https:\/\/www.medideal.com.br\/en\/wp-json\/wp\/v2\/media\/2427"}],"wp:attachment":[{"href":"https:\/\/www.medideal.com.br\/en\/wp-json\/wp\/v2\/media?parent=2426"}],"wp:term":[{"taxonomy":"product_brand","embeddable":true,"href":"https:\/\/www.medideal.com.br\/en\/wp-json\/wp\/v2\/product_brand?post=2426"},{"taxonomy":"product_cat","embeddable":true,"href":"https:\/\/www.medideal.com.br\/en\/wp-json\/wp\/v2\/product_cat?post=2426"},{"taxonomy":"product_tag","embeddable":true,"href":"https:\/\/www.medideal.com.br\/en\/wp-json\/wp\/v2\/product_tag?post=2426"}],"curies":[{"name":"wp","href":"https:\/\/api.w.org\/{rel}","templated":true}]}}