{"id":2419,"date":"2023-11-28T11:39:16","date_gmt":"2023-11-28T14:39:16","guid":{"rendered":"https:\/\/www.medideal.com.br\/?post_type=product&#038;p=2419"},"modified":"2024-01-16T15:54:05","modified_gmt":"2024-01-16T18:54:05","slug":"cateter-intravenoso-medix-caixa-c-100-unidades","status":"publish","type":"product","link":"https:\/\/www.medideal.com.br\/en\/cateter-intravenoso-medix-caixa-c-100-unidades\/","title":{"rendered":"Cateter Intravenoso Medix &#8211; Caixa C\/ 100 Unidades"},"content":{"rendered":"<div class=\"card__header\">\n<h2 class=\"card__title heading h3\">Descri\u00e7\u00e3o<\/h2>\n<p><strong>Medidas Dispon\u00edveis<\/strong><\/p>\n<p>16G &#8211; 18G &#8211; 20G- 22G &#8211; 24G<\/p>\n<\/div>\n<div class=\"card__section\">\n<div class=\"rte text--pull\">\n<p><strong>Apresenta\u00e7\u00e3o<\/strong><\/p>\n<p>Dispositivo est\u00e9ril, indicado para uso na terapia intravenosa perif\u00e9rica em infus\u00f5es de m\u00e9dia e longa dura\u00e7\u00e3o.<\/p>\n<p>Desenvolvido para infus\u00f5es de f\u00e1rmacos, solu\u00e7\u00f5es e hemoderivados.<\/p>\n<p><strong>Benef\u00edcios<\/strong><\/p>\n<ul>\n<li>Est\u00e9ril \u2013\u00d3xido de etileno;<\/li>\n<li>At\u00f3xico e apirog\u00eanico;<\/li>\n<li>Lubrificado por \u00f3leo de silicone grau m\u00e9dico;<\/li>\n<li>Conex\u00e3o Luer lock;<\/li>\n<\/ul>\n<p><strong>Modo de Uso<\/strong><\/p>\n<ol>\n<li>Prepare o local cuidadosamente antes da pun\u00e7\u00e3o venosa;<\/li>\n<li>Selecione o tipo e o tamanho apropriado do cateter. Sempre use o cateter com a c\u00e2nula de menor tamanho poss\u00edvel para entregar adequadamente o fluido intravenoso desejado;<\/li>\n<li>Verifique a integridade da embalagem prim\u00e1ria do produto e o prazo de validade;<\/li>\n<li>Cuidadosamente, selecione e limpe o local da venipuntura;<\/li>\n<li>Remova o produto da embalagem e inspecionar a integridade do mesmo;<\/li>\n<li>Puncione a veia com o bisel de agulha voltado para cima, com um baixo \u00e2ngulo (preferencialmente entre 15\u00ba e 30\u00b0)<\/li>\n<li>N\u00e3o reintroduza a agulha no cateter se a pun\u00e7\u00e3o n\u00e3o for bem sucedida;<\/li>\n<li>Verifique o retorno do sangue na c\u00e2mara flashback. Para avan\u00e7ar o cateter na veia, retire um pouco a agulha e introduza o cateter no interior da veia at\u00e9 a profundidade desejada.<\/li>\n<li>Retire completamente e de maneira suave a agulha;<\/li>\n<li>Evite o derramamento de sangue pressionando suavemente com o dedo indicador a jun\u00e7\u00e3o cateter\/canh\u00e3o;<\/li>\n<li>Substitua o conjunto retirado (agulha, base) por equipo, torneira, conector multivias, etc. com plugue (clamp) de fechamento ajustado na linha de infus\u00e3o intravenosa;<\/li>\n<li>Descarte a agulha em um recipiente adequado;<\/li>\n<li>Fixe o dispositivo na pele do paciente e cubra a \u00e1rea da punctura com um curativo.<\/li>\n<li>Inspecione regularmente a \u00e1rea de venipuntura para qualquer tipo de rea\u00e7\u00e3o e cheque todas as conex\u00f5es.<\/li>\n<li>Obede\u00e7a ao tempo de substitui\u00e7\u00e3o do dispositivo;<\/li>\n<li>Descarte o produto ap\u00f3s utiliza\u00e7\u00e3o \u00fanica no lixo hospitalar, conforme as normas de biosseguran\u00e7a recomendadas.<\/li>\n<li>Realize a monitoriza\u00e7\u00e3o de rotina e a manuten\u00e7\u00e3o do local de pun\u00e7\u00e3o venosa de acordo com as normas m\u00e9dicas.<\/li>\n<li>O produto deve ser usado apenas por profissional qualificado.<\/li>\n<\/ol>\n<p><strong>\u201cPRODUTO DE USO \u00daNICO\u201d, \u201cN\u00c3O DEVEM SER REUTILIZADAS\u201d, \u201cPROIBIDO REPROCESSAR\u201d, \u201cEST\u00c9RIL\u201d, \u201cDESTRUIR AP\u00d3S O USO\u201d<\/strong><\/p>\n<p><strong>Especifica\u00e7\u00f5es t\u00e9cnicas<\/strong><\/p>\n<ul>\n<li>Cateter de Poliuretano (PUR) radiopaco, flex\u00edvel e sem efeito mem\u00f3ria;<\/li>\n<li>Agulha de a\u00e7o inoxid\u00e1vel com corte afiado chanfrado (bisel trifacetado);<\/li>\n<li>A conex\u00e3o \u00e9 transparente, desta forma pode exibir qualquer retorno de sangue.<\/li>\n<li>Os segmentos transparentes do cateter fornecem a confirma\u00e7\u00e3o da coloca\u00e7\u00e3o bem-sucedida do cateter ao retirar a agulha, ou seja, c\u00e2mara flashback;<\/li>\n<li>A dura\u00e7\u00e3o de uso deste produto \u00e9 de 72 horas (produto de uso de curto prazo);<\/li>\n<li>Embalagem: Caixa contendo 100 unidade;<\/li>\n<li>Validade 5 anos ap\u00f3s data de esteriliza\u00e7\u00e3o<\/li>\n<li>Notifica\u00e7\u00e3o do produto ANVISA: N\u00ba80495519067<\/li>\n<\/ul>\n<\/div>\n<\/div>","protected":false},"excerpt":{"rendered":"<p>Dispositivo est\u00e9ril, indicado para uso na terapia intravenosa perif\u00e9rica em infus\u00f5es de m\u00e9dia e longa dura\u00e7\u00e3o.<\/p>","protected":false},"featured_media":2420,"comment_status":"open","ping_status":"closed","template":"","meta":{"_joinchat":[]},"product_brand":[],"product_cat":[29],"product_tag":[],"class_list":{"0":"post-2419","1":"product","2":"type-product","3":"status-publish","4":"has-post-thumbnail","6":"product_cat-materiais-de-consumo","8":"first","9":"instock","10":"shipping-taxable","11":"purchasable","12":"product-type-variable"},"_links":{"self":[{"href":"https:\/\/www.medideal.com.br\/en\/wp-json\/wp\/v2\/product\/2419","targetHints":{"allow":["GET"]}}],"collection":[{"href":"https:\/\/www.medideal.com.br\/en\/wp-json\/wp\/v2\/product"}],"about":[{"href":"https:\/\/www.medideal.com.br\/en\/wp-json\/wp\/v2\/types\/product"}],"replies":[{"embeddable":true,"href":"https:\/\/www.medideal.com.br\/en\/wp-json\/wp\/v2\/comments?post=2419"}],"wp:featuredmedia":[{"embeddable":true,"href":"https:\/\/www.medideal.com.br\/en\/wp-json\/wp\/v2\/media\/2420"}],"wp:attachment":[{"href":"https:\/\/www.medideal.com.br\/en\/wp-json\/wp\/v2\/media?parent=2419"}],"wp:term":[{"taxonomy":"product_brand","embeddable":true,"href":"https:\/\/www.medideal.com.br\/en\/wp-json\/wp\/v2\/product_brand?post=2419"},{"taxonomy":"product_cat","embeddable":true,"href":"https:\/\/www.medideal.com.br\/en\/wp-json\/wp\/v2\/product_cat?post=2419"},{"taxonomy":"product_tag","embeddable":true,"href":"https:\/\/www.medideal.com.br\/en\/wp-json\/wp\/v2\/product_tag?post=2419"}],"curies":[{"name":"wp","href":"https:\/\/api.w.org\/{rel}","templated":true}]}}