{"id":2407,"date":"2023-11-28T10:59:10","date_gmt":"2023-11-28T13:59:10","guid":{"rendered":"https:\/\/www.medideal.com.br\/?post_type=product&#038;p=2407"},"modified":"2024-01-16T15:58:04","modified_gmt":"2024-01-16T18:58:04","slug":"agulha-hipodermica-descartavel-30x070mm-medix-caixa-c-100","status":"publish","type":"product","link":"https:\/\/www.medideal.com.br\/en\/agulha-hipodermica-descartavel-30x070mm-medix-caixa-c-100\/","title":{"rendered":"Agulha Hipod\u00e9rmica Descart\u00e1vel 30&#215;0,80MM  Medix &#8211; Caixa C\/ 100 Unidades"},"content":{"rendered":"<div class=\"card__header\">\n<h2 class=\"card__title heading h3\">Descri\u00e7\u00e3o<\/h2>\n<\/div>\n<div class=\"card__section\">\n<div class=\"rte text--pull\">\n<p><strong>Apresenta\u00e7\u00e3o<\/strong><\/p>\n<p>A Agulha Hipod\u00e9rmica \u00e9 um dispositivo est\u00e9ril, destinado \u00e0 administra\u00e7\u00e3o de solu\u00e7\u00f5es atrav\u00e9s da inje\u00e7\u00e3o intrad\u00e9rmica, intramuscular e intravenosa ou para a aspira\u00e7\u00e3o de fluidos para an\u00e1lises cl\u00ednicas.<\/p>\n<p>Conta com tampa pl\u00e1stica, agulha fabricada em a\u00e7o inoxid\u00e1vel e bisel tri facetado.<\/p>\n<p><strong>Benef\u00edcios<\/strong><\/p>\n<ul>\n<li>Certificada pelo INMETRO<\/li>\n<\/ul>\n<p><strong>Modo de Uso<\/strong><\/p>\n<ol>\n<li>Prepare o local cuidadosamente antes da pun\u00e7\u00e3o venosa;<\/li>\n<li>Selecione o modelo e o tamanho apropriado de agulha;<\/li>\n<li>Verifique a integridade da embalagem prim\u00e1ria do produto e o prazo de validade;<\/li>\n<li>Abra o produto somente em local adequado e em condi\u00e7\u00f5es ass\u00e9pticas de manipula\u00e7\u00e3o;<\/li>\n<li>Cuidadosamente, selecione e realize assepsia no local a ser introduzido o dispositivo;<\/li>\n<li>Remova o produto da embalagem e inspecionar a integridade do mesmo;<\/li>\n<li>Coloque a agulha na ponta do instrumento e trave-o;<\/li>\n<li>Leve o instrumento at\u00e9 o local a ser realizado o procedimento. Ap\u00f3s o termino, destrave-o e retire a agulha;<\/li>\n<li>Ap\u00f3s a realiza\u00e7\u00e3o do procedimento, com a agulha ainda na seringa, recoloque a capa;<\/li>\n<li>Descarte o produto em local apropriado para materiais cortantes potencialmente infectados, conforme as normas de biosseguran\u00e7a recomendadas.<\/li>\n<li>O produto deve ser usado apenas por profissional qualificado.<\/li>\n<\/ol>\n<p>Descart\u00e1vel e de uso \u00fanico. Proibido reprocessar. Destruir ap\u00f3s o uso.<\/p>\n<p><strong>Especifica\u00e7\u00f5es t\u00e9cnicas<\/strong><\/p>\n<ul>\n<li>Est\u00e9ril \u2013 \u00f3xido de etileno;<\/li>\n<li>Lubrificada com silicone;<\/li>\n<li>Conect\u00e1vel com seringas bico Luer Slip ou Luer Lock;<\/li>\n<li>Identifica\u00e7\u00e3o de calibres conforme padr\u00e3o universal de cores;<\/li>\n<li>Descart\u00e1vel e de uso \u00fanico;<\/li>\n<li>Validade:\u00a05 anos ap\u00f3s a data de esteriliza\u00e7\u00e3o.<\/li>\n<li>Embalagem: Caixa com 100 unidades.<\/li>\n<li>Dimens\u00f5es embalagem: 11cm(c) x\u00a011cm(l) x 9cm(a).<\/li>\n<li>Peso embalagem: 110g.<\/li>\n<li>Registro Anvisa:\u00a080495510095<\/li>\n<\/ul>\n<\/div>\n<\/div>","protected":false},"excerpt":{"rendered":"<p>A Agulha Hipod\u00e9rmica \u00e9 um dispositivo est\u00e9ril, destinado \u00e0 administra\u00e7\u00e3o de solu\u00e7\u00f5es atrav\u00e9s da inje\u00e7\u00e3o intrad\u00e9rmica, intramuscular e intravenosa ou para a aspira\u00e7\u00e3o de fluidos para an\u00e1lises cl\u00ednicas.<\/p>","protected":false},"featured_media":2410,"comment_status":"open","ping_status":"closed","template":"","meta":{"_joinchat":[]},"product_brand":[],"product_cat":[29],"product_tag":[],"class_list":{"0":"post-2407","1":"product","2":"type-product","3":"status-publish","4":"has-post-thumbnail","6":"product_cat-materiais-de-consumo","8":"first","9":"instock","10":"shipping-taxable","11":"purchasable","12":"product-type-simple"},"_links":{"self":[{"href":"https:\/\/www.medideal.com.br\/en\/wp-json\/wp\/v2\/product\/2407","targetHints":{"allow":["GET"]}}],"collection":[{"href":"https:\/\/www.medideal.com.br\/en\/wp-json\/wp\/v2\/product"}],"about":[{"href":"https:\/\/www.medideal.com.br\/en\/wp-json\/wp\/v2\/types\/product"}],"replies":[{"embeddable":true,"href":"https:\/\/www.medideal.com.br\/en\/wp-json\/wp\/v2\/comments?post=2407"}],"wp:featuredmedia":[{"embeddable":true,"href":"https:\/\/www.medideal.com.br\/en\/wp-json\/wp\/v2\/media\/2410"}],"wp:attachment":[{"href":"https:\/\/www.medideal.com.br\/en\/wp-json\/wp\/v2\/media?parent=2407"}],"wp:term":[{"taxonomy":"product_brand","embeddable":true,"href":"https:\/\/www.medideal.com.br\/en\/wp-json\/wp\/v2\/product_brand?post=2407"},{"taxonomy":"product_cat","embeddable":true,"href":"https:\/\/www.medideal.com.br\/en\/wp-json\/wp\/v2\/product_cat?post=2407"},{"taxonomy":"product_tag","embeddable":true,"href":"https:\/\/www.medideal.com.br\/en\/wp-json\/wp\/v2\/product_tag?post=2407"}],"curies":[{"name":"wp","href":"https:\/\/api.w.org\/{rel}","templated":true}]}}