{"id":2371,"date":"2023-11-27T14:50:09","date_gmt":"2023-11-27T17:50:09","guid":{"rendered":"https:\/\/www.medideal.com.br\/?post_type=product&#038;p=2371"},"modified":"2024-01-26T19:09:55","modified_gmt":"2024-01-26T22:09:55","slug":"luva-de-vinil-com-po-descarpack-caixa-c-100-unidades","status":"publish","type":"product","link":"https:\/\/www.medideal.com.br\/en\/luva-de-vinil-com-po-descarpack-caixa-c-100-unidades\/","title":{"rendered":"Luva de Vinil Com P\u00f3 Descarpack &#8211; Caixa C\/ 100 Unidades"},"content":{"rendered":"<div class=\"fusion-text\">\n<h2 class=\"fusion-responsive-typography-calculated\" data-fontsize=\"40\" data-lineheight=\"40px\">Luva de Vinil Com P\u00f3 Descarpack<\/h2>\n<\/div>\n<div class=\"fusion-text\">\n<p>Desenvolvida para prote\u00e7\u00e3o de profissionais da sa\u00fade sempre que n\u00e3o houver contato com fluidos org\u00e2nicos.<\/p>\n<ul>\n<li>Fabricada em PVC<\/li>\n<li>N\u00e3o est\u00e9ril<\/li>\n<li>Livre de l\u00e1tex<\/li>\n<li>Com p\u00f3 bioabsorv\u00edvel<\/li>\n<li>Ambidestra<\/li>\n<li>Aprovada pelo Minist\u00e9rio do Trabalho (C.A)<\/li>\n<li>Descart\u00e1vel e de uso \u00fanico<\/li>\n<\/ul>\n<\/div>","protected":false},"excerpt":{"rendered":"<p>Desenvolvida para prote\u00e7\u00e3o de profissionais da sa\u00fade sempre que n\u00e3o houver contato com fluidos org\u00e2nicos.<\/p>","protected":false},"featured_media":2375,"comment_status":"open","ping_status":"closed","template":"","meta":{"_joinchat":[]},"product_brand":[],"product_cat":[29,118],"product_tag":[],"class_list":{"0":"post-2371","1":"product","2":"type-product","3":"status-publish","4":"has-post-thumbnail","6":"product_cat-materiais-de-consumo","7":"product_cat-ofertas","9":"first","10":"instock","11":"shipping-taxable","12":"purchasable","13":"product-type-variable"},"_links":{"self":[{"href":"https:\/\/www.medideal.com.br\/en\/wp-json\/wp\/v2\/product\/2371","targetHints":{"allow":["GET"]}}],"collection":[{"href":"https:\/\/www.medideal.com.br\/en\/wp-json\/wp\/v2\/product"}],"about":[{"href":"https:\/\/www.medideal.com.br\/en\/wp-json\/wp\/v2\/types\/product"}],"replies":[{"embeddable":true,"href":"https:\/\/www.medideal.com.br\/en\/wp-json\/wp\/v2\/comments?post=2371"}],"wp:featuredmedia":[{"embeddable":true,"href":"https:\/\/www.medideal.com.br\/en\/wp-json\/wp\/v2\/media\/2375"}],"wp:attachment":[{"href":"https:\/\/www.medideal.com.br\/en\/wp-json\/wp\/v2\/media?parent=2371"}],"wp:term":[{"taxonomy":"product_brand","embeddable":true,"href":"https:\/\/www.medideal.com.br\/en\/wp-json\/wp\/v2\/product_brand?post=2371"},{"taxonomy":"product_cat","embeddable":true,"href":"https:\/\/www.medideal.com.br\/en\/wp-json\/wp\/v2\/product_cat?post=2371"},{"taxonomy":"product_tag","embeddable":true,"href":"https:\/\/www.medideal.com.br\/en\/wp-json\/wp\/v2\/product_tag?post=2371"}],"curies":[{"name":"wp","href":"https:\/\/api.w.org\/{rel}","templated":true}]}}