{"id":2368,"date":"2023-11-27T14:22:13","date_gmt":"2023-11-27T17:22:13","guid":{"rendered":"https:\/\/www.medideal.com.br\/?post_type=product&#038;p=2368"},"modified":"2023-11-27T14:22:13","modified_gmt":"2023-11-27T17:22:13","slug":"touca-descartavel-descarpack-pack-c-100-unidades","status":"publish","type":"product","link":"https:\/\/www.medideal.com.br\/en\/touca-descartavel-descarpack-pack-c-100-unidades\/","title":{"rendered":"Touca Descart\u00e1vel Descarpack &#8211; Pack C\/ 100 Unidades"},"content":{"rendered":"<div class=\"fusion-text\">\n<h2 class=\"fusion-responsive-typography-calculated\" data-fontsize=\"40\" data-lineheight=\"40px\">Touca Descart\u00e1vel Descarpack<\/h2>\n<\/div>\n<div class=\"fusion-text\">\n<p>Desenvolvida para evitar a queda de cabelos em ambientes onde exista a necessidade de alta limpeza.<\/p>\n<ul>\n<li>Fabricada em 100% polipropileno<\/li>\n<li>N\u00e3o est\u00e9ril<\/li>\n<li>Com el\u00e1stico revestido, proporcionando melhor veda\u00e7\u00e3o e conforto<\/li>\n<li>Tamanho \u00fanico<\/li>\n<li>Dispon\u00edvel na cor branca<\/li>\n<li>Descart\u00e1vel e de uso \u00fanico<\/li>\n<\/ul>\n<\/div>","protected":false},"excerpt":{"rendered":"<p>Desenvolvida para evitar a queda de cabelos em ambientes onde exista a necessidade de alta limpeza.<\/p>","protected":false},"featured_media":2369,"comment_status":"open","ping_status":"closed","template":"","meta":{"_joinchat":[]},"product_brand":[],"product_cat":[29],"product_tag":[],"class_list":{"0":"post-2368","1":"product","2":"type-product","3":"status-publish","4":"has-post-thumbnail","6":"product_cat-materiais-de-consumo","8":"first","9":"outofstock","10":"shipping-taxable","11":"purchasable","12":"product-type-simple"},"_links":{"self":[{"href":"https:\/\/www.medideal.com.br\/en\/wp-json\/wp\/v2\/product\/2368","targetHints":{"allow":["GET"]}}],"collection":[{"href":"https:\/\/www.medideal.com.br\/en\/wp-json\/wp\/v2\/product"}],"about":[{"href":"https:\/\/www.medideal.com.br\/en\/wp-json\/wp\/v2\/types\/product"}],"replies":[{"embeddable":true,"href":"https:\/\/www.medideal.com.br\/en\/wp-json\/wp\/v2\/comments?post=2368"}],"wp:featuredmedia":[{"embeddable":true,"href":"https:\/\/www.medideal.com.br\/en\/wp-json\/wp\/v2\/media\/2369"}],"wp:attachment":[{"href":"https:\/\/www.medideal.com.br\/en\/wp-json\/wp\/v2\/media?parent=2368"}],"wp:term":[{"taxonomy":"product_brand","embeddable":true,"href":"https:\/\/www.medideal.com.br\/en\/wp-json\/wp\/v2\/product_brand?post=2368"},{"taxonomy":"product_cat","embeddable":true,"href":"https:\/\/www.medideal.com.br\/en\/wp-json\/wp\/v2\/product_cat?post=2368"},{"taxonomy":"product_tag","embeddable":true,"href":"https:\/\/www.medideal.com.br\/en\/wp-json\/wp\/v2\/product_tag?post=2368"}],"curies":[{"name":"wp","href":"https:\/\/api.w.org\/{rel}","templated":true}]}}