{"id":2358,"date":"2023-11-27T12:51:38","date_gmt":"2023-11-27T15:51:38","guid":{"rendered":"https:\/\/www.medideal.com.br\/?post_type=product&#038;p=2358"},"modified":"2024-01-16T15:00:36","modified_gmt":"2024-01-16T18:00:36","slug":"coletor-para-material-perfurocortante-3-l-descarpack-copia","status":"publish","type":"product","link":"https:\/\/www.medideal.com.br\/en\/coletor-para-material-perfurocortante-3-l-descarpack-copia\/","title":{"rendered":"Coletor para Material Perfurocortante 3 L &#8211; Descarpack"},"content":{"rendered":"<div class=\"fusion-text\">\n<h2 class=\"fusion-responsive-typography-calculated\" data-fontsize=\"40\" data-lineheight=\"40px\">Coletor para Material Perfurocortante Descarpack<\/h2>\n<\/div>\n<div class=\"fusion-text\">\n<p>Desenvolvido para atender as precau\u00e7\u00f5es de seguran\u00e7a necess\u00e1rias em ambientes onde s\u00e3o gerados res\u00edduos perfurocortantes infectados atendendo as recomenda\u00e7\u00f5es da RDC 222\/2018 e CONAMA 358.<\/p>\n<ul>\n<li>Fabricado em papel\u00e3o ondulado e refor\u00e7ado internamente com papel\u00e3o couro<\/li>\n<li>Trava de seguran\u00e7a<\/li>\n<li>Desconectador de agulha no modelo 1,5 L<\/li>\n<li>Dispon\u00edvel na cor amarela<\/li>\n<li>Descart\u00e1vel e de uso \u00fanico<\/li>\n<\/ul>\n<p>&nbsp;<\/p>\n<\/div>","protected":false},"excerpt":{"rendered":"<p>Desenvolvido para atender as precau\u00e7\u00f5es de seguran\u00e7a necess\u00e1rias em ambientes onde s\u00e3o gerados res\u00edduos perfurocortantes infectados atendendo as recomenda\u00e7\u00f5es da RDC 222\/2018 e CONAMA 358.<\/p>","protected":false},"featured_media":2359,"comment_status":"open","ping_status":"closed","template":"","meta":{"_joinchat":[]},"product_brand":[],"product_cat":[29],"product_tag":[],"class_list":{"0":"post-2358","1":"product","2":"type-product","3":"status-publish","4":"has-post-thumbnail","6":"product_cat-materiais-de-consumo","8":"first","9":"instock","10":"shipping-taxable","11":"purchasable","12":"product-type-simple"},"_links":{"self":[{"href":"https:\/\/www.medideal.com.br\/en\/wp-json\/wp\/v2\/product\/2358","targetHints":{"allow":["GET"]}}],"collection":[{"href":"https:\/\/www.medideal.com.br\/en\/wp-json\/wp\/v2\/product"}],"about":[{"href":"https:\/\/www.medideal.com.br\/en\/wp-json\/wp\/v2\/types\/product"}],"replies":[{"embeddable":true,"href":"https:\/\/www.medideal.com.br\/en\/wp-json\/wp\/v2\/comments?post=2358"}],"wp:featuredmedia":[{"embeddable":true,"href":"https:\/\/www.medideal.com.br\/en\/wp-json\/wp\/v2\/media\/2359"}],"wp:attachment":[{"href":"https:\/\/www.medideal.com.br\/en\/wp-json\/wp\/v2\/media?parent=2358"}],"wp:term":[{"taxonomy":"product_brand","embeddable":true,"href":"https:\/\/www.medideal.com.br\/en\/wp-json\/wp\/v2\/product_brand?post=2358"},{"taxonomy":"product_cat","embeddable":true,"href":"https:\/\/www.medideal.com.br\/en\/wp-json\/wp\/v2\/product_cat?post=2358"},{"taxonomy":"product_tag","embeddable":true,"href":"https:\/\/www.medideal.com.br\/en\/wp-json\/wp\/v2\/product_tag?post=2358"}],"curies":[{"name":"wp","href":"https:\/\/api.w.org\/{rel}","templated":true}]}}