{"id":2351,"date":"2023-11-27T11:54:51","date_gmt":"2023-11-27T14:54:51","guid":{"rendered":"https:\/\/www.medideal.com.br\/?post_type=product&#038;p=2351"},"modified":"2023-11-27T12:16:51","modified_gmt":"2023-11-27T15:16:51","slug":"agulha-hipodermica-40x120mm-descarpack-caixa-c-100","status":"publish","type":"product","link":"https:\/\/www.medideal.com.br\/en\/agulha-hipodermica-40x120mm-descarpack-caixa-c-100\/","title":{"rendered":"Agulha Hipod\u00e9rmica 40&#215;1,20mm Descarpack &#8211; Caixa C\/100"},"content":{"rendered":"<div class=\"fusion-text\">\n<h2 class=\"fusion-responsive-typography-calculated\" data-fontsize=\"40\" data-lineheight=\"40px\">Agulha Hipod\u00e9rmica Descarpack<\/h2>\n<\/div>\n<div class=\"fusion-text\">\n<p>Utilizadas na aplica\u00e7\u00e3o de solu\u00e7\u00f5es e medicamentos em diferentes vias de administra\u00e7\u00e3o: endovenosa, intramuscular, intrad\u00e9rmica e subcut\u00e2nea. Podem ser utilizadas tamb\u00e9m na coleta de sangue e de outros fluidos corporais.<\/p>\n<ul>\n<li>Fabricada em a\u00e7o inoxid\u00e1vel<\/li>\n<li>Est\u00e9ril<\/li>\n<li>At\u00f3xica e apirog\u00eanica<\/li>\n<li>Canh\u00e3o identificado por cores de acordo com ISO 6009:2016<\/li>\n<li>Permite conex\u00e3o com seringas de bico Luer Slip e Luer Lock<\/li>\n<li>Bisel trifacetado;<\/li>\n<li>Aprovada pelo INMETRO<\/li>\n<li>Descart\u00e1vel e de uso \u00fanico<\/li>\n<\/ul>\n<table class=\"\" width=\"100%\">\n<thead>\n<tr>\n<th align=\"left\">Tamanho<\/th>\n<th align=\"left\">Cor<\/th>\n<th align=\"left\">C\u00f3digo<\/th>\n<th align=\"left\">Quant. Cartucho<\/th>\n<th align=\"left\">Quant. Caixa M\u00e1ster<\/th>\n<\/tr>\n<\/thead>\n<tbody>\n<tr>\n<td align=\"left\">40 x 1,20 mm<\/td>\n<td align=\"left\"><strong><img decoding=\"async\" class=\"size-full wp-image-12863 aligncenter\" src=\"https:\/\/descarpack.com.br\/wp-content\/uploads\/2018\/06\/rosa.jpg\" alt=\"\" width=\"50\" height=\"20\" \/><\/strong><\/td>\n<td align=\"left\">0353601<\/td>\n<td align=\"left\">100 unidades<\/td>\n<td align=\"left\">100 cartuchos<\/td>\n<\/tr>\n<\/tbody>\n<\/table>\n<\/div>","protected":false},"excerpt":{"rendered":"<p>Utilizadas na aplica\u00e7\u00e3o de solu\u00e7\u00f5es e medicamentos em diferentes vias de administra\u00e7\u00e3o: endovenosa, intramuscular, intrad\u00e9rmica e subcut\u00e2nea. Podem ser utilizadas tamb\u00e9m na coleta de sangue e de outros fluidos corporais.<\/p>","protected":false},"featured_media":2340,"comment_status":"open","ping_status":"closed","template":"","meta":{"_joinchat":[]},"product_brand":[],"product_cat":[29],"product_tag":[],"class_list":{"0":"post-2351","1":"product","2":"type-product","3":"status-publish","4":"has-post-thumbnail","6":"product_cat-materiais-de-consumo","8":"first","9":"outofstock","10":"shipping-taxable","11":"purchasable","12":"product-type-simple"},"_links":{"self":[{"href":"https:\/\/www.medideal.com.br\/en\/wp-json\/wp\/v2\/product\/2351","targetHints":{"allow":["GET"]}}],"collection":[{"href":"https:\/\/www.medideal.com.br\/en\/wp-json\/wp\/v2\/product"}],"about":[{"href":"https:\/\/www.medideal.com.br\/en\/wp-json\/wp\/v2\/types\/product"}],"replies":[{"embeddable":true,"href":"https:\/\/www.medideal.com.br\/en\/wp-json\/wp\/v2\/comments?post=2351"}],"wp:featuredmedia":[{"embeddable":true,"href":"https:\/\/www.medideal.com.br\/en\/wp-json\/wp\/v2\/media\/2340"}],"wp:attachment":[{"href":"https:\/\/www.medideal.com.br\/en\/wp-json\/wp\/v2\/media?parent=2351"}],"wp:term":[{"taxonomy":"product_brand","embeddable":true,"href":"https:\/\/www.medideal.com.br\/en\/wp-json\/wp\/v2\/product_brand?post=2351"},{"taxonomy":"product_cat","embeddable":true,"href":"https:\/\/www.medideal.com.br\/en\/wp-json\/wp\/v2\/product_cat?post=2351"},{"taxonomy":"product_tag","embeddable":true,"href":"https:\/\/www.medideal.com.br\/en\/wp-json\/wp\/v2\/product_tag?post=2351"}],"curies":[{"name":"wp","href":"https:\/\/api.w.org\/{rel}","templated":true}]}}