{"id":2227,"date":"2023-11-24T16:37:14","date_gmt":"2023-11-24T19:37:14","guid":{"rendered":"https:\/\/www.medideal.com.br\/?post_type=product&#038;p=2227"},"modified":"2024-01-16T12:42:40","modified_gmt":"2024-01-16T15:42:40","slug":"soft-works-bb65-branco","status":"publish","type":"product","link":"https:\/\/www.medideal.com.br\/en\/soft-works-bb65-branco\/","title":{"rendered":"Soft Works BB65 Branco"},"content":{"rendered":"<p>O Cabedal do Sapato Unisex Soft Works \u00e9 confeccionado em EVA (Etil Vinil Acetato), um material super leve, que permite extremo conforto e alta absor\u00e7\u00e3o de impacto.<\/p>\n<p>PALMILHA \u2013 EVA, com tecido parte superior.<\/p>\n<p>Cont\u00e9m antimicrobiano que atenua o odor nos p\u00e9s.<\/p>\n<div id=\"pu1936421\" class=\"clearfix colelem shared_content\" data-content-guid=\"pu1936421_content\">\n<div id=\"u1936420-4\" class=\"clearfix grpelem shared_content\" data-muse-uid=\"U1936420\" data-muse-type=\"txt_frame\" data-ibe-flags=\"txtStyleSrc\" data-sizepolicy=\"fixed\" data-pintopage=\"page_fixedLeft\" data-content-guid=\"u1936420-4_content\">\n<p>Bactericida \u2013 Cont\u00e9m subst\u00e2ncia\u00a0 Antimicrobiana junto \u00e0\u00a0 formula\u00e7\u00e3o composto EVA\u00a0 confec\u00e7\u00e3o do Cabedal, tecnologia\u00a0 antimicrobiana\u00a0 usada no combate as Bact\u00e9rias\u00a0 Staphylococcus aureus (causadora de infec\u00e7\u00f5es a partir de pequenas feridas) e Escherichia coli (precursora de intoxica\u00e7\u00f5es alimentares em todo o mundo).<\/p>\n<\/div>\n<\/div>\n<div id=\"u2468535-4\" class=\"clearfix colelem shared_content\" data-muse-uid=\"U2468535\" data-muse-type=\"txt_frame\" data-ibe-flags=\"txtStyleSrc\" data-content-guid=\"u2468535-4_content\">\n<p><strong>Devidamente aprovado nos TESTES DE EFIC\u00c1CIA E ATIVIDADE ANTIMICROBIANA em conformidade com a Norma \u201cJIS Z 2801\u201d.<\/strong><\/p>\n<p><strong><span id=\"u1936445\">LIMPEZA<\/span>\u00a0<\/strong>\u2013 Facilmente lav\u00e1vel, poder\u00e1 utilizar \u00e1gua, sab\u00e3o, detergente, etc\u2026<\/p>\n<p><strong><span id=\"u1936445-5\">DESINFEC\u00c7\u00c3O<\/span>\u00a0<\/strong>\u2013 \u00c9 imperme\u00e1vel, sua \u201ccomposi\u00e7\u00e3o\u201d permite utilizar o Hipoclorito de S\u00f3dio (Cloro) em sua forma mais concentrada ou em forma dilu\u00edda, popularmente conhecida como \u00c1gua Sanit\u00e1ria (cloro 2,5%). Ambos s\u00e3o bastante eficientes por seu poder bactericida e baixo custo.<\/p>\n<p><strong><span id=\"u1936445-9\">SECAGEM<\/span>\u00a0<\/strong>\u2013 Por ser imperme\u00e1vel, f\u00e1cil enxuga-lo, simplesmente com pano ou seca-lo \u00e0\u00a0 sombra. N\u00e3o seca-lo ao sol, n\u00e3o colocar em estufas, fornos, atr\u00e1s da geladeira, etc\u2026<\/p>\n<p id=\"u1936445-14\">Usar com meias de algod\u00e3o que absorve o suor dos p\u00e9s, as meias sint\u00e9ticas n\u00e3o proporciona este beneficio.<\/p>\n<p>Fechado na parte superior e traseira, o Sapato Unisex Soft Works atende plenamente as exig\u00eancias da Norma NR-32 da Seguran\u00e7a e Sa\u00fade dos Trabalhadores em Servi\u00e7os de Sa\u00fade.<\/p>\n<p>O Solado \u00e9 composto por uma borracha especial, com Tecnologia Super Grip resistente ao escorregamento em piso cer\u00e2mico com solu\u00e7\u00e3o de detergente e em piso de a\u00e7o com solu\u00e7\u00e3o de glicerol, resistente ao \u00f3leo combust\u00edvel e \u00e0 absor\u00e7\u00e3o de energia na regi\u00e3o do salto (o mais elevado n\u00edvel de teste escorregamento).<\/p>\n<p>FTALATOS \u00e9 uma subst\u00e2ncia qu\u00edmica prejudicial \u00e0 sa\u00fade causando efeitos negativos ao Meio Ambiente e \u00e0 Sa\u00fade Humana. Os ftalatos est\u00e3o associados \u00e0 ocorr\u00eancia\u00a0 de problemas reprodutivos em animais silvestres, em humanos os efeitos podem ser: surgimento de c\u00e2ncer de mama, desregula\u00e7\u00e3o hormonal e diminui\u00e7\u00e3o da fertilidade masculina (redu\u00e7\u00e3o do n\u00famero de espermatozoides).<\/p>\n<p>Fechado na parte superior e traseira, o Sapato Unisex Soft Works atende plenamente as exig\u00eancias da Norma NR-32 da Seguran\u00e7a e Sa\u00fade dos Trabalhadores em Servi\u00e7os de Sa\u00fade.<\/p>\n<\/div>","protected":false},"excerpt":{"rendered":"<p>O Cabedal do Sapato Unisex Soft Works \u00e9 confeccionado em EVA (Etil Vinil Acetato), um material super leve, que permite extremo conforto e alta absor\u00e7\u00e3o de impacto.<\/p>","protected":false},"featured_media":2228,"comment_status":"open","ping_status":"closed","template":"","meta":{"_joinchat":[]},"product_brand":[],"product_cat":[113],"product_tag":[],"class_list":{"0":"post-2227","1":"product","2":"type-product","3":"status-publish","4":"has-post-thumbnail","6":"product_cat-calcados","8":"first","9":"instock","10":"shipping-taxable","11":"purchasable","12":"product-type-variable"},"_links":{"self":[{"href":"https:\/\/www.medideal.com.br\/en\/wp-json\/wp\/v2\/product\/2227","targetHints":{"allow":["GET"]}}],"collection":[{"href":"https:\/\/www.medideal.com.br\/en\/wp-json\/wp\/v2\/product"}],"about":[{"href":"https:\/\/www.medideal.com.br\/en\/wp-json\/wp\/v2\/types\/product"}],"replies":[{"embeddable":true,"href":"https:\/\/www.medideal.com.br\/en\/wp-json\/wp\/v2\/comments?post=2227"}],"wp:featuredmedia":[{"embeddable":true,"href":"https:\/\/www.medideal.com.br\/en\/wp-json\/wp\/v2\/media\/2228"}],"wp:attachment":[{"href":"https:\/\/www.medideal.com.br\/en\/wp-json\/wp\/v2\/media?parent=2227"}],"wp:term":[{"taxonomy":"product_brand","embeddable":true,"href":"https:\/\/www.medideal.com.br\/en\/wp-json\/wp\/v2\/product_brand?post=2227"},{"taxonomy":"product_cat","embeddable":true,"href":"https:\/\/www.medideal.com.br\/en\/wp-json\/wp\/v2\/product_cat?post=2227"},{"taxonomy":"product_tag","embeddable":true,"href":"https:\/\/www.medideal.com.br\/en\/wp-json\/wp\/v2\/product_tag?post=2227"}],"curies":[{"name":"wp","href":"https:\/\/api.w.org\/{rel}","templated":true}]}}