{"id":2075,"date":"2023-11-23T15:34:06","date_gmt":"2023-11-23T18:34:06","guid":{"rendered":"https:\/\/www.medideal.com.br\/?post_type=product&#038;p=2075"},"modified":"2024-03-13T12:26:55","modified_gmt":"2024-03-13T15:26:55","slug":"biobela-1650","status":"publish","type":"product","link":"https:\/\/www.medideal.com.br\/en\/biobela-1650\/","title":{"rendered":"Soutien P\u00f3s-Cir\u00fargico C\/ Mangas &#8211; Biobela 1615"},"content":{"rendered":"<p><span style=\"color: #800080\"><b><i>SOUTIEN DUPLO REFOR\u00c7O FECHO FRONTAL MODELO NADADOR\u00a0<\/i><\/b><\/span><\/p>\n<p>INDICADO PARA USO EST\u00c9TICO E\u00a0USO DI\u00c1RIO<\/p>\n<p>INDICADO PARA P\u00d3S CIR\u00daRGICO DE MAMOPLASTIA, MASTOPEXIA E PR\u00d3TESE DE SILICONE<\/p>\n<p>&nbsp;<\/p>\n<p><em><strong>COMPOSI\u00c7\u00c3O<\/strong><\/em><\/p>\n<p>POLIAMIDA: 90,4%<\/p>\n<p>ELASTANO: 9,6%<\/p>\n<p>TECIDO: CETINETE DE ALTA COMPRESS\u00c3O<\/p>\n<p>&nbsp;<\/p>\n<p><em><strong>CUIDADOS<\/strong><\/em><\/p>\n<p>LAVAR COM SAB\u00c3O NEUTRO<\/p>\n<p>N\u00c3O TORCER<\/p>\n<p>SECAR A SOMBRA<\/p>","protected":false},"excerpt":{"rendered":"<p>INDICADO PARA P\u00d3S CIR\u00daRGICO DE MAMOPLASTIA, MASTOPEXIA E PR\u00d3TESE DE SILICONE<\/p>","protected":false},"featured_media":2076,"comment_status":"open","ping_status":"closed","template":"","meta":{"_joinchat":[]},"product_brand":[],"product_cat":[117],"product_tag":[],"class_list":{"0":"post-2075","1":"product","2":"type-product","3":"status-publish","4":"has-post-thumbnail","6":"product_cat-faixa-elastica","8":"first","9":"outofstock","10":"shipping-taxable","11":"purchasable","12":"product-type-variable"},"_links":{"self":[{"href":"https:\/\/www.medideal.com.br\/en\/wp-json\/wp\/v2\/product\/2075","targetHints":{"allow":["GET"]}}],"collection":[{"href":"https:\/\/www.medideal.com.br\/en\/wp-json\/wp\/v2\/product"}],"about":[{"href":"https:\/\/www.medideal.com.br\/en\/wp-json\/wp\/v2\/types\/product"}],"replies":[{"embeddable":true,"href":"https:\/\/www.medideal.com.br\/en\/wp-json\/wp\/v2\/comments?post=2075"}],"wp:featuredmedia":[{"embeddable":true,"href":"https:\/\/www.medideal.com.br\/en\/wp-json\/wp\/v2\/media\/2076"}],"wp:attachment":[{"href":"https:\/\/www.medideal.com.br\/en\/wp-json\/wp\/v2\/media?parent=2075"}],"wp:term":[{"taxonomy":"product_brand","embeddable":true,"href":"https:\/\/www.medideal.com.br\/en\/wp-json\/wp\/v2\/product_brand?post=2075"},{"taxonomy":"product_cat","embeddable":true,"href":"https:\/\/www.medideal.com.br\/en\/wp-json\/wp\/v2\/product_cat?post=2075"},{"taxonomy":"product_tag","embeddable":true,"href":"https:\/\/www.medideal.com.br\/en\/wp-json\/wp\/v2\/product_tag?post=2075"}],"curies":[{"name":"wp","href":"https:\/\/api.w.org\/{rel}","templated":true}]}}