{"id":2054,"date":"2023-11-23T15:19:07","date_gmt":"2023-11-23T18:19:07","guid":{"rendered":"https:\/\/www.medideal.com.br\/?post_type=product&#038;p=2054"},"modified":"2024-03-12T16:41:20","modified_gmt":"2024-03-12T19:41:20","slug":"biobela-1641","status":"publish","type":"product","link":"https:\/\/www.medideal.com.br\/en\/biobela-1641\/","title":{"rendered":"Cinta P\u00f3s-Cir\u00fargica C\/ Short e Manga &#8211; Biobela 1641"},"content":{"rendered":"<p><span style=\"color: #800080\"><b><i>CINTA CIR\u00daRGICA &#8211; MACAQUINHO SHORTS COM FECHO FRONTAL E MANGA<\/i><\/b><\/span><\/p>\n<p>INDICADO PARA USO P\u00d3S CIR\u00daRGICO<\/p>\n<p>AUXILIA NO P\u00d3S OPERAT\u00d3RIO DE LIPO, ABDOMINOPLASTIA, LIPO HD, FLANCOS, INTERNO DE COXA, PR\u00d3TESE DE SILICONE, MAMOPLASTIA E MASTOPEXIA.<\/p>\n<p>A CINTA POSSUI ABERTURA HIGI\u00caNICA<\/p>\n<p>&nbsp;<\/p>\n<p><em><strong>COMPOSI\u00c7\u00c3O<\/strong><\/em><\/p>\n<p>POLIAMIDA: 79 %<\/p>\n<p>ELASTANO: 21 %<\/p>\n<p>TECIDO: POWER JERSEY &#8211;\u00a0M\u00c9DIA COMPRESS\u00c3O<\/p>\n<p>&nbsp;<\/p>\n<p><em><strong>CUIDADOS<\/strong><\/em><\/p>\n<p>LAVAR COM SAB\u00c3O NEUTRO<\/p>\n<p>N\u00c3O TORCER<\/p>\n<p>SECAR A SOMBRA<\/p>","protected":false},"excerpt":{"rendered":"<p>AUXILIA NO P\u00d3S OPERAT\u00d3RIO DE LIPO, ABDOMINOPLASTIA, LIPO HD, FLANCOS, INTERNO DE COXA, PR\u00d3TESE DE SILICONE, MAMOPLASTIA E MASTOPEXIA.<\/p>","protected":false},"featured_media":2055,"comment_status":"closed","ping_status":"closed","template":"","meta":{"_joinchat":[]},"product_brand":[],"product_cat":[117],"product_tag":[],"class_list":{"0":"post-2054","1":"product","2":"type-product","3":"status-publish","4":"has-post-thumbnail","6":"product_cat-faixa-elastica","8":"first","9":"instock","10":"shipping-taxable","11":"purchasable","12":"product-type-variable"},"_links":{"self":[{"href":"https:\/\/www.medideal.com.br\/en\/wp-json\/wp\/v2\/product\/2054","targetHints":{"allow":["GET"]}}],"collection":[{"href":"https:\/\/www.medideal.com.br\/en\/wp-json\/wp\/v2\/product"}],"about":[{"href":"https:\/\/www.medideal.com.br\/en\/wp-json\/wp\/v2\/types\/product"}],"replies":[{"embeddable":true,"href":"https:\/\/www.medideal.com.br\/en\/wp-json\/wp\/v2\/comments?post=2054"}],"wp:featuredmedia":[{"embeddable":true,"href":"https:\/\/www.medideal.com.br\/en\/wp-json\/wp\/v2\/media\/2055"}],"wp:attachment":[{"href":"https:\/\/www.medideal.com.br\/en\/wp-json\/wp\/v2\/media?parent=2054"}],"wp:term":[{"taxonomy":"product_brand","embeddable":true,"href":"https:\/\/www.medideal.com.br\/en\/wp-json\/wp\/v2\/product_brand?post=2054"},{"taxonomy":"product_cat","embeddable":true,"href":"https:\/\/www.medideal.com.br\/en\/wp-json\/wp\/v2\/product_cat?post=2054"},{"taxonomy":"product_tag","embeddable":true,"href":"https:\/\/www.medideal.com.br\/en\/wp-json\/wp\/v2\/product_tag?post=2054"}],"curies":[{"name":"wp","href":"https:\/\/api.w.org\/{rel}","templated":true}]}}