{"id":2024,"date":"2023-11-23T14:59:16","date_gmt":"2023-11-23T17:59:16","guid":{"rendered":"https:\/\/www.medideal.com.br\/?post_type=product&#038;p=2024"},"modified":"2024-03-13T13:10:06","modified_gmt":"2024-03-13T16:10:06","slug":"biobela-1619-2","status":"publish","type":"product","link":"https:\/\/www.medideal.com.br\/en\/biobela-1619-2\/","title":{"rendered":"Soutien P\u00f3s-Cir\u00fargico C\/ Mangas &#8211; Biobela 1615"},"content":{"rendered":"<p><strong>SOUTIEN REFOR\u00c7ADP COM MANGAS P\u00d3S CIR\u00daRGICO<\/strong><\/p>\n<p>&nbsp;<\/p>\n<p><strong>INDICADO PARA USO DI\u00c1RIO, P\u00d3S CIR\u00daRGICO, PR\u00d3TESE DE SILICONE E MAMOPLASTIA<\/strong><\/p>\n<p>&nbsp;<\/p>\n<p><strong><em>COMPOSI\u00c7\u00c3O<\/em><\/strong><\/p>\n<p><strong>POLIAMIDA: 90,4%<\/strong><\/p>\n<p><strong>ELASTANO: 9,6%<\/strong><\/p>\n<p><strong>TECIDO: CETINETE DE ALTA COMPRESS\u00c3O<\/strong><\/p>\n<p>&nbsp;<\/p>\n<p><strong><em>CUIDADOS<\/em><\/strong><\/p>\n<p><strong>LAVAR COM SAB\u00c3O NEUTRO<\/strong><\/p>\n<p><strong>N\u00c3O TORCER<\/strong><\/p>\n<p><strong>SECAR A SOMBRA<\/strong><\/p>","protected":false},"excerpt":{"rendered":"<p><strong>INDICADO PARA USO DI\u00c1RIO, P\u00d3S CIR\u00daRGICO, PR\u00d3TESE DE SILICONE E MAMOPLASTIA<\/strong><\/p>","protected":false},"featured_media":2031,"comment_status":"open","ping_status":"closed","template":"","meta":{"_joinchat":[]},"product_brand":[],"product_cat":[117],"product_tag":[],"class_list":{"0":"post-2024","1":"product","2":"type-product","3":"status-publish","4":"has-post-thumbnail","6":"product_cat-faixa-elastica","8":"first","9":"instock","10":"shipping-taxable","11":"purchasable","12":"product-type-variable"},"_links":{"self":[{"href":"https:\/\/www.medideal.com.br\/en\/wp-json\/wp\/v2\/product\/2024","targetHints":{"allow":["GET"]}}],"collection":[{"href":"https:\/\/www.medideal.com.br\/en\/wp-json\/wp\/v2\/product"}],"about":[{"href":"https:\/\/www.medideal.com.br\/en\/wp-json\/wp\/v2\/types\/product"}],"replies":[{"embeddable":true,"href":"https:\/\/www.medideal.com.br\/en\/wp-json\/wp\/v2\/comments?post=2024"}],"wp:featuredmedia":[{"embeddable":true,"href":"https:\/\/www.medideal.com.br\/en\/wp-json\/wp\/v2\/media\/2031"}],"wp:attachment":[{"href":"https:\/\/www.medideal.com.br\/en\/wp-json\/wp\/v2\/media?parent=2024"}],"wp:term":[{"taxonomy":"product_brand","embeddable":true,"href":"https:\/\/www.medideal.com.br\/en\/wp-json\/wp\/v2\/product_brand?post=2024"},{"taxonomy":"product_cat","embeddable":true,"href":"https:\/\/www.medideal.com.br\/en\/wp-json\/wp\/v2\/product_cat?post=2024"},{"taxonomy":"product_tag","embeddable":true,"href":"https:\/\/www.medideal.com.br\/en\/wp-json\/wp\/v2\/product_tag?post=2024"}],"curies":[{"name":"wp","href":"https:\/\/api.w.org\/{rel}","templated":true}]}}