{"id":2019,"date":"2023-11-23T14:48:02","date_gmt":"2023-11-23T17:48:02","guid":{"rendered":"https:\/\/www.medideal.com.br\/?post_type=product&#038;p=2019"},"modified":"2024-03-13T12:54:58","modified_gmt":"2024-03-13T15:54:58","slug":"biobela-1639","status":"publish","type":"product","link":"https:\/\/www.medideal.com.br\/en\/biobela-1639\/","title":{"rendered":"M\u00e1scara Mentoneira &#8211; Biobela 1639"},"content":{"rendered":"<p>NDICA\u00c7\u00c3O DE USO:<br \/>\nMentoplastia, lipoaspira\u00e7\u00e3o de mento e mini lifting<\/p>\n<p><strong>MEDIDAS:<\/strong><\/p>\n<p><strong>PP\/P:\u00a0 62cm (c)<\/strong><\/p>\n<p><strong>M\/G:\u00a0 68cm (c)<\/strong><\/p>\n<p>Cinta Mentoneira para Cirurgia de Papada<\/p>\n<p>COMPOSI\u00c7\u00c3O:<br \/>\npoliamida: 90,4%<br \/>\nelastano: 9,6%<\/p>\n<p>CUIDADOS<br \/>\nLavar com sab\u00e3o neutro<br \/>\nN\u00e3o torcer<br \/>\nSecar \u00e0 sombra<br \/>\nAp\u00f3s secar, colocar na geladeira por 30 minutos na pr\u00f3pria embalagem.<br \/>\nAjustar, conforme orienta\u00e7\u00e3o m\u00e9dica.<\/p>","protected":false},"excerpt":{"rendered":"<p>Mentoplastia, lipoaspira\u00e7\u00e3o de mento e mini lifting<\/p>","protected":false},"featured_media":2020,"comment_status":"open","ping_status":"closed","template":"","meta":{"_joinchat":[]},"product_brand":[],"product_cat":[117,25],"product_tag":[],"class_list":{"0":"post-2019","1":"product","2":"type-product","3":"status-publish","4":"has-post-thumbnail","6":"product_cat-faixa-elastica","7":"product_cat-ortopedia","9":"first","10":"instock","11":"shipping-taxable","12":"purchasable","13":"product-type-variable"},"_links":{"self":[{"href":"https:\/\/www.medideal.com.br\/en\/wp-json\/wp\/v2\/product\/2019","targetHints":{"allow":["GET"]}}],"collection":[{"href":"https:\/\/www.medideal.com.br\/en\/wp-json\/wp\/v2\/product"}],"about":[{"href":"https:\/\/www.medideal.com.br\/en\/wp-json\/wp\/v2\/types\/product"}],"replies":[{"embeddable":true,"href":"https:\/\/www.medideal.com.br\/en\/wp-json\/wp\/v2\/comments?post=2019"}],"wp:featuredmedia":[{"embeddable":true,"href":"https:\/\/www.medideal.com.br\/en\/wp-json\/wp\/v2\/media\/2020"}],"wp:attachment":[{"href":"https:\/\/www.medideal.com.br\/en\/wp-json\/wp\/v2\/media?parent=2019"}],"wp:term":[{"taxonomy":"product_brand","embeddable":true,"href":"https:\/\/www.medideal.com.br\/en\/wp-json\/wp\/v2\/product_brand?post=2019"},{"taxonomy":"product_cat","embeddable":true,"href":"https:\/\/www.medideal.com.br\/en\/wp-json\/wp\/v2\/product_cat?post=2019"},{"taxonomy":"product_tag","embeddable":true,"href":"https:\/\/www.medideal.com.br\/en\/wp-json\/wp\/v2\/product_tag?post=2019"}],"curies":[{"name":"wp","href":"https:\/\/api.w.org\/{rel}","templated":true}]}}