{"id":2010,"date":"2023-11-23T13:05:22","date_gmt":"2023-11-23T16:05:22","guid":{"rendered":"https:\/\/www.medideal.com.br\/?post_type=product&#038;p=2010"},"modified":"2024-03-13T12:54:12","modified_gmt":"2024-03-13T15:54:12","slug":"biobela-1637","status":"publish","type":"product","link":"https:\/\/www.medideal.com.br\/en\/biobela-1637\/","title":{"rendered":"Mentoneira &#8211; Biobela 1637"},"content":{"rendered":"<p><span class=\"sc-kpDqfm qhIEo\" data-testid=\"product-detail-title\">Faixa Mentoneira 1637 P Biobela<\/span><\/p>\n<div class=\"sc-fqkvVR heuZyN sc-dnvZjJ dtJjfe\" data-testid=\"product-detail-description\">\n<div class=\"sc-fqkvVR hlqElk sc-jcdlHQ cxsdMT\" data-testid=\"rich-content-container\">\n<p>A Faixa Mentoneira P Biobela \u00e9 indicada para mentoplastia e lipoaspira\u00e7\u00e3o de mento.<\/p>\n<p><strong>Composi\u00e7\u00e3o da Faixa Mentoneira Biobela:<\/strong><\/p>\n<ul>\n<li>poliamida: 90,4%<\/li>\n<li>elastano: 9,6%<\/li>\n<\/ul>\n<p><strong>Cuidados e Precau\u00e7\u00f5es com a Faixa Mentoneira 1637 Biobela:<\/strong><\/p>\n<ul>\n<li>Lavar com sab\u00e3o neutro<\/li>\n<li>N\u00e3o torcer<\/li>\n<li>Secar \u00e0 sombra<\/li>\n<li>Ap\u00f3s secar, colocar na geladeira por 30 minutos na pr\u00f3pria embalagem.<\/li>\n<li>Ajustar, conforme orienta\u00e7\u00e3o m\u00e9dica.<\/li>\n<\/ul>\n<\/div>\n<\/div>","protected":false},"excerpt":{"rendered":"<p>A Faixa Mentoneira P Biobela \u00e9 indicada para mentoplastia e lipoaspira\u00e7\u00e3o de mento.<\/p>","protected":false},"featured_media":2017,"comment_status":"open","ping_status":"closed","template":"","meta":{"_joinchat":[]},"product_brand":[],"product_cat":[117,25],"product_tag":[],"class_list":{"0":"post-2010","1":"product","2":"type-product","3":"status-publish","4":"has-post-thumbnail","6":"product_cat-faixa-elastica","7":"product_cat-ortopedia","9":"first","10":"instock","11":"shipping-taxable","12":"purchasable","13":"product-type-variable"},"_links":{"self":[{"href":"https:\/\/www.medideal.com.br\/en\/wp-json\/wp\/v2\/product\/2010","targetHints":{"allow":["GET"]}}],"collection":[{"href":"https:\/\/www.medideal.com.br\/en\/wp-json\/wp\/v2\/product"}],"about":[{"href":"https:\/\/www.medideal.com.br\/en\/wp-json\/wp\/v2\/types\/product"}],"replies":[{"embeddable":true,"href":"https:\/\/www.medideal.com.br\/en\/wp-json\/wp\/v2\/comments?post=2010"}],"wp:featuredmedia":[{"embeddable":true,"href":"https:\/\/www.medideal.com.br\/en\/wp-json\/wp\/v2\/media\/2017"}],"wp:attachment":[{"href":"https:\/\/www.medideal.com.br\/en\/wp-json\/wp\/v2\/media?parent=2010"}],"wp:term":[{"taxonomy":"product_brand","embeddable":true,"href":"https:\/\/www.medideal.com.br\/en\/wp-json\/wp\/v2\/product_brand?post=2010"},{"taxonomy":"product_cat","embeddable":true,"href":"https:\/\/www.medideal.com.br\/en\/wp-json\/wp\/v2\/product_cat?post=2010"},{"taxonomy":"product_tag","embeddable":true,"href":"https:\/\/www.medideal.com.br\/en\/wp-json\/wp\/v2\/product_tag?post=2010"}],"curies":[{"name":"wp","href":"https:\/\/api.w.org\/{rel}","templated":true}]}}