{"id":1984,"date":"2023-11-23T12:33:37","date_gmt":"2023-11-23T15:33:37","guid":{"rendered":"https:\/\/www.medideal.com.br\/?post_type=product&#038;p=1984"},"modified":"2024-03-13T12:23:24","modified_gmt":"2024-03-13T15:23:24","slug":"biobela-1630","status":"publish","type":"product","link":"https:\/\/www.medideal.com.br\/en\/biobela-1630\/","title":{"rendered":"Soutien P\u00f3s-Cir\u00fargico Regata &#8211; Biobela 1630"},"content":{"rendered":"<p><em><strong>DESCRI\u00c7\u00c3O<\/strong><\/em><\/p>\n<p><span style=\"color: #800080\"><b><i>SOUTIEN COM REFOR\u00c7O E FECHO FRONTAL<\/i><\/b><\/span><\/p>\n<p>INDICADO PARA O USO P\u00d3S CIR\u00daRGICO<\/p>\n<p>IDEAL PARA CIRURGIA DE MAMOPLASTIA, MASTOPEXIA E PR\u00d3TESE DE SILICONE<\/p>\n<p>&nbsp;<\/p>\n<p><em><strong>COMPOSI\u00c7\u00c3O<\/strong><\/em><\/p>\n<p>POLIAMIDA: 79 %<\/p>\n<p>ELASTANO: 21 %<\/p>\n<p>TECIDO: POWER JERSEY &#8211;\u00a0M\u00c9DIA COMPRESS\u00c3O<\/p>\n<p>&nbsp;<\/p>\n<p><em><strong>CUIDADOS<\/strong><\/em><\/p>\n<p>LAVAR COM SAB\u00c3O NEUTRO<\/p>\n<p>N\u00c3O TORCER<\/p>\n<p>SECAR A SOMBRA<\/p>","protected":false},"excerpt":{"rendered":"<p>IDEAL PARA CIRURGIA DE MAMOPLASTIA, MASTOPEXIA E PR\u00d3TESE DE SILICONE<\/p>","protected":false},"featured_media":1985,"comment_status":"open","ping_status":"closed","template":"","meta":{"_joinchat":[]},"product_brand":[],"product_cat":[117],"product_tag":[],"class_list":{"0":"post-1984","1":"product","2":"type-product","3":"status-publish","4":"has-post-thumbnail","6":"product_cat-faixa-elastica","8":"first","9":"instock","10":"shipping-taxable","11":"purchasable","12":"product-type-variable"},"_links":{"self":[{"href":"https:\/\/www.medideal.com.br\/en\/wp-json\/wp\/v2\/product\/1984","targetHints":{"allow":["GET"]}}],"collection":[{"href":"https:\/\/www.medideal.com.br\/en\/wp-json\/wp\/v2\/product"}],"about":[{"href":"https:\/\/www.medideal.com.br\/en\/wp-json\/wp\/v2\/types\/product"}],"replies":[{"embeddable":true,"href":"https:\/\/www.medideal.com.br\/en\/wp-json\/wp\/v2\/comments?post=1984"}],"wp:featuredmedia":[{"embeddable":true,"href":"https:\/\/www.medideal.com.br\/en\/wp-json\/wp\/v2\/media\/1985"}],"wp:attachment":[{"href":"https:\/\/www.medideal.com.br\/en\/wp-json\/wp\/v2\/media?parent=1984"}],"wp:term":[{"taxonomy":"product_brand","embeddable":true,"href":"https:\/\/www.medideal.com.br\/en\/wp-json\/wp\/v2\/product_brand?post=1984"},{"taxonomy":"product_cat","embeddable":true,"href":"https:\/\/www.medideal.com.br\/en\/wp-json\/wp\/v2\/product_cat?post=1984"},{"taxonomy":"product_tag","embeddable":true,"href":"https:\/\/www.medideal.com.br\/en\/wp-json\/wp\/v2\/product_tag?post=1984"}],"curies":[{"name":"wp","href":"https:\/\/api.w.org\/{rel}","templated":true}]}}