{"id":1950,"date":"2023-11-22T17:04:59","date_gmt":"2023-11-22T20:04:59","guid":{"rendered":"https:\/\/www.medideal.com.br\/?post_type=product&#038;p=1950"},"modified":"2024-03-13T12:52:58","modified_gmt":"2024-03-13T15:52:58","slug":"biobela-1610","status":"publish","type":"product","link":"https:\/\/www.medideal.com.br\/en\/biobela-1610\/","title":{"rendered":"Faixa P\u00f3s-Cir\u00fargica P\/ Otoplastia &#8211; Biobela 1610"},"content":{"rendered":"<p><strong>Faixa para orelha<\/strong><\/p>\n<p>Otoplastia.<\/p>\n<p><strong>COMPOSI\u00c7\u00c3O:<\/strong><br \/>\npoliamida: 90,4%<br \/>\nelastano: 9,6%<\/p>\n<p><strong>CUIDADOS<\/strong><br \/>\nLavar com sab\u00e3o neutro<br \/>\nN\u00e3o torcer<br \/>\nSecar \u00e0 sombra<br \/>\nAp\u00f3s secar, colocar na geladeira por 30 minutos na pr\u00f3pria embalagem.<br \/>\nAjustar, conforme orienta\u00e7\u00e3o m\u00e9dica.<\/p>","protected":false},"excerpt":{"rendered":"<p><strong>Faixa para orelha<\/strong><\/p>","protected":false},"featured_media":1951,"comment_status":"open","ping_status":"closed","template":"","meta":{"_joinchat":[]},"product_brand":[],"product_cat":[117],"product_tag":[],"class_list":{"0":"post-1950","1":"product","2":"type-product","3":"status-publish","4":"has-post-thumbnail","6":"product_cat-faixa-elastica","8":"first","9":"instock","10":"shipping-taxable","11":"purchasable","12":"product-type-variable"},"_links":{"self":[{"href":"https:\/\/www.medideal.com.br\/en\/wp-json\/wp\/v2\/product\/1950","targetHints":{"allow":["GET"]}}],"collection":[{"href":"https:\/\/www.medideal.com.br\/en\/wp-json\/wp\/v2\/product"}],"about":[{"href":"https:\/\/www.medideal.com.br\/en\/wp-json\/wp\/v2\/types\/product"}],"replies":[{"embeddable":true,"href":"https:\/\/www.medideal.com.br\/en\/wp-json\/wp\/v2\/comments?post=1950"}],"wp:featuredmedia":[{"embeddable":true,"href":"https:\/\/www.medideal.com.br\/en\/wp-json\/wp\/v2\/media\/1951"}],"wp:attachment":[{"href":"https:\/\/www.medideal.com.br\/en\/wp-json\/wp\/v2\/media?parent=1950"}],"wp:term":[{"taxonomy":"product_brand","embeddable":true,"href":"https:\/\/www.medideal.com.br\/en\/wp-json\/wp\/v2\/product_brand?post=1950"},{"taxonomy":"product_cat","embeddable":true,"href":"https:\/\/www.medideal.com.br\/en\/wp-json\/wp\/v2\/product_cat?post=1950"},{"taxonomy":"product_tag","embeddable":true,"href":"https:\/\/www.medideal.com.br\/en\/wp-json\/wp\/v2\/product_tag?post=1950"}],"curies":[{"name":"wp","href":"https:\/\/api.w.org\/{rel}","templated":true}]}}