{"id":1942,"date":"2023-11-22T17:00:13","date_gmt":"2023-11-22T20:00:13","guid":{"rendered":"https:\/\/www.medideal.com.br\/?post_type=product&#038;p=1942"},"modified":"2024-03-13T12:42:38","modified_gmt":"2024-03-13T15:42:38","slug":"biobela-1609","status":"publish","type":"product","link":"https:\/\/www.medideal.com.br\/en\/biobela-1609\/","title":{"rendered":"Faixa P\u00f3s-Cir\u00fargica P\/ Pr\u00f3tese Silicone &#8211; Biobela 1609"},"content":{"rendered":"<p>INDICADO PARA USO EST\u00c9TICO E\u00a0USO DI\u00c1RIO<\/p>\n<p>INDICADO PARA P\u00d3S CIR\u00daRGICO DE MAMOPLASTIA, MASTOPEXIA E PR\u00d3TESE DE SILICONE<\/p>\n<table border=\"1\" width=\"74%\">\n<tbody>\n<tr>\n<th colspan=\"4\" scope=\"col\">\n<div align=\"center\"><strong><em>Medidas<\/em><\/strong><\/div>\n<\/th>\n<\/tr>\n<tr>\n<td width=\"203\">\n<div align=\"center\"><strong>Tamanho<\/strong><\/div>\n<\/td>\n<td width=\"223\">\n<div align=\"center\"><strong>Veste<\/strong><\/div>\n<\/td>\n<td width=\"215\">\n<div align=\"center\"><strong>Comprimento (cm)<\/strong><\/div>\n<\/td>\n<td width=\"223\">\n<div align=\"center\"><strong>Altura (cm)<\/strong><\/div>\n<\/td>\n<\/tr>\n<tr>\n<td>\n<div align=\"center\">P<\/div>\n<\/td>\n<td>\n<div align=\"center\">PP | P<\/div>\n<\/td>\n<td>\n<div align=\"center\">91<\/div>\n<\/td>\n<td>\n<div align=\"center\">9<\/div>\n<\/td>\n<\/tr>\n<tr>\n<td>\n<div align=\"center\">G<\/div>\n<\/td>\n<td>\n<div align=\"center\">M | G<\/div>\n<\/td>\n<td>\n<div align=\"center\">112<\/div>\n<\/td>\n<td>\n<div align=\"center\">9<\/div>\n<\/td>\n<\/tr>\n<\/tbody>\n<\/table>\n<p>&nbsp;<\/p>\n<p><em><strong>COMPOSI\u00c7\u00c3O<\/strong><\/em><\/p>\n<p>POLIAMIDA: 90,4%<\/p>\n<p>ELASTANO: 9,6%<\/p>\n<p>TECIDO: CETINETE DE ALTA COMPRESS\u00c3O<\/p>\n<p>&nbsp;<\/p>\n<p>&nbsp;<\/p>\n<p><em><strong>CUIDADOS<\/strong><\/em><\/p>\n<p>LAVAR COM SAB\u00c3O NEUTRO<\/p>\n<p>N\u00c3O TORCER<\/p>\n<p>SECAR A SOMBRA<\/p>","protected":false},"excerpt":{"rendered":"<p>INDICADO PARA P\u00d3S CIR\u00daRGICO DE MAMOPLASTIA, MASTOPEXIA E PR\u00d3TESE DE SILICONE<\/p>","protected":false},"featured_media":1943,"comment_status":"open","ping_status":"closed","template":"","meta":{"_joinchat":[]},"product_brand":[],"product_cat":[117],"product_tag":[],"class_list":{"0":"post-1942","1":"product","2":"type-product","3":"status-publish","4":"has-post-thumbnail","6":"product_cat-faixa-elastica","8":"first","9":"instock","10":"shipping-taxable","11":"purchasable","12":"product-type-variable"},"_links":{"self":[{"href":"https:\/\/www.medideal.com.br\/en\/wp-json\/wp\/v2\/product\/1942","targetHints":{"allow":["GET"]}}],"collection":[{"href":"https:\/\/www.medideal.com.br\/en\/wp-json\/wp\/v2\/product"}],"about":[{"href":"https:\/\/www.medideal.com.br\/en\/wp-json\/wp\/v2\/types\/product"}],"replies":[{"embeddable":true,"href":"https:\/\/www.medideal.com.br\/en\/wp-json\/wp\/v2\/comments?post=1942"}],"wp:featuredmedia":[{"embeddable":true,"href":"https:\/\/www.medideal.com.br\/en\/wp-json\/wp\/v2\/media\/1943"}],"wp:attachment":[{"href":"https:\/\/www.medideal.com.br\/en\/wp-json\/wp\/v2\/media?parent=1942"}],"wp:term":[{"taxonomy":"product_brand","embeddable":true,"href":"https:\/\/www.medideal.com.br\/en\/wp-json\/wp\/v2\/product_brand?post=1942"},{"taxonomy":"product_cat","embeddable":true,"href":"https:\/\/www.medideal.com.br\/en\/wp-json\/wp\/v2\/product_cat?post=1942"},{"taxonomy":"product_tag","embeddable":true,"href":"https:\/\/www.medideal.com.br\/en\/wp-json\/wp\/v2\/product_tag?post=1942"}],"curies":[{"name":"wp","href":"https:\/\/api.w.org\/{rel}","templated":true}]}}