{"id":1906,"date":"2023-11-22T11:42:14","date_gmt":"2023-11-22T14:42:14","guid":{"rendered":"https:\/\/www.medideal.com.br\/?post_type=product&#038;p=1906"},"modified":"2024-03-13T10:54:51","modified_gmt":"2024-03-13T13:54:51","slug":"biobela-1611-preto","status":"publish","type":"product","link":"https:\/\/www.medideal.com.br\/en\/biobela-1611-preto\/","title":{"rendered":"Calcinha P\u00f3s-Cir\u00fargica Cintura Alta &#8211; Biobela 1611 Preto"},"content":{"rendered":"<p><em><strong>DESCRI\u00c7\u00c3O<\/strong><\/em><\/p>\n<p><span style=\"color: #800080\"><b><i>CALCINHA MODELADORA<\/i><\/b><\/span><\/p>\n<p>INDICADO PARA USO EST\u00c9TICO E\u00a0USO DI\u00c1RIO<\/p>\n<p>&nbsp;<\/p>\n<p><em><strong>COMPOSI\u00c7\u00c3O<\/strong><\/em><\/p>\n<p>POLIAMIDA: 90,4%<\/p>\n<p>ELASTANO: 9,6%<\/p>\n<p>TECIDO: CETINETE DE ALTA COMPRESS\u00c3O<\/p>\n<p>&nbsp;<\/p>\n<p><em><strong>CUIDADOS<\/strong><\/em><\/p>\n<p>LAVAR COM SAB\u00c3O NEUTRO<\/p>\n<p>N\u00c3O TORCER<\/p>\n<p>SECAR A SOMBRA<\/p>\n<p>&nbsp;<\/p>\n<p>OBS: INCLUI APENAS A CALCINHA<\/p>","protected":false},"excerpt":{"rendered":"<p>DESCRI\u00c7\u00c3O CALCINHA MODELADORA INDICADO PARA USO EST\u00c9TICO E\u00a0USO DI\u00c1RIO &nbsp; COMPOSI\u00c7\u00c3O POLIAMIDA: 90,4% ELASTANO: 9,6% TECIDO: CETINETE DE ALTA COMPRESS\u00c3O &nbsp; CUIDADOS LAVAR COM SAB\u00c3O NEUTRO N\u00c3O TORCER SECAR A SOMBRA &nbsp; OBS: INCLUI APENAS A CALCINHA<\/p>","protected":false},"featured_media":1897,"comment_status":"open","ping_status":"closed","template":"","meta":{"_joinchat":[]},"product_brand":[],"product_cat":[117],"product_tag":[],"class_list":{"0":"post-1906","1":"product","2":"type-product","3":"status-publish","4":"has-post-thumbnail","6":"product_cat-faixa-elastica","8":"first","9":"outofstock","10":"shipping-taxable","11":"purchasable","12":"product-type-variable"},"_links":{"self":[{"href":"https:\/\/www.medideal.com.br\/en\/wp-json\/wp\/v2\/product\/1906","targetHints":{"allow":["GET"]}}],"collection":[{"href":"https:\/\/www.medideal.com.br\/en\/wp-json\/wp\/v2\/product"}],"about":[{"href":"https:\/\/www.medideal.com.br\/en\/wp-json\/wp\/v2\/types\/product"}],"replies":[{"embeddable":true,"href":"https:\/\/www.medideal.com.br\/en\/wp-json\/wp\/v2\/comments?post=1906"}],"wp:featuredmedia":[{"embeddable":true,"href":"https:\/\/www.medideal.com.br\/en\/wp-json\/wp\/v2\/media\/1897"}],"wp:attachment":[{"href":"https:\/\/www.medideal.com.br\/en\/wp-json\/wp\/v2\/media?parent=1906"}],"wp:term":[{"taxonomy":"product_brand","embeddable":true,"href":"https:\/\/www.medideal.com.br\/en\/wp-json\/wp\/v2\/product_brand?post=1906"},{"taxonomy":"product_cat","embeddable":true,"href":"https:\/\/www.medideal.com.br\/en\/wp-json\/wp\/v2\/product_cat?post=1906"},{"taxonomy":"product_tag","embeddable":true,"href":"https:\/\/www.medideal.com.br\/en\/wp-json\/wp\/v2\/product_tag?post=1906"}],"curies":[{"name":"wp","href":"https:\/\/api.w.org\/{rel}","templated":true}]}}