{"id":1887,"date":"2023-11-22T11:13:58","date_gmt":"2023-11-22T14:13:58","guid":{"rendered":"https:\/\/www.medideal.com.br\/?post_type=product&#038;p=1887"},"modified":"2024-03-13T09:40:18","modified_gmt":"2024-03-13T12:40:18","slug":"biobela-1681-2","status":"publish","type":"product","link":"https:\/\/www.medideal.com.br\/en\/biobela-1681-2\/","title":{"rendered":"Cinta P\u00f3s-Cir\u00fargica C\/ Al\u00e7a E Short Moldado No Gl\u00fateo \u2013 Biobela 1681"},"content":{"rendered":"<p><em><strong>DESCRI\u00c7\u00c3O<\/strong><\/em><\/p>\n<p><span style=\"color: #800080\"><b><i>CINTA CIR\u00daRGICA &#8211; MACAQUINHO SHORTS MOLDADO NO BUMBUM<\/i><\/b><\/span><\/p>\n<p>INDICADO PARA USO P\u00d3S CIR\u00daRGICO ( MODELO INDICADO PARA PR\u00d3TESE NOS GL\u00daTEOS OU ENXERTOS NA REGI\u00c3O )<\/p>\n<p>AUXILIA NO P\u00d3S OPERAT\u00d3RIO DE LIPO, ABDOMINOPLASTIA, LIPO HD, FLANCOS, INTERNO DE COXA, PR\u00d3TESE DE SILICONE, MAMOPLASTIA E MASTOPEXIA.<\/p>\n<p>A CINTA POSSUI ABERTURA HIGI\u00caNICA<\/p>\n<p>&nbsp;<\/p>\n<p><em><strong>COMPOSI\u00c7\u00c3O<\/strong><\/em><\/p>\n<p>POLIAMIDA: 90,4%<\/p>\n<p>ELASTANO: 9,6%<\/p>\n<p>TECIDO: CETINETE DE ALTA COMPRESS\u00c3O<\/p>\n<p>TECIDO DE LYCRA COM POLIAMIDA NA REGI\u00c3O DOS GL\u00daTEOS<\/p>\n<p>&nbsp;<\/p>\n<p><em><strong>CUIDADOS<\/strong><\/em><\/p>\n<p>LAVAR COM SAB\u00c3O NEUTRO<\/p>\n<p>N\u00c3O TORCER<\/p>\n<p>SECAR A SOMBRA<\/p>","protected":false},"excerpt":{"rendered":"<p>INDICADO PARA USO P\u00d3S CIR\u00daRGICO ( MODELO INDICADO PARA PR\u00d3TESE NOS GL\u00daTEOS OU ENXERTOS NA REGI\u00c3O )<\/p>","protected":false},"featured_media":1888,"comment_status":"open","ping_status":"closed","template":"","meta":{"_joinchat":[]},"product_brand":[],"product_cat":[117],"product_tag":[],"class_list":{"0":"post-1887","1":"product","2":"type-product","3":"status-publish","4":"has-post-thumbnail","6":"product_cat-faixa-elastica","8":"first","9":"instock","10":"shipping-taxable","11":"purchasable","12":"product-type-variable"},"_links":{"self":[{"href":"https:\/\/www.medideal.com.br\/en\/wp-json\/wp\/v2\/product\/1887","targetHints":{"allow":["GET"]}}],"collection":[{"href":"https:\/\/www.medideal.com.br\/en\/wp-json\/wp\/v2\/product"}],"about":[{"href":"https:\/\/www.medideal.com.br\/en\/wp-json\/wp\/v2\/types\/product"}],"replies":[{"embeddable":true,"href":"https:\/\/www.medideal.com.br\/en\/wp-json\/wp\/v2\/comments?post=1887"}],"wp:featuredmedia":[{"embeddable":true,"href":"https:\/\/www.medideal.com.br\/en\/wp-json\/wp\/v2\/media\/1888"}],"wp:attachment":[{"href":"https:\/\/www.medideal.com.br\/en\/wp-json\/wp\/v2\/media?parent=1887"}],"wp:term":[{"taxonomy":"product_brand","embeddable":true,"href":"https:\/\/www.medideal.com.br\/en\/wp-json\/wp\/v2\/product_brand?post=1887"},{"taxonomy":"product_cat","embeddable":true,"href":"https:\/\/www.medideal.com.br\/en\/wp-json\/wp\/v2\/product_cat?post=1887"},{"taxonomy":"product_tag","embeddable":true,"href":"https:\/\/www.medideal.com.br\/en\/wp-json\/wp\/v2\/product_tag?post=1887"}],"curies":[{"name":"wp","href":"https:\/\/api.w.org\/{rel}","templated":true}]}}