{"id":1830,"date":"2023-11-21T14:23:36","date_gmt":"2023-11-21T17:23:36","guid":{"rendered":"https:\/\/www.medideal.com.br\/?post_type=product&#038;p=1830"},"modified":"2024-03-13T12:29:41","modified_gmt":"2024-03-13T15:29:41","slug":"biobela-1651-preto","status":"publish","type":"product","link":"https:\/\/www.medideal.com.br\/en\/biobela-1651-preto\/","title":{"rendered":"Soutien P\u00f3s-Cir\u00fargico Tipo Nadador &#8211; Biobela 1651 Preto"},"content":{"rendered":"<div class=\"produto-descricao\">\n<div class=\"conteiner\">\n<div class=\"row-fluid\">\n<div class=\"abas-custom\">\n<div class=\"tab-content\">\n<div id=\"descricao\" class=\"tab-pane active\">\n<p><em><strong>DESCRI\u00c7\u00c3O<\/strong><\/em><\/p>\n<p><span style=\"color: #800080\"><b><i>SOUTIEN NADADOR\u00a0<\/i><\/b><\/span><\/p>\n<p>INDICADO PARA USO EST\u00c9TICO E\u00a0USO DI\u00c1RIO<\/p>\n<p>INDICADO PARA P\u00d3S CIR\u00daRGICO DE MAMOPLASTIA, MASTOPEXIA E PR\u00d3TESE DE SILICONE<\/p>\n<p>&nbsp;<\/p>\n<p><em><strong>COMPOSI\u00c7\u00c3O<\/strong><\/em><\/p>\n<p>POLIAMIDA: 90,4%<\/p>\n<p>ELASTANO: 9,6%<\/p>\n<p>TECIDO: CETINETE DE ALTA COMPRESS\u00c3O<\/p>\n<p>&nbsp;<\/p>\n<p><em><strong>CUIDADOS<\/strong><\/em><\/p>\n<p>LAVAR COM SAB\u00c3O NEUTRO<\/p>\n<p>N\u00c3O TORCER<\/p>\n<p>SECAR A SOMBRA<\/p>\n<\/div>\n<\/div>\n<\/div>\n<\/div>\n<\/div>\n<\/div>","protected":false},"excerpt":{"rendered":"<p>INDICADO PARA P\u00d3S CIR\u00daRGICO DE MAMOPLASTIA, MASTOPEXIA E PR\u00d3TESE DE SILICONE<\/p>","protected":false},"featured_media":1837,"comment_status":"open","ping_status":"closed","template":"","meta":{"_joinchat":[]},"product_brand":[],"product_cat":[117],"product_tag":[],"class_list":{"0":"post-1830","1":"product","2":"type-product","3":"status-publish","4":"has-post-thumbnail","6":"product_cat-faixa-elastica","8":"first","9":"outofstock","10":"shipping-taxable","11":"purchasable","12":"product-type-variable"},"_links":{"self":[{"href":"https:\/\/www.medideal.com.br\/en\/wp-json\/wp\/v2\/product\/1830","targetHints":{"allow":["GET"]}}],"collection":[{"href":"https:\/\/www.medideal.com.br\/en\/wp-json\/wp\/v2\/product"}],"about":[{"href":"https:\/\/www.medideal.com.br\/en\/wp-json\/wp\/v2\/types\/product"}],"replies":[{"embeddable":true,"href":"https:\/\/www.medideal.com.br\/en\/wp-json\/wp\/v2\/comments?post=1830"}],"wp:featuredmedia":[{"embeddable":true,"href":"https:\/\/www.medideal.com.br\/en\/wp-json\/wp\/v2\/media\/1837"}],"wp:attachment":[{"href":"https:\/\/www.medideal.com.br\/en\/wp-json\/wp\/v2\/media?parent=1830"}],"wp:term":[{"taxonomy":"product_brand","embeddable":true,"href":"https:\/\/www.medideal.com.br\/en\/wp-json\/wp\/v2\/product_brand?post=1830"},{"taxonomy":"product_cat","embeddable":true,"href":"https:\/\/www.medideal.com.br\/en\/wp-json\/wp\/v2\/product_cat?post=1830"},{"taxonomy":"product_tag","embeddable":true,"href":"https:\/\/www.medideal.com.br\/en\/wp-json\/wp\/v2\/product_tag?post=1830"}],"curies":[{"name":"wp","href":"https:\/\/api.w.org\/{rel}","templated":true}]}}