{"id":1786,"date":"2023-11-17T17:02:00","date_gmt":"2023-11-17T20:02:00","guid":{"rendered":"https:\/\/www.medideal.com.br\/?post_type=product&#038;p=1786"},"modified":"2024-03-13T12:50:55","modified_gmt":"2024-03-13T15:50:55","slug":"biobela-1621-preto","status":"publish","type":"product","link":"https:\/\/www.medideal.com.br\/en\/biobela-1621-preto\/","title":{"rendered":"Cinta P\u00f3s-Cir\u00fargica Regata C\/ Short Biobela 1621"},"content":{"rendered":"<p><em><strong>DESCRI\u00c7\u00c3O<\/strong><\/em><\/p>\n<p><span style=\"color: #800080\"><b><i>CINTA P\u00d3S CIR\u00daRGICA &#8211; MACAQUINHO SHORTS COM AL\u00c7A REGATA ( MASCULINO )<\/i><\/b><\/span><\/p>\n<p>INDICADO PARA USO P\u00d3S CIR\u00daRGICO<\/p>\n<p>AUXILIA NO P\u00d3S OPERAT\u00d3RIO DE LIPO, ABDOMINOPLASTIA, LIPO HD, FLANCOS, INTERNO DE COXA.<\/p>\n<p>A CINTA POSSUI ABERTURA HIGI\u00caNICA<\/p>\n<p>&nbsp;<\/p>\n<p><em><strong>COMPOSI\u00c7\u00c3O<\/strong><\/em><\/p>\n<p>POLIAMIDA: 90,4%<\/p>\n<p>ELASTANO: 9,6%<\/p>\n<p>TECIDO: CETINETE DE ALTA COMPRESS\u00c3O<\/p>\n<p>&nbsp;<\/p>\n<p><em><strong>CUIDADOS<\/strong><\/em><\/p>\n<p>LAVAR COM SAB\u00c3O NEUTRO<\/p>\n<p>N\u00c3O TORCER<\/p>\n<p>SECAR A SOMBRA<\/p>","protected":false},"excerpt":{"rendered":"<p>AUXILIA NO P\u00d3S OPERAT\u00d3RIO DE LIPO, ABDOMINOPLASTIA, LIPO HD, FLANCOS, INTERNO DE COXA.<\/p>","protected":false},"featured_media":1792,"comment_status":"open","ping_status":"closed","template":"","meta":{"_joinchat":[]},"product_brand":[],"product_cat":[117],"product_tag":[],"class_list":{"0":"post-1786","1":"product","2":"type-product","3":"status-publish","4":"has-post-thumbnail","6":"product_cat-faixa-elastica","8":"first","9":"outofstock","10":"shipping-taxable","11":"purchasable","12":"product-type-variable"},"_links":{"self":[{"href":"https:\/\/www.medideal.com.br\/en\/wp-json\/wp\/v2\/product\/1786","targetHints":{"allow":["GET"]}}],"collection":[{"href":"https:\/\/www.medideal.com.br\/en\/wp-json\/wp\/v2\/product"}],"about":[{"href":"https:\/\/www.medideal.com.br\/en\/wp-json\/wp\/v2\/types\/product"}],"replies":[{"embeddable":true,"href":"https:\/\/www.medideal.com.br\/en\/wp-json\/wp\/v2\/comments?post=1786"}],"wp:featuredmedia":[{"embeddable":true,"href":"https:\/\/www.medideal.com.br\/en\/wp-json\/wp\/v2\/media\/1792"}],"wp:attachment":[{"href":"https:\/\/www.medideal.com.br\/en\/wp-json\/wp\/v2\/media?parent=1786"}],"wp:term":[{"taxonomy":"product_brand","embeddable":true,"href":"https:\/\/www.medideal.com.br\/en\/wp-json\/wp\/v2\/product_brand?post=1786"},{"taxonomy":"product_cat","embeddable":true,"href":"https:\/\/www.medideal.com.br\/en\/wp-json\/wp\/v2\/product_cat?post=1786"},{"taxonomy":"product_tag","embeddable":true,"href":"https:\/\/www.medideal.com.br\/en\/wp-json\/wp\/v2\/product_tag?post=1786"}],"curies":[{"name":"wp","href":"https:\/\/api.w.org\/{rel}","templated":true}]}}