{"id":1775,"date":"2023-11-17T16:56:42","date_gmt":"2023-11-17T19:56:42","guid":{"rendered":"https:\/\/www.medideal.com.br\/?post_type=product&#038;p=1775"},"modified":"2024-01-15T16:48:56","modified_gmt":"2024-01-15T19:48:56","slug":"placa-lateral-especial-biobela","status":"publish","type":"product","link":"https:\/\/www.medideal.com.br\/en\/placa-lateral-especial-biobela\/","title":{"rendered":"Placa Lateral Especial &#8211; Biobela"},"content":{"rendered":"<p><em><strong>INDICA\u00c7\u00c3O:<\/strong><\/em><\/p>\n<p>Auxilia na recupera\u00e7\u00e3o p\u00f3s cir\u00fargica<\/p>\n<p>Evita forma\u00e7\u00e3o de fibrose no local<\/p>\n<p>&nbsp;<\/p>\n<p>Usar sob a cinta modeladora,\u00a0na regi\u00e3o abdominal<\/p>\n<p>Evita a dobra da cinta, estabilizando e\u00a0protegendo a regi\u00e3o.<\/p>\n<p>&nbsp;<\/p>\n<p><em><strong>PRODUTO REGISTRADO NA ANVISA:\u00a0<\/strong><\/em><em><strong>81878740001<\/strong><\/em><\/p>\n<p>&nbsp;<\/p>\n<p><span style=\"color: #800080\"><b><i>MEDIDAS E ESPECIFICA\u00c7\u00d5ES:<\/i><\/b><\/span><\/p>\n<p>Espuma de 0,4cm<\/p>\n<p>Eva: 0,7cm<\/p>\n<p>30cm (altura) x 11cm (largura)<\/p>\n<p>&nbsp;<\/p>\n<p>cont\u00e9m 1 par na embalagem<\/p>","protected":false},"excerpt":{"rendered":"<p>Auxilia na recupera\u00e7\u00e3o p\u00f3s cir\u00fargica<\/p>","protected":false},"featured_media":1776,"comment_status":"open","ping_status":"closed","template":"","meta":{"_joinchat":[]},"product_brand":[],"product_cat":[25],"product_tag":[],"class_list":{"0":"post-1775","1":"product","2":"type-product","3":"status-publish","4":"has-post-thumbnail","6":"product_cat-ortopedia","8":"first","9":"instock","10":"shipping-taxable","11":"purchasable","12":"product-type-simple"},"_links":{"self":[{"href":"https:\/\/www.medideal.com.br\/en\/wp-json\/wp\/v2\/product\/1775","targetHints":{"allow":["GET"]}}],"collection":[{"href":"https:\/\/www.medideal.com.br\/en\/wp-json\/wp\/v2\/product"}],"about":[{"href":"https:\/\/www.medideal.com.br\/en\/wp-json\/wp\/v2\/types\/product"}],"replies":[{"embeddable":true,"href":"https:\/\/www.medideal.com.br\/en\/wp-json\/wp\/v2\/comments?post=1775"}],"wp:featuredmedia":[{"embeddable":true,"href":"https:\/\/www.medideal.com.br\/en\/wp-json\/wp\/v2\/media\/1776"}],"wp:attachment":[{"href":"https:\/\/www.medideal.com.br\/en\/wp-json\/wp\/v2\/media?parent=1775"}],"wp:term":[{"taxonomy":"product_brand","embeddable":true,"href":"https:\/\/www.medideal.com.br\/en\/wp-json\/wp\/v2\/product_brand?post=1775"},{"taxonomy":"product_cat","embeddable":true,"href":"https:\/\/www.medideal.com.br\/en\/wp-json\/wp\/v2\/product_cat?post=1775"},{"taxonomy":"product_tag","embeddable":true,"href":"https:\/\/www.medideal.com.br\/en\/wp-json\/wp\/v2\/product_tag?post=1775"}],"curies":[{"name":"wp","href":"https:\/\/api.w.org\/{rel}","templated":true}]}}