{"id":1773,"date":"2023-11-17T16:55:58","date_gmt":"2023-11-17T19:55:58","guid":{"rendered":"https:\/\/www.medideal.com.br\/?post_type=product&#038;p=1773"},"modified":"2024-01-15T16:46:33","modified_gmt":"2024-01-15T19:46:33","slug":"placa-abdominal-rigido-biobela","status":"publish","type":"product","link":"https:\/\/www.medideal.com.br\/en\/placa-abdominal-rigido-biobela\/","title":{"rendered":"Placa Abdominal R\u00edgido &#8211; Biobela"},"content":{"rendered":"<p>A placa de prote\u00e7\u00e3o abd\u00f4men \u00e9 indicada para p\u00f3s-cir\u00fargico: lipoaspira\u00e7\u00e3o, abdominoplastia, lipo de abd\u00f4men, ajuda na recupera\u00e7\u00e3o durante o p\u00f3s-operat\u00f3rio.<\/p>\n<p>RECOMENDA\u00c7\u00d5ES:<br \/>\nEvita dobras e ajuda para que n\u00e3o apare\u00e7am marcas na \u00e1rea operada. A placa r\u00edgida para prote\u00e7\u00e3o abdominal deve ser vestida com cuidado, posicionada embaixo da cinta.<\/p>\n<p>MATERIAL:<br \/>\n\u00c9 revestida por poliamida e elastano, material amplamente recomendado para o p\u00f3s-cir\u00fargico. As placas abdominais para p\u00f3s cir\u00fargico podem ser r\u00edgidas ou em espuma e devem ser usadas de acordo com as instru\u00e7\u00f5es do seu m\u00e9dico. A placa de conten\u00e7\u00e3o r\u00edgida tem material mais firme para evitar as dobras.<\/p>\n<p>CUIDADOS:<br \/>\nLavar com sab\u00e3o neutro<br \/>\nN\u00e3o torcer<br \/>\nSecar \u00e0 sombra<\/p>\n<p>Tamb\u00e9m protege a pele evitando que entre em contato com a cinta, especialmente no caso de cintas que n\u00e3o tem prote\u00e7\u00e3o abaixo dos colchetes. A placa de conten\u00e7\u00e3o abdominoplastia em conjunto com a cinta comprime a \u00e1rea operada, evita a forma\u00e7\u00e3o de fibrose e queloide.<\/p>","protected":false},"excerpt":{"rendered":"<p>Auxilia na recupera\u00e7\u00e3o p\u00f3s cir\u00fargica<\/p>","protected":false},"featured_media":3475,"comment_status":"open","ping_status":"closed","template":"","meta":{"_joinchat":[]},"product_brand":[],"product_cat":[25],"product_tag":[],"class_list":{"0":"post-1773","1":"product","2":"type-product","3":"status-publish","4":"has-post-thumbnail","6":"product_cat-ortopedia","8":"first","9":"instock","10":"shipping-taxable","11":"purchasable","12":"product-type-variable"},"_links":{"self":[{"href":"https:\/\/www.medideal.com.br\/en\/wp-json\/wp\/v2\/product\/1773","targetHints":{"allow":["GET"]}}],"collection":[{"href":"https:\/\/www.medideal.com.br\/en\/wp-json\/wp\/v2\/product"}],"about":[{"href":"https:\/\/www.medideal.com.br\/en\/wp-json\/wp\/v2\/types\/product"}],"replies":[{"embeddable":true,"href":"https:\/\/www.medideal.com.br\/en\/wp-json\/wp\/v2\/comments?post=1773"}],"wp:featuredmedia":[{"embeddable":true,"href":"https:\/\/www.medideal.com.br\/en\/wp-json\/wp\/v2\/media\/3475"}],"wp:attachment":[{"href":"https:\/\/www.medideal.com.br\/en\/wp-json\/wp\/v2\/media?parent=1773"}],"wp:term":[{"taxonomy":"product_brand","embeddable":true,"href":"https:\/\/www.medideal.com.br\/en\/wp-json\/wp\/v2\/product_brand?post=1773"},{"taxonomy":"product_cat","embeddable":true,"href":"https:\/\/www.medideal.com.br\/en\/wp-json\/wp\/v2\/product_cat?post=1773"},{"taxonomy":"product_tag","embeddable":true,"href":"https:\/\/www.medideal.com.br\/en\/wp-json\/wp\/v2\/product_tag?post=1773"}],"curies":[{"name":"wp","href":"https:\/\/api.w.org\/{rel}","templated":true}]}}