{"id":1697,"date":"2023-11-14T16:32:00","date_gmt":"2023-11-14T19:32:00","guid":{"rendered":"https:\/\/www.medideal.com.br\/?post_type=product&#038;p=1697"},"modified":"2024-01-15T15:39:05","modified_gmt":"2024-01-15T18:39:05","slug":"joelheira-ajustavel-com-hastes-flexiveis-kestal","status":"publish","type":"product","link":"https:\/\/www.medideal.com.br\/en\/joelheira-ajustavel-com-hastes-flexiveis-kestal\/","title":{"rendered":"Joelheira Ajust\u00e1vel Com Hastes Flex\u00edveis &#8211; Kestal"},"content":{"rendered":"<p>A Joelheira Ajust\u00e1vel com Hastes de A\u00e7o flex\u00edvel Kestal auxilia na prote\u00e7\u00e3o e recupera\u00e7\u00e3o de les\u00f5es no joelho. As quatro molas de a\u00e7o oferecem maior refor\u00e7o e compress\u00e3o, aumentando a seguran\u00e7a e firmeza dos movimentos. Com fechamento duplo em velcro, permite melhor ajuste ao corpo.<\/p>\n<p>Prote\u00e7\u00e3o para instabilidade rotat\u00f3ria. Recupera\u00e7\u00e3o de les\u00f5es ligamentares, entorses e traumas no joelho. Artroses e artrites reumatoides. P\u00f3s-artroscopia. P\u00f3s retirada de gesso, auxiliando na reabilita\u00e7\u00e3o do paciente.<\/p>\n<p><strong>Tamanho:<\/strong><br \/>\n\u00danico | Ajust\u00e1vel.<\/p>\n<p><strong>Composi\u00e7\u00e3o:<\/strong><br \/>\nBorracha de cloropreno revestida com tecido 100% Poliamida.<\/p>\n<p>&nbsp;<\/p>","protected":false},"excerpt":{"rendered":"<p>Prote\u00e7\u00e3o para instabilidade rotat\u00f3ria. Recupera\u00e7\u00e3o de les\u00f5es ligamentares, entorses e traumas no joelho. Artroses e artrites reumatoides. P\u00f3s-artroscopia. P\u00f3s retirada de gesso, auxiliando na reabilita\u00e7\u00e3o do paciente.<\/p>","protected":false},"featured_media":1698,"comment_status":"open","ping_status":"closed","template":"","meta":{"_joinchat":[]},"product_brand":[],"product_cat":[25],"product_tag":[],"class_list":{"0":"post-1697","1":"product","2":"type-product","3":"status-publish","4":"has-post-thumbnail","6":"product_cat-ortopedia","8":"first","9":"outofstock","10":"shipping-taxable","11":"purchasable","12":"product-type-simple"},"_links":{"self":[{"href":"https:\/\/www.medideal.com.br\/en\/wp-json\/wp\/v2\/product\/1697","targetHints":{"allow":["GET"]}}],"collection":[{"href":"https:\/\/www.medideal.com.br\/en\/wp-json\/wp\/v2\/product"}],"about":[{"href":"https:\/\/www.medideal.com.br\/en\/wp-json\/wp\/v2\/types\/product"}],"replies":[{"embeddable":true,"href":"https:\/\/www.medideal.com.br\/en\/wp-json\/wp\/v2\/comments?post=1697"}],"wp:featuredmedia":[{"embeddable":true,"href":"https:\/\/www.medideal.com.br\/en\/wp-json\/wp\/v2\/media\/1698"}],"wp:attachment":[{"href":"https:\/\/www.medideal.com.br\/en\/wp-json\/wp\/v2\/media?parent=1697"}],"wp:term":[{"taxonomy":"product_brand","embeddable":true,"href":"https:\/\/www.medideal.com.br\/en\/wp-json\/wp\/v2\/product_brand?post=1697"},{"taxonomy":"product_cat","embeddable":true,"href":"https:\/\/www.medideal.com.br\/en\/wp-json\/wp\/v2\/product_cat?post=1697"},{"taxonomy":"product_tag","embeddable":true,"href":"https:\/\/www.medideal.com.br\/en\/wp-json\/wp\/v2\/product_tag?post=1697"}],"curies":[{"name":"wp","href":"https:\/\/api.w.org\/{rel}","templated":true}]}}