{"id":1693,"date":"2023-11-14T16:27:45","date_gmt":"2023-11-14T19:27:45","guid":{"rendered":"https:\/\/www.medideal.com.br\/?post_type=product&#038;p=1693"},"modified":"2024-01-15T14:32:02","modified_gmt":"2024-01-15T17:32:02","slug":"sensi-ankle-esquerdo-kestal","status":"publish","type":"product","link":"https:\/\/www.medideal.com.br\/en\/sensi-ankle-esquerdo-kestal\/","title":{"rendered":"Sensi Ankle (Esquerdo) &#8211; Kestal"},"content":{"rendered":"<p>Tenha mais conforto e praticidade na preven\u00e7\u00e3o de les\u00f5es e na recupera\u00e7\u00e3o de entorses e luxa\u00e7\u00f5es: o Sensi Ankle pode ser usado com cal\u00e7ados. Seu corpo em Neoprene e a faixa el\u00e1stica tornam o produto muito f\u00e1cil de vestir e ajustar. Alivie dores e ganhe firmeza no tornozelo em tarefas do dia a dia, ou at\u00e9 mesmo na pr\u00e1tica desportiva. O produto foi desenvolvido para tratar entorses e prevenir les\u00f5es no tornozelo trazendo o m\u00e1ximo resultado, com o m\u00ednimo inc\u00f4modo: ele ajusta-se melhor ao corpo gra\u00e7as \u00e0 sua tala estabilizadora em forma de \u201cU\u201d (contornando a base do p\u00e9) e \u00e0s suas hastes especialmente moldadas para acomodar os mal\u00e9olos ao passo que reduzem o risco de tor\u00e7\u00f5es laterais.<br \/>\nDispon\u00edvel nas op\u00e7\u00f5es direita e esquerda.<\/p>\n<p>Preven\u00e7\u00e3o de entorses, les\u00f5es e luxa\u00e7\u00f5es. Tratamento e recupera\u00e7\u00e3o de tendinite e instabilidade do tornozelo. Reabilita\u00e7\u00e3o de fraturas e dores cr\u00f4nicas. Consulte um especialista.<\/p>\n<p><strong>Tamanhos:<\/strong><br \/>\nCircunfer\u00eancia do tornozelo (cm)<br \/>\n20cm &#8211; 22cm (P)<br \/>\n23cm &#8211; 25cm (M)<br \/>\n26cm &#8211; 28cm (G)<\/p>\n<p><strong>Composi\u00e7\u00e3o:<\/strong><br \/>\n85% SBR 15% Poliamida<br \/>\nTala: 100% Polipropileno<\/p>","protected":false},"excerpt":{"rendered":"<p>Preven\u00e7\u00e3o de entorses, les\u00f5es e luxa\u00e7\u00f5es. Tratamento e recupera\u00e7\u00e3o de tendinite e instabilidade do tornozelo. Reabilita\u00e7\u00e3o de fraturas e dores cr\u00f4nicas. Consulte um especialista.<\/p>","protected":false},"featured_media":1686,"comment_status":"open","ping_status":"closed","template":"","meta":{"_joinchat":[]},"product_brand":[],"product_cat":[25],"product_tag":[],"class_list":{"0":"post-1693","1":"product","2":"type-product","3":"status-publish","4":"has-post-thumbnail","6":"product_cat-ortopedia","8":"first","9":"instock","10":"shipping-taxable","11":"purchasable","12":"product-type-variable"},"_links":{"self":[{"href":"https:\/\/www.medideal.com.br\/en\/wp-json\/wp\/v2\/product\/1693","targetHints":{"allow":["GET"]}}],"collection":[{"href":"https:\/\/www.medideal.com.br\/en\/wp-json\/wp\/v2\/product"}],"about":[{"href":"https:\/\/www.medideal.com.br\/en\/wp-json\/wp\/v2\/types\/product"}],"replies":[{"embeddable":true,"href":"https:\/\/www.medideal.com.br\/en\/wp-json\/wp\/v2\/comments?post=1693"}],"wp:featuredmedia":[{"embeddable":true,"href":"https:\/\/www.medideal.com.br\/en\/wp-json\/wp\/v2\/media\/1686"}],"wp:attachment":[{"href":"https:\/\/www.medideal.com.br\/en\/wp-json\/wp\/v2\/media?parent=1693"}],"wp:term":[{"taxonomy":"product_brand","embeddable":true,"href":"https:\/\/www.medideal.com.br\/en\/wp-json\/wp\/v2\/product_brand?post=1693"},{"taxonomy":"product_cat","embeddable":true,"href":"https:\/\/www.medideal.com.br\/en\/wp-json\/wp\/v2\/product_cat?post=1693"},{"taxonomy":"product_tag","embeddable":true,"href":"https:\/\/www.medideal.com.br\/en\/wp-json\/wp\/v2\/product_tag?post=1693"}],"curies":[{"name":"wp","href":"https:\/\/api.w.org\/{rel}","templated":true}]}}