{"id":1664,"date":"2023-11-14T16:02:24","date_gmt":"2023-11-14T19:02:24","guid":{"rendered":"https:\/\/www.medideal.com.br\/?post_type=product&#038;p=1664"},"modified":"2023-11-14T16:02:26","modified_gmt":"2023-11-14T19:02:26","slug":"munhequeira-ajustavel-kestal","status":"publish","type":"product","link":"https:\/\/www.medideal.com.br\/en\/munhequeira-ajustavel-kestal\/","title":{"rendered":"Munhequeira Ajust\u00e1vel &#8211; Kestal"},"content":{"rendered":"<p>A Munhequeira Ajust\u00e1vel Kestal auxilia na preven\u00e7\u00e3o de entorses no punho. A compress\u00e3o aumenta a estabilidade da articula\u00e7\u00e3o e melhora a circula\u00e7\u00e3o sangu\u00ednea, aliviando dores. Possui compress\u00e3o ajust\u00e1vel que possibilita a utiliza\u00e7\u00e3o do produto em diversas fases do tratamento (pr\u00e9 e p\u00f3s-incha\u00e7o).<\/p>\n<p>Preven\u00e7\u00e3o e tratamento de LER, DORT, pulso aberto e tendinites. Oferece protec\u0327\u00e3o extra durante a pr\u00e1tica de atividades f\u00edsicas.<\/p>\n<p><strong>Tamanho:<\/strong><br \/>\n\u00danico | Ajust\u00e1vel.<\/p>\n<p><strong>Composi\u00e7\u00e3o:<\/strong><br \/>\nBorracha de cloropreno revestida com tecido 100% Poliamida.<\/p>\n<p>&nbsp;<\/p>","protected":false},"excerpt":{"rendered":"<p>Preven\u00e7\u00e3o e tratamento de LER, DORT, pulso aberto e tendinites. Oferece protec\u0327\u00e3o extra durante a pr\u00e1tica de atividades f\u00edsicas.<\/p>","protected":false},"featured_media":1666,"comment_status":"open","ping_status":"closed","template":"","meta":{"_joinchat":[]},"product_brand":[],"product_cat":[25],"product_tag":[],"class_list":{"0":"post-1664","1":"product","2":"type-product","3":"status-publish","4":"has-post-thumbnail","6":"product_cat-ortopedia","8":"first","9":"outofstock","10":"shipping-taxable","11":"purchasable","12":"product-type-simple"},"_links":{"self":[{"href":"https:\/\/www.medideal.com.br\/en\/wp-json\/wp\/v2\/product\/1664","targetHints":{"allow":["GET"]}}],"collection":[{"href":"https:\/\/www.medideal.com.br\/en\/wp-json\/wp\/v2\/product"}],"about":[{"href":"https:\/\/www.medideal.com.br\/en\/wp-json\/wp\/v2\/types\/product"}],"replies":[{"embeddable":true,"href":"https:\/\/www.medideal.com.br\/en\/wp-json\/wp\/v2\/comments?post=1664"}],"wp:featuredmedia":[{"embeddable":true,"href":"https:\/\/www.medideal.com.br\/en\/wp-json\/wp\/v2\/media\/1666"}],"wp:attachment":[{"href":"https:\/\/www.medideal.com.br\/en\/wp-json\/wp\/v2\/media?parent=1664"}],"wp:term":[{"taxonomy":"product_brand","embeddable":true,"href":"https:\/\/www.medideal.com.br\/en\/wp-json\/wp\/v2\/product_brand?post=1664"},{"taxonomy":"product_cat","embeddable":true,"href":"https:\/\/www.medideal.com.br\/en\/wp-json\/wp\/v2\/product_cat?post=1664"},{"taxonomy":"product_tag","embeddable":true,"href":"https:\/\/www.medideal.com.br\/en\/wp-json\/wp\/v2\/product_tag?post=1664"}],"curies":[{"name":"wp","href":"https:\/\/api.w.org\/{rel}","templated":true}]}}