{"id":1660,"date":"2023-11-14T15:35:25","date_gmt":"2023-11-14T18:35:25","guid":{"rendered":"https:\/\/www.medideal.com.br\/?post_type=product&#038;p=1660"},"modified":"2023-11-14T15:35:25","modified_gmt":"2023-11-14T18:35:25","slug":"munhequeira-simples-kestal","status":"publish","type":"product","link":"https:\/\/www.medideal.com.br\/en\/munhequeira-simples-kestal\/","title":{"rendered":"Munhequeira Simples &#8211; Kestal"},"content":{"rendered":"<p>O Protetor de Punho Kestal oferece compress\u00e3o em torno do punho, que melhora a circula\u00e7\u00e3o sangu\u00ednea, aumenta a firmeza do movimento e evita les\u00f5es.<\/p>\n<p>Preven\u00e7\u00e3o e tratamento de LER e DORT e tendinites. Auxilia no al\u00edvio da dor e oferece prote\u00e7\u00e3o extra durante a pr\u00e1tica de atividades f\u00edsicas.<\/p>\n<p><strong>Tamanho:<\/strong><br \/>\n\u00danico | Ajust\u00e1vel.<\/p>\n<p><strong>Composi\u00e7\u00e3o:<\/strong><br \/>\nBorracha de cloropreno revestida com tecido 100% Poliamida.<\/p>","protected":false},"excerpt":{"rendered":"<p>Preven\u00e7\u00e3o e tratamento de LER e DORT e tendinites. Auxilia no al\u00edvio da dor e oferece prote\u00e7\u00e3o extra durante a pr\u00e1tica de atividades f\u00edsicas.<\/p>","protected":false},"featured_media":1661,"comment_status":"open","ping_status":"closed","template":"","meta":{"_joinchat":[]},"product_brand":[],"product_cat":[25],"product_tag":[],"class_list":{"0":"post-1660","1":"product","2":"type-product","3":"status-publish","4":"has-post-thumbnail","6":"product_cat-ortopedia","8":"first","9":"outofstock","10":"shipping-taxable","11":"purchasable","12":"product-type-simple"},"_links":{"self":[{"href":"https:\/\/www.medideal.com.br\/en\/wp-json\/wp\/v2\/product\/1660","targetHints":{"allow":["GET"]}}],"collection":[{"href":"https:\/\/www.medideal.com.br\/en\/wp-json\/wp\/v2\/product"}],"about":[{"href":"https:\/\/www.medideal.com.br\/en\/wp-json\/wp\/v2\/types\/product"}],"replies":[{"embeddable":true,"href":"https:\/\/www.medideal.com.br\/en\/wp-json\/wp\/v2\/comments?post=1660"}],"wp:featuredmedia":[{"embeddable":true,"href":"https:\/\/www.medideal.com.br\/en\/wp-json\/wp\/v2\/media\/1661"}],"wp:attachment":[{"href":"https:\/\/www.medideal.com.br\/en\/wp-json\/wp\/v2\/media?parent=1660"}],"wp:term":[{"taxonomy":"product_brand","embeddable":true,"href":"https:\/\/www.medideal.com.br\/en\/wp-json\/wp\/v2\/product_brand?post=1660"},{"taxonomy":"product_cat","embeddable":true,"href":"https:\/\/www.medideal.com.br\/en\/wp-json\/wp\/v2\/product_cat?post=1660"},{"taxonomy":"product_tag","embeddable":true,"href":"https:\/\/www.medideal.com.br\/en\/wp-json\/wp\/v2\/product_tag?post=1660"}],"curies":[{"name":"wp","href":"https:\/\/api.w.org\/{rel}","templated":true}]}}