{"id":1653,"date":"2023-11-14T15:18:15","date_gmt":"2023-11-14T18:18:15","guid":{"rendered":"https:\/\/www.medideal.com.br\/?post_type=product&#038;p=1653"},"modified":"2023-11-14T15:18:15","modified_gmt":"2023-11-14T18:18:15","slug":"colar-cervical-espuma-kestal","status":"publish","type":"product","link":"https:\/\/www.medideal.com.br\/en\/colar-cervical-espuma-kestal\/","title":{"rendered":"Colar Cervical Espuma &#8211; Kestal"},"content":{"rendered":"<p>O Colar Cervical de Espuma Kestal mant\u00e9m a cervical em posi\u00e7\u00e3o neutra, de forma eficiente, proporcionando leve imobiliza\u00e7\u00e3o na recupera\u00e7\u00e3o de traumatismos. Confeccionado em material leve com refor\u00e7o interno para maior rigidez e durabilidade, possui formato anat\u00f4mico e fecho aderente, que permite o melhor ajuste.<\/p>\n<p>\u00c9 indicado para cuidados especiais em traumatismos, torcicolos, artrites, estabiliza\u00e7\u00e3o da coluna durante o sono, artrose e outras afec\u00e7\u00f5es da coluna cervical.<\/p>\n<p><strong>Tamanhos:<\/strong><br \/>\nCircunfer\u00eancia do pesco\u00e7o<br \/>\n28cm &#8211; 35cm (P)<br \/>\n33cm &#8211; 41cm (M)<br \/>\n39cm &#8211; 48cm (G)<\/p>\n<p><strong>Composi\u00e7\u00e3o:<\/strong><br \/>\nTecido: 100% Algod\u00e3o<br \/>\nEspuma: 70% Poliuretano 30% Polietileno.<\/p>","protected":false},"excerpt":{"rendered":"<p>\u00c9 indicado para cuidados especiais em traumatismos, torcicolos, artrites, estabiliza\u00e7\u00e3o da coluna durante o sono, artrose e outras afec\u00e7\u00f5es da coluna cervical.<\/p>","protected":false},"featured_media":1654,"comment_status":"open","ping_status":"closed","template":"","meta":{"_joinchat":[]},"product_brand":[],"product_cat":[25],"product_tag":[],"class_list":{"0":"post-1653","1":"product","2":"type-product","3":"status-publish","4":"has-post-thumbnail","6":"product_cat-ortopedia","8":"first","9":"outofstock","10":"shipping-taxable","11":"purchasable","12":"product-type-variable"},"_links":{"self":[{"href":"https:\/\/www.medideal.com.br\/en\/wp-json\/wp\/v2\/product\/1653","targetHints":{"allow":["GET"]}}],"collection":[{"href":"https:\/\/www.medideal.com.br\/en\/wp-json\/wp\/v2\/product"}],"about":[{"href":"https:\/\/www.medideal.com.br\/en\/wp-json\/wp\/v2\/types\/product"}],"replies":[{"embeddable":true,"href":"https:\/\/www.medideal.com.br\/en\/wp-json\/wp\/v2\/comments?post=1653"}],"wp:featuredmedia":[{"embeddable":true,"href":"https:\/\/www.medideal.com.br\/en\/wp-json\/wp\/v2\/media\/1654"}],"wp:attachment":[{"href":"https:\/\/www.medideal.com.br\/en\/wp-json\/wp\/v2\/media?parent=1653"}],"wp:term":[{"taxonomy":"product_brand","embeddable":true,"href":"https:\/\/www.medideal.com.br\/en\/wp-json\/wp\/v2\/product_brand?post=1653"},{"taxonomy":"product_cat","embeddable":true,"href":"https:\/\/www.medideal.com.br\/en\/wp-json\/wp\/v2\/product_cat?post=1653"},{"taxonomy":"product_tag","embeddable":true,"href":"https:\/\/www.medideal.com.br\/en\/wp-json\/wp\/v2\/product_tag?post=1653"}],"curies":[{"name":"wp","href":"https:\/\/api.w.org\/{rel}","templated":true}]}}