{"id":1645,"date":"2023-11-14T15:05:47","date_gmt":"2023-11-14T18:05:47","guid":{"rendered":"https:\/\/www.medideal.com.br\/?post_type=product&#038;p=1645"},"modified":"2023-11-14T15:05:47","modified_gmt":"2023-11-14T18:05:47","slug":"bota-imobilizadora-curta-kestal","status":"publish","type":"product","link":"https:\/\/www.medideal.com.br\/en\/bota-imobilizadora-curta-kestal\/","title":{"rendered":"Bota Imobilizadora Curta &#8211; Kestal"},"content":{"rendered":"<p>Que tal contar com inova\u00e7\u00e3o, seguran\u00e7a e design para a sua reabilita\u00e7\u00e3o? Conhe\u00e7a e encante-se com a Exofoot Kestal.<\/p>\n<p>A Exofoot Kestal \u00e9 uma Bota Imobilizadora indicada para o tratamento de les\u00f5es que ocorrem na regi\u00e3o do tornozelo e do p\u00e9. O solado antiderrapante foi projetado para um caminhar sem risco, em situa\u00e7\u00f5es normais. Sua forma levemente arredondada no solado faz com que a marcha seja suave e confort\u00e1vel. Possui fecho aderente que permite a regulagem da press\u00e3o a ser exercida, o que propicia o ajuste mais preciso e confort\u00e1vel.<\/p>\n<p>A Exofoot \u00e9 indicada para a recupera\u00e7\u00e3o de les\u00f5es musculares e articulares em casos como luxa\u00e7\u00f5es, entorses, contus\u00f5es e tendinites e p\u00f3s-operat\u00f3rio. Pode ser usado em substitui\u00e7\u00e3o ao aparelho gessado.<\/p>\n<p><strong>Tamanhos:<\/strong><br \/>\nRefer\u00eancia num\u00e9rica<br \/>\nn\u00b0 34 &#8211; 37 (P)<br \/>\nn\u00b0 38 &#8211; 41 (M)<br \/>\nn\u00b0 42 &#8211; 45 (G)<\/p>\n<p><strong>Composi\u00e7\u00e3o:<\/strong><br \/>\nBase: 100% Poliamida<br \/>\nForro: 70% Espuma de Poliuretano, 30% Poli\u00e9ster<\/p>","protected":false},"excerpt":{"rendered":"<p>A Exofoot \u00e9 indicada para a recupera\u00e7\u00e3o de les\u00f5es musculares e articulares em casos como luxa\u00e7\u00f5es, entorses, contus\u00f5es e tendinites e p\u00f3s-operat\u00f3rio. Pode ser usado em substitui\u00e7\u00e3o ao aparelho gessado.<\/p>","protected":false},"featured_media":1649,"comment_status":"open","ping_status":"closed","template":"","meta":{"_joinchat":[]},"product_brand":[],"product_cat":[25],"product_tag":[],"class_list":{"0":"post-1645","1":"product","2":"type-product","3":"status-publish","4":"has-post-thumbnail","6":"product_cat-ortopedia","8":"first","9":"outofstock","10":"shipping-taxable","11":"purchasable","12":"product-type-variable"},"_links":{"self":[{"href":"https:\/\/www.medideal.com.br\/en\/wp-json\/wp\/v2\/product\/1645","targetHints":{"allow":["GET"]}}],"collection":[{"href":"https:\/\/www.medideal.com.br\/en\/wp-json\/wp\/v2\/product"}],"about":[{"href":"https:\/\/www.medideal.com.br\/en\/wp-json\/wp\/v2\/types\/product"}],"replies":[{"embeddable":true,"href":"https:\/\/www.medideal.com.br\/en\/wp-json\/wp\/v2\/comments?post=1645"}],"wp:featuredmedia":[{"embeddable":true,"href":"https:\/\/www.medideal.com.br\/en\/wp-json\/wp\/v2\/media\/1649"}],"wp:attachment":[{"href":"https:\/\/www.medideal.com.br\/en\/wp-json\/wp\/v2\/media?parent=1645"}],"wp:term":[{"taxonomy":"product_brand","embeddable":true,"href":"https:\/\/www.medideal.com.br\/en\/wp-json\/wp\/v2\/product_brand?post=1645"},{"taxonomy":"product_cat","embeddable":true,"href":"https:\/\/www.medideal.com.br\/en\/wp-json\/wp\/v2\/product_cat?post=1645"},{"taxonomy":"product_tag","embeddable":true,"href":"https:\/\/www.medideal.com.br\/en\/wp-json\/wp\/v2\/product_tag?post=1645"}],"curies":[{"name":"wp","href":"https:\/\/api.w.org\/{rel}","templated":true}]}}