{"id":1627,"date":"2023-11-14T14:53:35","date_gmt":"2023-11-14T17:53:35","guid":{"rendered":"https:\/\/www.medideal.com.br\/?post_type=product&#038;p=1627"},"modified":"2024-01-15T14:23:28","modified_gmt":"2024-01-15T17:23:28","slug":"colete-putti-baixo-kestal","status":"publish","type":"product","link":"https:\/\/www.medideal.com.br\/en\/colete-putti-baixo-kestal\/","title":{"rendered":"Colete Putti Baixo &#8211; Kestal"},"content":{"rendered":"<p>O Colete Putti Baixo Kestal foi anatomicamente desenvolvido para proporcionar estabiliza\u00e7\u00e3o e seguran\u00e7a a coluna lombar durante o tratamento de patologias na coluna vertebral. Elaborado com el\u00e1stico em corpo \u00fanico, que proporciona melhor ajuste, possui 4 hastes em duralum\u00ednio que ser\u00e3o moldadas ao corpo, al\u00e9m de duas hastes flex\u00edveis nas laterais para proporcionar maior conforto ao corpo do paciente.<\/p>\n<p>Indicado para estabiliza\u00e7\u00e3o da coluna lombo-sacra em casos de: h\u00e9rnias de disco, oper\u00e1veis ou n\u00e3o, traumas de coluna, espondilolisteses, fraturas osteopor\u00f3ticas, artroses, lordoses, p\u00f3s-operat\u00f3rio e outros problemas que necessitam de estabiliza\u00e7\u00e3o.<\/p>\n<p><strong>Tamanhos:<\/strong><br \/>\nCircunfer\u00eancia da Cintura<br \/>\n65cm &#8211; 86cm (P)<br \/>\n75cm &#8211; 96cm (M)<br \/>\n85cm &#8211; 106cm (G)<br \/>\n100cm &#8211; 116cm (GG)<\/p>\n<p><strong>Composi\u00e7\u00e3o:<\/strong><br \/>\n70% Poli\u00e9ster<br \/>\n30% Elastodieno<\/p>","protected":false},"excerpt":{"rendered":"<p>Indicado para estabiliza\u00e7\u00e3o da coluna lombo-sacra em casos de: h\u00e9rnias de disco, oper\u00e1veis ou n\u00e3o, traumas de coluna, espondilolisteses, fraturas osteopor\u00f3ticas, artroses, lordoses, p\u00f3s-operat\u00f3rio e outros problemas que necessitam de estabiliza\u00e7\u00e3o.<\/p>","protected":false},"featured_media":1632,"comment_status":"open","ping_status":"closed","template":"","meta":{"_joinchat":[]},"product_brand":[],"product_cat":[25],"product_tag":[],"class_list":{"0":"post-1627","1":"product","2":"type-product","3":"status-publish","4":"has-post-thumbnail","6":"product_cat-ortopedia","8":"first","9":"instock","10":"shipping-taxable","11":"purchasable","12":"product-type-variable"},"_links":{"self":[{"href":"https:\/\/www.medideal.com.br\/en\/wp-json\/wp\/v2\/product\/1627","targetHints":{"allow":["GET"]}}],"collection":[{"href":"https:\/\/www.medideal.com.br\/en\/wp-json\/wp\/v2\/product"}],"about":[{"href":"https:\/\/www.medideal.com.br\/en\/wp-json\/wp\/v2\/types\/product"}],"replies":[{"embeddable":true,"href":"https:\/\/www.medideal.com.br\/en\/wp-json\/wp\/v2\/comments?post=1627"}],"wp:featuredmedia":[{"embeddable":true,"href":"https:\/\/www.medideal.com.br\/en\/wp-json\/wp\/v2\/media\/1632"}],"wp:attachment":[{"href":"https:\/\/www.medideal.com.br\/en\/wp-json\/wp\/v2\/media?parent=1627"}],"wp:term":[{"taxonomy":"product_brand","embeddable":true,"href":"https:\/\/www.medideal.com.br\/en\/wp-json\/wp\/v2\/product_brand?post=1627"},{"taxonomy":"product_cat","embeddable":true,"href":"https:\/\/www.medideal.com.br\/en\/wp-json\/wp\/v2\/product_cat?post=1627"},{"taxonomy":"product_tag","embeddable":true,"href":"https:\/\/www.medideal.com.br\/en\/wp-json\/wp\/v2\/product_tag?post=1627"}],"curies":[{"name":"wp","href":"https:\/\/api.w.org\/{rel}","templated":true}]}}