{"id":1621,"date":"2023-11-14T14:47:45","date_gmt":"2023-11-14T17:47:45","guid":{"rendered":"https:\/\/www.medideal.com.br\/?post_type=product&#038;p=1621"},"modified":"2024-01-15T15:41:10","modified_gmt":"2024-01-15T18:41:10","slug":"tornozeleira-ajustavel-kestal-2","status":"publish","type":"product","link":"https:\/\/www.medideal.com.br\/en\/tornozeleira-ajustavel-kestal-2\/","title":{"rendered":"Tornozeleira El\u00e1stica &#8211; Kestal"},"content":{"rendered":"<p>A Tornozeleira El\u00e1stica Kestal auxilia na preven\u00e7\u00e3o de les\u00f5es durante a pr\u00e1tica esportiva. A compress\u00e3o protege a musculatura e confere mais firmeza aos movimentos.<\/p>\n<p>Preven\u00e7\u00e3o e tratamento de les\u00f5es musculares durante a pr\u00e1tica esportiva. Preven\u00e7\u00e3o de les\u00f5es por esfor\u00e7o repetitivo.<\/p>\n<p><strong>Tamanhos:<\/strong><br \/>\n22cm &#8211; 24cm (P)<br \/>\n24cm &#8211; 26cm (M)<br \/>\n26cm &#8211; 28cm (G)<\/p>\n<p><strong>Composi\u00e7\u00e3o:<\/strong><br \/>\n83% Poli\u00e9ster e 17% Elastodieno.<\/p>","protected":false},"excerpt":{"rendered":"<p>Preven\u00e7\u00e3o e tratamento de les\u00f5es musculares durante a pr\u00e1tica esportiva. Preven\u00e7\u00e3o de les\u00f5es por esfor\u00e7o repetitivo.<\/p>","protected":false},"featured_media":1625,"comment_status":"open","ping_status":"closed","template":"","meta":{"_joinchat":[]},"product_brand":[],"product_cat":[25],"product_tag":[],"class_list":{"0":"post-1621","1":"product","2":"type-product","3":"status-publish","4":"has-post-thumbnail","6":"product_cat-ortopedia","8":"first","9":"outofstock","10":"shipping-taxable","11":"purchasable","12":"product-type-variable"},"_links":{"self":[{"href":"https:\/\/www.medideal.com.br\/en\/wp-json\/wp\/v2\/product\/1621","targetHints":{"allow":["GET"]}}],"collection":[{"href":"https:\/\/www.medideal.com.br\/en\/wp-json\/wp\/v2\/product"}],"about":[{"href":"https:\/\/www.medideal.com.br\/en\/wp-json\/wp\/v2\/types\/product"}],"replies":[{"embeddable":true,"href":"https:\/\/www.medideal.com.br\/en\/wp-json\/wp\/v2\/comments?post=1621"}],"wp:featuredmedia":[{"embeddable":true,"href":"https:\/\/www.medideal.com.br\/en\/wp-json\/wp\/v2\/media\/1625"}],"wp:attachment":[{"href":"https:\/\/www.medideal.com.br\/en\/wp-json\/wp\/v2\/media?parent=1621"}],"wp:term":[{"taxonomy":"product_brand","embeddable":true,"href":"https:\/\/www.medideal.com.br\/en\/wp-json\/wp\/v2\/product_brand?post=1621"},{"taxonomy":"product_cat","embeddable":true,"href":"https:\/\/www.medideal.com.br\/en\/wp-json\/wp\/v2\/product_cat?post=1621"},{"taxonomy":"product_tag","embeddable":true,"href":"https:\/\/www.medideal.com.br\/en\/wp-json\/wp\/v2\/product_tag?post=1621"}],"curies":[{"name":"wp","href":"https:\/\/api.w.org\/{rel}","templated":true}]}}