{"id":1616,"date":"2023-11-14T14:43:44","date_gmt":"2023-11-14T17:43:44","guid":{"rendered":"https:\/\/www.medideal.com.br\/?post_type=product&#038;p=1616"},"modified":"2023-11-14T14:43:44","modified_gmt":"2023-11-14T17:43:44","slug":"tornozeleira-ajustavel-kestal","status":"publish","type":"product","link":"https:\/\/www.medideal.com.br\/en\/tornozeleira-ajustavel-kestal\/","title":{"rendered":"Tornozeleira Ajust\u00e1vel &#8211; Kestal"},"content":{"rendered":"<p>A Tornozeleira Ajust\u00e1vel Kestal \u00e9 a op\u00e7\u00e3o ideal para quem quer evitar entorses e les\u00f5es durante a pr\u00e1tica de atividades f\u00edsicas ou at\u00e9 mesmo no dia a dia. Sua compress\u00e3o ajust\u00e1vel aumenta a estabilidade da articula\u00e7\u00e3o e a firmeza dos movimentos, reduzindo assim os riscos de acidentes indesejados.<\/p>\n<p>O melhor de tudo \u00e9 que por ser ajust\u00e1vel, ela pode ser usada em diversas fases do tratamento, desde a fase inicial at\u00e9 a recupera\u00e7\u00e3o final, ajudando a prevenir e tratar tendinites, tornozelo fraco e dores cr\u00f4nicas. Com ela, voc\u00ea pode se sentir mais seguro(a) para se movimentar e realizar suas atividades sem preocupa\u00e7\u00f5es.<\/p>\n<p>N\u00e3o deixe que entorses e les\u00f5es atrapalhem sua rotina, escolha a Tornozeleira Ajust\u00e1vel Kestal e tenha a seguran\u00e7a que voc\u00ea precisa para continuar fazendo o que gosta. Seja no trabalho, nos esportes ou nas atividades cotidianas, ela \u00e9 a parceira que voc\u00ea precisa para se movimentar com mais confian\u00e7a e qualidade de vida.<\/p>\n<p><strong>Tamanho:<\/strong><br \/>\n\u00danico | Ajust\u00e1vel<\/p>\n<p><strong>Composi\u00e7\u00e3o:<\/strong><br \/>\nBorracha de cloropreno revestida com tecido 100% Poliamida.<\/p>","protected":false},"excerpt":{"rendered":"<p>A Tornozeleira Ajust\u00e1vel Kestal \u00e9 a op\u00e7\u00e3o ideal para quem quer evitar entorses e les\u00f5es durante a pr\u00e1tica de atividades f\u00edsicas ou at\u00e9 mesmo no dia a dia. Sua compress\u00e3o ajust\u00e1vel aumenta a estabilidade da articula\u00e7\u00e3o e a firmeza dos movimentos, reduzindo assim os riscos de acidentes indesejados.<\/p>","protected":false},"featured_media":1617,"comment_status":"open","ping_status":"closed","template":"","meta":{"_joinchat":[]},"product_brand":[],"product_cat":[25],"product_tag":[],"class_list":{"0":"post-1616","1":"product","2":"type-product","3":"status-publish","4":"has-post-thumbnail","6":"product_cat-ortopedia","8":"first","9":"outofstock","10":"shipping-taxable","11":"purchasable","12":"product-type-simple"},"_links":{"self":[{"href":"https:\/\/www.medideal.com.br\/en\/wp-json\/wp\/v2\/product\/1616","targetHints":{"allow":["GET"]}}],"collection":[{"href":"https:\/\/www.medideal.com.br\/en\/wp-json\/wp\/v2\/product"}],"about":[{"href":"https:\/\/www.medideal.com.br\/en\/wp-json\/wp\/v2\/types\/product"}],"replies":[{"embeddable":true,"href":"https:\/\/www.medideal.com.br\/en\/wp-json\/wp\/v2\/comments?post=1616"}],"wp:featuredmedia":[{"embeddable":true,"href":"https:\/\/www.medideal.com.br\/en\/wp-json\/wp\/v2\/media\/1617"}],"wp:attachment":[{"href":"https:\/\/www.medideal.com.br\/en\/wp-json\/wp\/v2\/media?parent=1616"}],"wp:term":[{"taxonomy":"product_brand","embeddable":true,"href":"https:\/\/www.medideal.com.br\/en\/wp-json\/wp\/v2\/product_brand?post=1616"},{"taxonomy":"product_cat","embeddable":true,"href":"https:\/\/www.medideal.com.br\/en\/wp-json\/wp\/v2\/product_cat?post=1616"},{"taxonomy":"product_tag","embeddable":true,"href":"https:\/\/www.medideal.com.br\/en\/wp-json\/wp\/v2\/product_tag?post=1616"}],"curies":[{"name":"wp","href":"https:\/\/api.w.org\/{rel}","templated":true}]}}