{"id":1588,"date":"2023-11-14T14:25:22","date_gmt":"2023-11-14T17:25:22","guid":{"rendered":"https:\/\/www.medideal.com.br\/?post_type=product&#038;p=1588"},"modified":"2023-11-14T14:25:22","modified_gmt":"2023-11-14T17:25:22","slug":"bola-de-pilates-55cm-kestal","status":"publish","type":"product","link":"https:\/\/www.medideal.com.br\/en\/bola-de-pilates-55cm-kestal\/","title":{"rendered":"Bola De Pilates 55CM &#8211; Kestal"},"content":{"rendered":"<p>A Bola de Pilates Kestal \u00e9 ideal para exerc\u00edcios que exijam for\u00e7a, equil\u00edbrio e coordena\u00e7\u00e3o motora. Forte, ela \u00e9 confeccionada em PVC flex\u00edvel, antiderrapante, antiestouro, suportando at\u00e9 300kg. Acompanha uma bomba dupla a\u00e7\u00e3o (infla tanto ao puxar quanto ao empurrar).<\/p>\n<p>Indicada para yoga, pilates, fisioterapia e exerc\u00edcios em geral, promove o fortalecimento dos gl\u00fateos, pernas e abd\u00f4men, possibilitando a pr\u00e1tica de exerc\u00edcios com diferentes graus de intensidade. Consulte um especialista.<\/p>\n<p><strong>Tamanhos:<\/strong><br \/>\n55cm de di\u00e2metro.<\/p>\n<p>Composi\u00e7\u00e3o: PVC<\/p>","protected":false},"excerpt":{"rendered":"<p>Indicada para yoga, pilates, fisioterapia e exerc\u00edcios em geral, promove o fortalecimento dos gl\u00fateos, pernas e abd\u00f4men, possibilitando a pr\u00e1tica de exerc\u00edcios com diferentes graus de intensidade.<\/p>","protected":false},"featured_media":1589,"comment_status":"open","ping_status":"closed","template":"","meta":{"_joinchat":[]},"product_brand":[],"product_cat":[25],"product_tag":[],"class_list":{"0":"post-1588","1":"product","2":"type-product","3":"status-publish","4":"has-post-thumbnail","6":"product_cat-ortopedia","8":"first","9":"outofstock","10":"shipping-taxable","11":"purchasable","12":"product-type-simple"},"_links":{"self":[{"href":"https:\/\/www.medideal.com.br\/en\/wp-json\/wp\/v2\/product\/1588","targetHints":{"allow":["GET"]}}],"collection":[{"href":"https:\/\/www.medideal.com.br\/en\/wp-json\/wp\/v2\/product"}],"about":[{"href":"https:\/\/www.medideal.com.br\/en\/wp-json\/wp\/v2\/types\/product"}],"replies":[{"embeddable":true,"href":"https:\/\/www.medideal.com.br\/en\/wp-json\/wp\/v2\/comments?post=1588"}],"wp:featuredmedia":[{"embeddable":true,"href":"https:\/\/www.medideal.com.br\/en\/wp-json\/wp\/v2\/media\/1589"}],"wp:attachment":[{"href":"https:\/\/www.medideal.com.br\/en\/wp-json\/wp\/v2\/media?parent=1588"}],"wp:term":[{"taxonomy":"product_brand","embeddable":true,"href":"https:\/\/www.medideal.com.br\/en\/wp-json\/wp\/v2\/product_brand?post=1588"},{"taxonomy":"product_cat","embeddable":true,"href":"https:\/\/www.medideal.com.br\/en\/wp-json\/wp\/v2\/product_cat?post=1588"},{"taxonomy":"product_tag","embeddable":true,"href":"https:\/\/www.medideal.com.br\/en\/wp-json\/wp\/v2\/product_tag?post=1588"}],"curies":[{"name":"wp","href":"https:\/\/api.w.org\/{rel}","templated":true}]}}