{"id":1573,"date":"2023-11-14T12:43:39","date_gmt":"2023-11-14T15:43:39","guid":{"rendered":"https:\/\/www.medideal.com.br\/?post_type=product&#038;p=1573"},"modified":"2023-11-14T14:25:48","modified_gmt":"2023-11-14T17:25:48","slug":"faixa-elastica-4-paineis-kestal","status":"publish","type":"product","link":"https:\/\/www.medideal.com.br\/en\/faixa-elastica-4-paineis-kestal\/","title":{"rendered":"Faixa El\u00e1stica 4 Pain\u00e9is &#8211; Kestal"},"content":{"rendered":"<p>A Faixa El\u00e1stica Abdominal Em Gomos Kestal \u00e9 confeccionada em el\u00e1stico macio e resistente para proporcionar conforto e seguran\u00e7a. Auxilia no tratamento de traumatismos musculares e na recupera\u00e7\u00e3o p\u00f3s-cir\u00fargica, contribuindo tamb\u00e9m para a corre\u00e7\u00e3o postural. O fecho aderente permite o ajuste da compress\u00e3o conforme a necessidade, garantindo assim o conforto durante o uso.<\/p>\n<p>Estabiliza\u00e7\u00e3o da coluna lombar, h\u00e9rnias, artroses, afec\u00e7\u00f5es lombares. Uso p\u00f3s-operat\u00f3rio na regi\u00e3o abdominal (lipoaspira\u00e7\u00e3o abdominal, redu\u00e7\u00e3o de est\u00f4mago) auxiliando no combate da flacidez na regi\u00e3o<\/p>\n<p><strong>Altura:<\/strong><\/p>\n<p>30cm<\/p>\n<p><strong>Comprimento:<\/strong><br \/>\n80cm (P) | 100cm (M) | 120 (G) | 140cm (GG)<\/p>\n<p>Composi\u00e7\u00e3o:<br \/>\n79% Poli\u00e9ster, 17% Poliamida e 7% Elastodieno.<\/p>","protected":false},"excerpt":{"rendered":"<p>Estabiliza\u00e7\u00e3o da coluna lombar, h\u00e9rnias, artroses, afec\u00e7\u00f5es lombares. Uso p\u00f3s-operat\u00f3rio na regi\u00e3o abdominal (lipoaspira\u00e7\u00e3o abdominal, redu\u00e7\u00e3o de est\u00f4mago) auxiliando no combate da flacidez na regi\u00e3o<\/p>","protected":false},"featured_media":1578,"comment_status":"open","ping_status":"closed","template":"","meta":{"_joinchat":[]},"product_brand":[],"product_cat":[25],"product_tag":[],"class_list":{"0":"post-1573","1":"product","2":"type-product","3":"status-publish","4":"has-post-thumbnail","6":"product_cat-ortopedia","8":"first","9":"outofstock","10":"shipping-taxable","11":"purchasable","12":"product-type-variable"},"_links":{"self":[{"href":"https:\/\/www.medideal.com.br\/en\/wp-json\/wp\/v2\/product\/1573","targetHints":{"allow":["GET"]}}],"collection":[{"href":"https:\/\/www.medideal.com.br\/en\/wp-json\/wp\/v2\/product"}],"about":[{"href":"https:\/\/www.medideal.com.br\/en\/wp-json\/wp\/v2\/types\/product"}],"replies":[{"embeddable":true,"href":"https:\/\/www.medideal.com.br\/en\/wp-json\/wp\/v2\/comments?post=1573"}],"wp:featuredmedia":[{"embeddable":true,"href":"https:\/\/www.medideal.com.br\/en\/wp-json\/wp\/v2\/media\/1578"}],"wp:attachment":[{"href":"https:\/\/www.medideal.com.br\/en\/wp-json\/wp\/v2\/media?parent=1573"}],"wp:term":[{"taxonomy":"product_brand","embeddable":true,"href":"https:\/\/www.medideal.com.br\/en\/wp-json\/wp\/v2\/product_brand?post=1573"},{"taxonomy":"product_cat","embeddable":true,"href":"https:\/\/www.medideal.com.br\/en\/wp-json\/wp\/v2\/product_cat?post=1573"},{"taxonomy":"product_tag","embeddable":true,"href":"https:\/\/www.medideal.com.br\/en\/wp-json\/wp\/v2\/product_tag?post=1573"}],"curies":[{"name":"wp","href":"https:\/\/api.w.org\/{rel}","templated":true}]}}