{"id":1564,"date":"2023-11-14T12:42:17","date_gmt":"2023-11-14T15:42:17","guid":{"rendered":"https:\/\/www.medideal.com.br\/?post_type=product&#038;p=1564"},"modified":"2024-01-15T12:29:26","modified_gmt":"2024-01-15T15:29:26","slug":"joelheira-lisa-kestal","status":"publish","type":"product","link":"https:\/\/www.medideal.com.br\/en\/joelheira-lisa-kestal\/","title":{"rendered":"Joelheira Lisa &#8211; Kestal"},"content":{"rendered":"<p>A Joelheira Longa Kestal possui corte anat\u00f4mico que confere compress\u00e3o em torno do joelho, aumentando a estabilidade da articula\u00e7\u00e3o e a firmeza nos movimentos. Confeccionada em neoprene, mant\u00e9m a regi\u00e3o aquecida, reduzindo as dores.<\/p>\n<p>Atua na prevenc\u0327\u00e3o e recupera\u00e7\u00e3o de les\u00f5es musculares: contus\u00f5es, entorses, tendinites, condromal\u00e1cia, luxac\u0327\u00f5es e bursites. Uso ortop\u00e9dico ou para a pr\u00e1tica esportiva.<\/p>\n<p><strong>Tamanhos:<\/strong><br \/>\n33cm &#8211; 35cm (PP)<br \/>\n35cm &#8211; 38cm (P)<br \/>\n38cm &#8211; 41cm (M)<br \/>\n41cm &#8211; 44cm (G)<br \/>\n44cm &#8211; 46cm (GG)<\/p>\n<p><strong>Composi\u00e7\u00e3o:<\/strong><br \/>\nBorracha de cloropreno revestida com tecido 100% Poliamida.<\/p>","protected":false},"excerpt":{"rendered":"<p>Atua na prevenc\u0327\u00e3o e recupera\u00e7\u00e3o de les\u00f5es musculares: contus\u00f5es, entorses, tendinites, condromal\u00e1cia, luxac\u0327\u00f5es e bursites. Uso ortop\u00e9dico ou para a pr\u00e1tica esportiva.<\/p>","protected":false},"featured_media":1566,"comment_status":"open","ping_status":"closed","template":"","meta":{"_joinchat":[]},"product_brand":[],"product_cat":[25],"product_tag":[],"class_list":{"0":"post-1564","1":"product","2":"type-product","3":"status-publish","4":"has-post-thumbnail","6":"product_cat-ortopedia","8":"first","9":"instock","10":"shipping-taxable","11":"purchasable","12":"product-type-variable"},"_links":{"self":[{"href":"https:\/\/www.medideal.com.br\/en\/wp-json\/wp\/v2\/product\/1564","targetHints":{"allow":["GET"]}}],"collection":[{"href":"https:\/\/www.medideal.com.br\/en\/wp-json\/wp\/v2\/product"}],"about":[{"href":"https:\/\/www.medideal.com.br\/en\/wp-json\/wp\/v2\/types\/product"}],"replies":[{"embeddable":true,"href":"https:\/\/www.medideal.com.br\/en\/wp-json\/wp\/v2\/comments?post=1564"}],"wp:featuredmedia":[{"embeddable":true,"href":"https:\/\/www.medideal.com.br\/en\/wp-json\/wp\/v2\/media\/1566"}],"wp:attachment":[{"href":"https:\/\/www.medideal.com.br\/en\/wp-json\/wp\/v2\/media?parent=1564"}],"wp:term":[{"taxonomy":"product_brand","embeddable":true,"href":"https:\/\/www.medideal.com.br\/en\/wp-json\/wp\/v2\/product_brand?post=1564"},{"taxonomy":"product_cat","embeddable":true,"href":"https:\/\/www.medideal.com.br\/en\/wp-json\/wp\/v2\/product_cat?post=1564"},{"taxonomy":"product_tag","embeddable":true,"href":"https:\/\/www.medideal.com.br\/en\/wp-json\/wp\/v2\/product_tag?post=1564"}],"curies":[{"name":"wp","href":"https:\/\/api.w.org\/{rel}","templated":true}]}}