{"id":1560,"date":"2023-11-14T11:40:42","date_gmt":"2023-11-14T14:40:42","guid":{"rendered":"https:\/\/www.medideal.com.br\/?post_type=product&#038;p=1560"},"modified":"2024-01-15T12:26:28","modified_gmt":"2024-01-15T15:26:28","slug":"tennis-elbow-ajustavel-kestal","status":"publish","type":"product","link":"https:\/\/www.medideal.com.br\/en\/tennis-elbow-ajustavel-kestal\/","title":{"rendered":"Tennis Elbow Ajust\u00e1vel &#8211; Kestal"},"content":{"rendered":"<p>O Tennis Elbow Ajust\u00e1vel Kestal oferece compress\u00e3o em torno do punho e\/ou cotovelo, que melhora a circula\u00e7\u00e3o sangu\u00ednea, aliviando a tens\u00e3o sobre os m\u00fasculos e tend\u00f5es. Possui faixa ajust\u00e1vel que proporciona melhor compress\u00e3o e ajuste ao corpo<\/p>\n<p>Prevenc\u0327\u00e3o e tratamento de LER, DORT e tendinites na regi\u00e3o cotovelo ou punho. Auxilia no tratamento de dores agudas e cr\u00f4nicas. Oferece protec\u0327\u00e3o extra durante a pr\u00e1tica de atividades f\u00edsicas.<\/p>\n<p><strong>Tamanho:<\/strong><br \/>\n\u00danico | Ajust\u00e1vel.<\/p>\n<p><strong>Composi\u00e7\u00e3o:<\/strong><br \/>\nBorracha de cloropreno revestida com tecido 100% Poliamida.<\/p>","protected":false},"excerpt":{"rendered":"<p>Prevenc\u0327\u00e3o e tratamento de LER, DORT e tendinites na regi\u00e3o cotovelo ou punho. Auxilia no tratamento de dores agudas e cr\u00f4nicas. Oferece protec\u0327\u00e3o extra durante a pr\u00e1tica de atividades f\u00edsicas.<\/p>","protected":false},"featured_media":1562,"comment_status":"open","ping_status":"closed","template":"","meta":{"_joinchat":[]},"product_brand":[],"product_cat":[25],"product_tag":[],"class_list":{"0":"post-1560","1":"product","2":"type-product","3":"status-publish","4":"has-post-thumbnail","6":"product_cat-ortopedia","8":"first","9":"outofstock","10":"shipping-taxable","11":"purchasable","12":"product-type-simple"},"_links":{"self":[{"href":"https:\/\/www.medideal.com.br\/en\/wp-json\/wp\/v2\/product\/1560","targetHints":{"allow":["GET"]}}],"collection":[{"href":"https:\/\/www.medideal.com.br\/en\/wp-json\/wp\/v2\/product"}],"about":[{"href":"https:\/\/www.medideal.com.br\/en\/wp-json\/wp\/v2\/types\/product"}],"replies":[{"embeddable":true,"href":"https:\/\/www.medideal.com.br\/en\/wp-json\/wp\/v2\/comments?post=1560"}],"wp:featuredmedia":[{"embeddable":true,"href":"https:\/\/www.medideal.com.br\/en\/wp-json\/wp\/v2\/media\/1562"}],"wp:attachment":[{"href":"https:\/\/www.medideal.com.br\/en\/wp-json\/wp\/v2\/media?parent=1560"}],"wp:term":[{"taxonomy":"product_brand","embeddable":true,"href":"https:\/\/www.medideal.com.br\/en\/wp-json\/wp\/v2\/product_brand?post=1560"},{"taxonomy":"product_cat","embeddable":true,"href":"https:\/\/www.medideal.com.br\/en\/wp-json\/wp\/v2\/product_cat?post=1560"},{"taxonomy":"product_tag","embeddable":true,"href":"https:\/\/www.medideal.com.br\/en\/wp-json\/wp\/v2\/product_tag?post=1560"}],"curies":[{"name":"wp","href":"https:\/\/api.w.org\/{rel}","templated":true}]}}