{"id":1537,"date":"2023-11-13T17:08:05","date_gmt":"2023-11-13T20:08:05","guid":{"rendered":"https:\/\/www.medideal.com.br\/?post_type=product&#038;p=1537"},"modified":"2024-01-15T12:10:19","modified_gmt":"2024-01-15T15:10:19","slug":"tala-punho-longa-bilateral-kestal","status":"publish","type":"product","link":"https:\/\/www.medideal.com.br\/en\/tala-punho-longa-bilateral-kestal\/","title":{"rendered":"Tala Punho Longa Bilateral &#8211; Kestal"},"content":{"rendered":"<p>A Tala Longa para Punho Kestal pode ser utilizada em ambas as m\u00e3os. A compress\u00e3o \u00e9 ajust\u00e1vel conforme a necessidade e as tiras proporcionam maior firmeza e seguran\u00e7a articular. Desenvolvida para deixar os dedos livres ao mesmo tempo em que oferece sustenta\u00e7\u00e3o e estabiliza\u00e7\u00e3o do punho.<\/p>\n<p>Preven\u00e7\u00e3o e tratamento de LER e DORT em casos de S\u00edndrome de T\u00fanel do Carpo, tendinite e tenossinovite. Reabilitac\u0327\u00e3o de p\u00f3s-fraturas e tor\u00e7\u00f5es de punho e antebra\u00e7o. Al\u00edvio de dor e corre\u00e7\u00e3o de posturas viciosas.<\/p>\n<p><strong>Tamanhos:<\/strong><br \/>\n13cm &#8211; 14cm (PP)<br \/>\n14cm &#8211; 16cm (P)<br \/>\n16cm &#8211; 18cm (M)<br \/>\n18cm &#8211; 20cm (G)<br \/>\n20cm &#8211; 22cm (GG)<\/p>","protected":false},"excerpt":{"rendered":"<p>Preven\u00e7\u00e3o e tratamento de LER e DORT em casos de S\u00edndrome de T\u00fanel do Carpo, tendinite e tenossinovite. Reabilitac\u0327\u00e3o de p\u00f3s-fraturas e tor\u00e7\u00f5es de punho e antebra\u00e7o. Al\u00edvio de dor e corre\u00e7\u00e3o de posturas viciosas.<\/p>","protected":false},"featured_media":1543,"comment_status":"open","ping_status":"closed","template":"","meta":{"_joinchat":[]},"product_brand":[],"product_cat":[25],"product_tag":[],"class_list":{"0":"post-1537","1":"product","2":"type-product","3":"status-publish","4":"has-post-thumbnail","6":"product_cat-ortopedia","8":"first","9":"instock","10":"shipping-taxable","11":"purchasable","12":"product-type-variable"},"_links":{"self":[{"href":"https:\/\/www.medideal.com.br\/en\/wp-json\/wp\/v2\/product\/1537","targetHints":{"allow":["GET"]}}],"collection":[{"href":"https:\/\/www.medideal.com.br\/en\/wp-json\/wp\/v2\/product"}],"about":[{"href":"https:\/\/www.medideal.com.br\/en\/wp-json\/wp\/v2\/types\/product"}],"replies":[{"embeddable":true,"href":"https:\/\/www.medideal.com.br\/en\/wp-json\/wp\/v2\/comments?post=1537"}],"wp:featuredmedia":[{"embeddable":true,"href":"https:\/\/www.medideal.com.br\/en\/wp-json\/wp\/v2\/media\/1543"}],"wp:attachment":[{"href":"https:\/\/www.medideal.com.br\/en\/wp-json\/wp\/v2\/media?parent=1537"}],"wp:term":[{"taxonomy":"product_brand","embeddable":true,"href":"https:\/\/www.medideal.com.br\/en\/wp-json\/wp\/v2\/product_brand?post=1537"},{"taxonomy":"product_cat","embeddable":true,"href":"https:\/\/www.medideal.com.br\/en\/wp-json\/wp\/v2\/product_cat?post=1537"},{"taxonomy":"product_tag","embeddable":true,"href":"https:\/\/www.medideal.com.br\/en\/wp-json\/wp\/v2\/product_tag?post=1537"}],"curies":[{"name":"wp","href":"https:\/\/api.w.org\/{rel}","templated":true}]}}