{"id":1525,"date":"2023-11-13T16:42:55","date_gmt":"2023-11-13T19:42:55","guid":{"rendered":"https:\/\/www.medideal.com.br\/?post_type=product&#038;p=1525"},"modified":"2024-01-15T11:20:42","modified_gmt":"2024-01-15T14:20:42","slug":"mascara-para-dormir-kestal","status":"publish","type":"product","link":"https:\/\/www.medideal.com.br\/en\/mascara-para-dormir-kestal\/","title":{"rendered":"M\u00e1scara Para Dormir &#8211; Kestal"},"content":{"rendered":"<p>A M\u00e1scara para Dormir Kestal proporciona descanso e relaxamento livre de claridade. N\u00e3o deixa marcas de uso no rosto. Possui faixa el\u00e1stica que ajusta a m\u00e1scara de maneira confort\u00e1vel.<\/p>\n<p>Protege os olhos contra a claridade, proporcionando repouso agrad\u00e1vel e maior relaxamento.<\/p>\n<p>Tamanho:<br \/>\n\u00danico &#8211; Ajust\u00e1vel<\/p>\n<p>Composi\u00e7\u00e3o:<br \/>\nBorracha de cloropreno revestida com tecido 100% Poliamida.<\/p>","protected":false},"excerpt":{"rendered":"<p>Protege os olhos contra a claridade, proporcionando repouso agrad\u00e1vel e maior relaxamento.<\/p>","protected":false},"featured_media":1526,"comment_status":"open","ping_status":"closed","template":"","meta":{"_joinchat":[]},"product_brand":[],"product_cat":[25],"product_tag":[],"class_list":{"0":"post-1525","1":"product","2":"type-product","3":"status-publish","4":"has-post-thumbnail","6":"product_cat-ortopedia","8":"first","9":"instock","10":"shipping-taxable","11":"purchasable","12":"product-type-simple"},"_links":{"self":[{"href":"https:\/\/www.medideal.com.br\/en\/wp-json\/wp\/v2\/product\/1525","targetHints":{"allow":["GET"]}}],"collection":[{"href":"https:\/\/www.medideal.com.br\/en\/wp-json\/wp\/v2\/product"}],"about":[{"href":"https:\/\/www.medideal.com.br\/en\/wp-json\/wp\/v2\/types\/product"}],"replies":[{"embeddable":true,"href":"https:\/\/www.medideal.com.br\/en\/wp-json\/wp\/v2\/comments?post=1525"}],"wp:featuredmedia":[{"embeddable":true,"href":"https:\/\/www.medideal.com.br\/en\/wp-json\/wp\/v2\/media\/1526"}],"wp:attachment":[{"href":"https:\/\/www.medideal.com.br\/en\/wp-json\/wp\/v2\/media?parent=1525"}],"wp:term":[{"taxonomy":"product_brand","embeddable":true,"href":"https:\/\/www.medideal.com.br\/en\/wp-json\/wp\/v2\/product_brand?post=1525"},{"taxonomy":"product_cat","embeddable":true,"href":"https:\/\/www.medideal.com.br\/en\/wp-json\/wp\/v2\/product_cat?post=1525"},{"taxonomy":"product_tag","embeddable":true,"href":"https:\/\/www.medideal.com.br\/en\/wp-json\/wp\/v2\/product_tag?post=1525"}],"curies":[{"name":"wp","href":"https:\/\/api.w.org\/{rel}","templated":true}]}}