{"id":1518,"date":"2023-11-13T16:39:58","date_gmt":"2023-11-13T19:39:58","guid":{"rendered":"https:\/\/www.medideal.com.br\/?post_type=product&#038;p=1518"},"modified":"2024-01-15T11:20:05","modified_gmt":"2024-01-15T14:20:05","slug":"sapatilha-neoprene-kestal","status":"publish","type":"product","link":"https:\/\/www.medideal.com.br\/en\/sapatilha-neoprene-kestal\/","title":{"rendered":"Sapatilha Neoprene &#8211; Kestal"},"content":{"rendered":"<p>A Sapatilha Neoprene Kestal foi desenvolvida para a pr\u00e1tica de atividades aqu\u00e1ticas como nata\u00e7\u00e3o, hidrogin\u00e1stica, hidroterapia, mergulho e afins. Cont\u00e9m solado antiderrapante que aumenta a estabilidade e o atrito, evitando deslizamentos.<\/p>\n<p>Ideal para a pr\u00e1tica de exerc\u00edcios. Por ser antiderrapante, tamb\u00e9m pode ser usada no banho.<\/p>\n<p><strong>Tamanho<\/strong><br \/>\n<strong>P:<\/strong> n\u00ba 34 &#8211; 36<br \/>\n<strong>M:<\/strong> n\u00ba 37 &#8211; 39<br \/>\n<strong>G:<\/strong> n\u00ba 40 &#8211; 42<\/p>\n<p><strong>Composi\u00e7\u00e3o:<\/strong><br \/>\nBorracha de cloropreno revestida com tecido 100% Poliamida.<\/p>","protected":false},"excerpt":{"rendered":"<p>Ideal para a pr\u00e1tica de exerc\u00edcios. Por ser antiderrapante, tamb\u00e9m pode ser usada no banho.<\/p>","protected":false},"featured_media":1522,"comment_status":"open","ping_status":"closed","template":"","meta":{"_joinchat":[]},"product_brand":[],"product_cat":[114],"product_tag":[],"class_list":{"0":"post-1518","1":"product","2":"type-product","3":"status-publish","4":"has-post-thumbnail","6":"product_cat-fisioterapia-fitness","8":"first","9":"instock","10":"shipping-taxable","11":"purchasable","12":"product-type-variable"},"_links":{"self":[{"href":"https:\/\/www.medideal.com.br\/en\/wp-json\/wp\/v2\/product\/1518","targetHints":{"allow":["GET"]}}],"collection":[{"href":"https:\/\/www.medideal.com.br\/en\/wp-json\/wp\/v2\/product"}],"about":[{"href":"https:\/\/www.medideal.com.br\/en\/wp-json\/wp\/v2\/types\/product"}],"replies":[{"embeddable":true,"href":"https:\/\/www.medideal.com.br\/en\/wp-json\/wp\/v2\/comments?post=1518"}],"wp:featuredmedia":[{"embeddable":true,"href":"https:\/\/www.medideal.com.br\/en\/wp-json\/wp\/v2\/media\/1522"}],"wp:attachment":[{"href":"https:\/\/www.medideal.com.br\/en\/wp-json\/wp\/v2\/media?parent=1518"}],"wp:term":[{"taxonomy":"product_brand","embeddable":true,"href":"https:\/\/www.medideal.com.br\/en\/wp-json\/wp\/v2\/product_brand?post=1518"},{"taxonomy":"product_cat","embeddable":true,"href":"https:\/\/www.medideal.com.br\/en\/wp-json\/wp\/v2\/product_cat?post=1518"},{"taxonomy":"product_tag","embeddable":true,"href":"https:\/\/www.medideal.com.br\/en\/wp-json\/wp\/v2\/product_tag?post=1518"}],"curies":[{"name":"wp","href":"https:\/\/api.w.org\/{rel}","templated":true}]}}