{"id":1511,"date":"2023-11-13T16:21:14","date_gmt":"2023-11-13T19:21:14","guid":{"rendered":"https:\/\/www.medideal.com.br\/?post_type=product&#038;p=1511"},"modified":"2024-01-15T11:18:59","modified_gmt":"2024-01-15T14:18:59","slug":"luva-protetora-kestal","status":"publish","type":"product","link":"https:\/\/www.medideal.com.br\/en\/luva-protetora-kestal\/","title":{"rendered":"Luva Protetora &#8211; Kestal"},"content":{"rendered":"<p>A Luva protetora Kestal possui palmar emborrachado que proporcionam conforto e seguran\u00e7a na pr\u00e1tica de atividades esportivas.<\/p>\n<p>Prevenc\u0327\u00e3o de calosidades e bolhas nas m\u00e3os em atividades f\u00edsicas como muscula\u00e7\u00e3o, ciclismo, RPM, spinning. S\u00e3o indicadas tamb\u00e9m para usu\u00e1rios de cadeiras de rodas e muletas.<\/p>\n<p><strong>Tamanhos:<\/strong><br \/>\nP | M | G<\/p>\n<p><strong>Composi\u00e7\u00e3o:<\/strong><br \/>\nBorracha de cloropreno revestida com tecido 100% Poliamida.<\/p>","protected":false},"excerpt":{"rendered":"<p>Prevenc\u0327\u00e3o de calosidades e bolhas nas m\u00e3os em atividades f\u00edsicas como muscula\u00e7\u00e3o, ciclismo, RPM, spinning. S\u00e3o indicadas tamb\u00e9m para usu\u00e1rios de cadeiras de rodas e muletas.<\/p>","protected":false},"featured_media":1515,"comment_status":"open","ping_status":"closed","template":"","meta":{"_joinchat":[]},"product_brand":[],"product_cat":[114],"product_tag":[],"class_list":{"0":"post-1511","1":"product","2":"type-product","3":"status-publish","4":"has-post-thumbnail","6":"product_cat-fisioterapia-fitness","8":"first","9":"instock","10":"shipping-taxable","11":"purchasable","12":"product-type-variable"},"_links":{"self":[{"href":"https:\/\/www.medideal.com.br\/en\/wp-json\/wp\/v2\/product\/1511","targetHints":{"allow":["GET"]}}],"collection":[{"href":"https:\/\/www.medideal.com.br\/en\/wp-json\/wp\/v2\/product"}],"about":[{"href":"https:\/\/www.medideal.com.br\/en\/wp-json\/wp\/v2\/types\/product"}],"replies":[{"embeddable":true,"href":"https:\/\/www.medideal.com.br\/en\/wp-json\/wp\/v2\/comments?post=1511"}],"wp:featuredmedia":[{"embeddable":true,"href":"https:\/\/www.medideal.com.br\/en\/wp-json\/wp\/v2\/media\/1515"}],"wp:attachment":[{"href":"https:\/\/www.medideal.com.br\/en\/wp-json\/wp\/v2\/media?parent=1511"}],"wp:term":[{"taxonomy":"product_brand","embeddable":true,"href":"https:\/\/www.medideal.com.br\/en\/wp-json\/wp\/v2\/product_brand?post=1511"},{"taxonomy":"product_cat","embeddable":true,"href":"https:\/\/www.medideal.com.br\/en\/wp-json\/wp\/v2\/product_cat?post=1511"},{"taxonomy":"product_tag","embeddable":true,"href":"https:\/\/www.medideal.com.br\/en\/wp-json\/wp\/v2\/product_tag?post=1511"}],"curies":[{"name":"wp","href":"https:\/\/api.w.org\/{rel}","templated":true}]}}