{"id":1507,"date":"2023-11-13T15:58:28","date_gmt":"2023-11-13T18:58:28","guid":{"rendered":"https:\/\/www.medideal.com.br\/?post_type=product&#038;p=1507"},"modified":"2024-01-15T11:09:58","modified_gmt":"2024-01-15T14:09:58","slug":"munhequeira-com-tala-bilateral-kestal","status":"publish","type":"product","link":"https:\/\/www.medideal.com.br\/en\/munhequeira-com-tala-bilateral-kestal\/","title":{"rendered":"Munhequeira Com Tala Bilateral &#8211; Kestal"},"content":{"rendered":"<p>A Munhequeira com Tala de Punho Bilateral Kestal auxilia na reabilita\u00e7\u00e3o de entorses e les\u00f5es de m\u00e3os e punhos. Pode ser utilizada com ou sem a tala, em ambas as m\u00e3os. Possui suporte interno em lycra que facilita o ajuste e a utiliza\u00e7\u00e3o do produto.<\/p>\n<p>Tratamento de LER e DORT, tendinites e les\u00f5es, reabilitac\u0327\u00e3o de fraturas de punho, antebrac\u0327o e afecc\u0327\u00f5es leves do punho que necessitam de imobilizac\u0327\u00e3o parcial da articulac\u0327\u00e3o. Sua tala \u00e9 remov\u00edvel.<\/p>\n<p><strong>Tamanho:<\/strong><br \/>\n\u00danico | Ajust\u00e1vel<\/p>\n<p><strong>Composi\u00e7\u00e3o:<\/strong><br \/>\nBorracha de cloropreno revestida com tecido 100% Poliamida..<\/p>","protected":false},"excerpt":{"rendered":"<p>Tratamento de LER e DORT, tendinites e les\u00f5es, reabilitac\u0327\u00e3o de fraturas de punho, antebrac\u0327o e afecc\u0327\u00f5es leves do punho que necessitam de imobilizac\u0327\u00e3o parcial da articulac\u0327\u00e3o. Sua tala \u00e9 remov\u00edvel.<\/p>","protected":false},"featured_media":1508,"comment_status":"open","ping_status":"closed","template":"","meta":{"_joinchat":[]},"product_brand":[],"product_cat":[25],"product_tag":[],"class_list":{"0":"post-1507","1":"product","2":"type-product","3":"status-publish","4":"has-post-thumbnail","6":"product_cat-ortopedia","8":"first","9":"outofstock","10":"shipping-taxable","11":"purchasable","12":"product-type-simple"},"_links":{"self":[{"href":"https:\/\/www.medideal.com.br\/en\/wp-json\/wp\/v2\/product\/1507","targetHints":{"allow":["GET"]}}],"collection":[{"href":"https:\/\/www.medideal.com.br\/en\/wp-json\/wp\/v2\/product"}],"about":[{"href":"https:\/\/www.medideal.com.br\/en\/wp-json\/wp\/v2\/types\/product"}],"replies":[{"embeddable":true,"href":"https:\/\/www.medideal.com.br\/en\/wp-json\/wp\/v2\/comments?post=1507"}],"wp:featuredmedia":[{"embeddable":true,"href":"https:\/\/www.medideal.com.br\/en\/wp-json\/wp\/v2\/media\/1508"}],"wp:attachment":[{"href":"https:\/\/www.medideal.com.br\/en\/wp-json\/wp\/v2\/media?parent=1507"}],"wp:term":[{"taxonomy":"product_brand","embeddable":true,"href":"https:\/\/www.medideal.com.br\/en\/wp-json\/wp\/v2\/product_brand?post=1507"},{"taxonomy":"product_cat","embeddable":true,"href":"https:\/\/www.medideal.com.br\/en\/wp-json\/wp\/v2\/product_cat?post=1507"},{"taxonomy":"product_tag","embeddable":true,"href":"https:\/\/www.medideal.com.br\/en\/wp-json\/wp\/v2\/product_tag?post=1507"}],"curies":[{"name":"wp","href":"https:\/\/api.w.org\/{rel}","templated":true}]}}