{"id":1496,"date":"2023-11-13T15:51:23","date_gmt":"2023-11-13T18:51:23","guid":{"rendered":"https:\/\/www.medideal.com.br\/?post_type=product&#038;p=1496"},"modified":"2024-01-15T10:53:42","modified_gmt":"2024-01-15T13:53:42","slug":"joelheira-articulada-kestal","status":"publish","type":"product","link":"https:\/\/www.medideal.com.br\/en\/joelheira-articulada-kestal\/","title":{"rendered":"Joelheira Articulada &#8211; Kestal"},"content":{"rendered":"<p>A Joelheira Articulada Kestal possui articula\u00e7\u00f5es met\u00e1licas laterais com trava, que estabilizam o joelho e impedem a sua hiperextens\u00e3o. Pode ser utilizada para conter a flex\u00e3o do joelho atrav\u00e9s da invers\u00e3o das dobradi\u00e7as. Com fechamento duplo em velcro, proporciona maior firmeza e melhor ajuste.<\/p>\n<p>Preven\u00e7\u00e3o e recupera\u00e7\u00e3o de les\u00f5es nas regi\u00f5es do joelho tais como condromal\u00e1cia, entorses, edemas, distens\u00f5es, contus\u00f5es, tendinites, luxa\u00e7\u00f5es, instabilidade da rotula, instabilidade rotat\u00f3ria, artrose, artrites reumatoides, les\u00f5es ligamentares e em p\u00f3s-artroscopia do joelho. Ap\u00f3s a retirada de imobiliza\u00e7\u00e3o, auxilia no processo de reabilita\u00e7\u00e3o do paciente.<\/p>\n<p><strong>Tamanhos:<\/strong><br \/>\n33cm x 35cm (PP)<br \/>\n35cm x 38cm (P)<br \/>\n38cm x 41cm (M)<br \/>\n41cm x 44cm (G)<br \/>\n44cm x 46cm (GG)<\/p>\n<p><strong>Composi\u00e7\u00e3o:<\/strong><br \/>\n85% SBR 15% Poliamida Articula\u00e7\u00e3o: 100% Alum\u00ednio.<\/p>","protected":false},"excerpt":{"rendered":"<p>Preven\u00e7\u00e3o e recupera\u00e7\u00e3o de les\u00f5es nas regi\u00f5es do joelho tais como condromal\u00e1cia, entorses, edemas, distens\u00f5es, contus\u00f5es, tendinites, luxa\u00e7\u00f5es, instabilidade da rotula, instabilidade rotat\u00f3ria, artrose, artrites reumatoides, les\u00f5es ligamentares e em p\u00f3s-artroscopia do joelho. Ap\u00f3s a retirada de imobiliza\u00e7\u00e3o, auxilia no processo de reabilita\u00e7\u00e3o do paciente.<\/p>","protected":false},"featured_media":1497,"comment_status":"open","ping_status":"closed","template":"","meta":{"_joinchat":[]},"product_brand":[],"product_cat":[25],"product_tag":[],"class_list":{"0":"post-1496","1":"product","2":"type-product","3":"status-publish","4":"has-post-thumbnail","6":"product_cat-ortopedia","8":"first","9":"instock","10":"shipping-taxable","11":"purchasable","12":"product-type-variable"},"_links":{"self":[{"href":"https:\/\/www.medideal.com.br\/en\/wp-json\/wp\/v2\/product\/1496","targetHints":{"allow":["GET"]}}],"collection":[{"href":"https:\/\/www.medideal.com.br\/en\/wp-json\/wp\/v2\/product"}],"about":[{"href":"https:\/\/www.medideal.com.br\/en\/wp-json\/wp\/v2\/types\/product"}],"replies":[{"embeddable":true,"href":"https:\/\/www.medideal.com.br\/en\/wp-json\/wp\/v2\/comments?post=1496"}],"wp:featuredmedia":[{"embeddable":true,"href":"https:\/\/www.medideal.com.br\/en\/wp-json\/wp\/v2\/media\/1497"}],"wp:attachment":[{"href":"https:\/\/www.medideal.com.br\/en\/wp-json\/wp\/v2\/media?parent=1496"}],"wp:term":[{"taxonomy":"product_brand","embeddable":true,"href":"https:\/\/www.medideal.com.br\/en\/wp-json\/wp\/v2\/product_brand?post=1496"},{"taxonomy":"product_cat","embeddable":true,"href":"https:\/\/www.medideal.com.br\/en\/wp-json\/wp\/v2\/product_cat?post=1496"},{"taxonomy":"product_tag","embeddable":true,"href":"https:\/\/www.medideal.com.br\/en\/wp-json\/wp\/v2\/product_tag?post=1496"}],"curies":[{"name":"wp","href":"https:\/\/api.w.org\/{rel}","templated":true}]}}