{"id":1492,"date":"2023-11-13T15:44:47","date_gmt":"2023-11-13T18:44:47","guid":{"rendered":"https:\/\/www.medideal.com.br\/?post_type=product&#038;p=1492"},"modified":"2024-01-15T10:51:14","modified_gmt":"2024-01-15T13:51:14","slug":"joelheira-ajustavel-com-reforco-patelar-kestal","status":"publish","type":"product","link":"https:\/\/www.medideal.com.br\/en\/joelheira-ajustavel-com-reforco-patelar-kestal\/","title":{"rendered":"Joelheira Ajust\u00e1vel Com Refor\u00e7o Patelar &#8211; Kestal"},"content":{"rendered":"<p>A Joelheira Ajust\u00e1vel com Refor\u00e7o Patelar Kestal possui corte anat\u00f4mico e orif\u00edcio refor\u00e7ado, que mant\u00e9m a patela centralizada e protegida. Possui fechamento em velcro (3 ajustes) para maior compressa\u0303o e conforto.<\/p>\n<p>Preven\u00e7\u00e3o e recupera\u00e7\u00e3o de les\u00f5es leves na regi\u00e3o do joelho tais como condromal\u00e1cia, entorses, edemas, distens\u00f5es, contus\u00f5es, tendinites, luxa\u00e7\u00f5es e<br \/>\ninstabilidade da r\u00f3tula.<\/p>\n<p><strong>Tamanho:<\/strong><br \/>\n\u00danico | Ajust\u00e1vel.<\/p>\n<p><strong>Composi\u00e7\u00e3o:<\/strong><br \/>\nBorracha de cloropreno revestida com tecido 100% Poliamida.<\/p>","protected":false},"excerpt":{"rendered":"<p>Preven\u00e7\u00e3o e recupera\u00e7\u00e3o de les\u00f5es leves na regi\u00e3o do joelho tais como condromal\u00e1cia, entorses, edemas, distens\u00f5es, contus\u00f5es, tendinites, luxa\u00e7\u00f5es e<br \/>\ninstabilidade da r\u00f3tula.<\/p>","protected":false},"featured_media":1493,"comment_status":"open","ping_status":"closed","template":"","meta":{"_joinchat":[]},"product_brand":[],"product_cat":[25],"product_tag":[],"class_list":{"0":"post-1492","1":"product","2":"type-product","3":"status-publish","4":"has-post-thumbnail","6":"product_cat-ortopedia","8":"first","9":"outofstock","10":"shipping-taxable","11":"purchasable","12":"product-type-simple"},"_links":{"self":[{"href":"https:\/\/www.medideal.com.br\/en\/wp-json\/wp\/v2\/product\/1492","targetHints":{"allow":["GET"]}}],"collection":[{"href":"https:\/\/www.medideal.com.br\/en\/wp-json\/wp\/v2\/product"}],"about":[{"href":"https:\/\/www.medideal.com.br\/en\/wp-json\/wp\/v2\/types\/product"}],"replies":[{"embeddable":true,"href":"https:\/\/www.medideal.com.br\/en\/wp-json\/wp\/v2\/comments?post=1492"}],"wp:featuredmedia":[{"embeddable":true,"href":"https:\/\/www.medideal.com.br\/en\/wp-json\/wp\/v2\/media\/1493"}],"wp:attachment":[{"href":"https:\/\/www.medideal.com.br\/en\/wp-json\/wp\/v2\/media?parent=1492"}],"wp:term":[{"taxonomy":"product_brand","embeddable":true,"href":"https:\/\/www.medideal.com.br\/en\/wp-json\/wp\/v2\/product_brand?post=1492"},{"taxonomy":"product_cat","embeddable":true,"href":"https:\/\/www.medideal.com.br\/en\/wp-json\/wp\/v2\/product_cat?post=1492"},{"taxonomy":"product_tag","embeddable":true,"href":"https:\/\/www.medideal.com.br\/en\/wp-json\/wp\/v2\/product_tag?post=1492"}],"curies":[{"name":"wp","href":"https:\/\/api.w.org\/{rel}","templated":true}]}}