{"id":1483,"date":"2023-11-13T15:24:30","date_gmt":"2023-11-13T18:24:30","guid":{"rendered":"https:\/\/www.medideal.com.br\/?post_type=product&#038;p=1483"},"modified":"2023-11-13T15:24:30","modified_gmt":"2023-11-13T18:24:30","slug":"munhequeira-ajustavel-neosoft-kestal","status":"publish","type":"product","link":"https:\/\/www.medideal.com.br\/en\/munhequeira-ajustavel-neosoft-kestal\/","title":{"rendered":"Munhequeira Ajust\u00e1vel Neosoft &#8211; Kestal"},"content":{"rendered":"<p>A Munhequeira Ajust\u00e1vel NeoSoft auxilia na preven\u00e7\u00e3o de entorses no punho. A compress\u00e3o aumenta a estabilidade da articula\u00e7\u00e3o e melhora a circula\u00e7\u00e3o sangu\u00ednea prevenindo e tratando edemas (incha\u00e7os) e aliviando as dores na articula\u00e7\u00e3o.<\/p>\n<p>Preven\u00e7\u00e3o e tratamento de LER e DORT, tendinites e entorses. Auxilia no al\u00edvio da dor e oferece prote\u00e7\u00e3o extra durante a pr\u00e1tica de atividades f\u00edsicas. Consulte um especialista.<\/p>\n<p><strong>Tamanho:<\/strong><br \/>\n\u00danico &#8211; Ajust\u00e1vel<\/p>","protected":false},"excerpt":{"rendered":"<p>Preven\u00e7\u00e3o e tratamento de LER e DORT, tendinites e entorses. Auxilia no al\u00edvio da dor e oferece prote\u00e7\u00e3o extra durante a pr\u00e1tica de atividades f\u00edsicas. Consulte um especialista.<\/p>\n<p><strong>Tamanho:<\/strong><\/p>","protected":false},"featured_media":1484,"comment_status":"closed","ping_status":"closed","template":"","meta":{"_joinchat":[]},"product_brand":[],"product_cat":[25],"product_tag":[],"class_list":{"0":"post-1483","1":"product","2":"type-product","3":"status-publish","4":"has-post-thumbnail","6":"product_cat-ortopedia","8":"first","9":"outofstock","10":"shipping-taxable","11":"purchasable","12":"product-type-simple"},"_links":{"self":[{"href":"https:\/\/www.medideal.com.br\/en\/wp-json\/wp\/v2\/product\/1483","targetHints":{"allow":["GET"]}}],"collection":[{"href":"https:\/\/www.medideal.com.br\/en\/wp-json\/wp\/v2\/product"}],"about":[{"href":"https:\/\/www.medideal.com.br\/en\/wp-json\/wp\/v2\/types\/product"}],"replies":[{"embeddable":true,"href":"https:\/\/www.medideal.com.br\/en\/wp-json\/wp\/v2\/comments?post=1483"}],"wp:featuredmedia":[{"embeddable":true,"href":"https:\/\/www.medideal.com.br\/en\/wp-json\/wp\/v2\/media\/1484"}],"wp:attachment":[{"href":"https:\/\/www.medideal.com.br\/en\/wp-json\/wp\/v2\/media?parent=1483"}],"wp:term":[{"taxonomy":"product_brand","embeddable":true,"href":"https:\/\/www.medideal.com.br\/en\/wp-json\/wp\/v2\/product_brand?post=1483"},{"taxonomy":"product_cat","embeddable":true,"href":"https:\/\/www.medideal.com.br\/en\/wp-json\/wp\/v2\/product_cat?post=1483"},{"taxonomy":"product_tag","embeddable":true,"href":"https:\/\/www.medideal.com.br\/en\/wp-json\/wp\/v2\/product_tag?post=1483"}],"curies":[{"name":"wp","href":"https:\/\/api.w.org\/{rel}","templated":true}]}}