{"id":1472,"date":"2023-11-13T13:34:43","date_gmt":"2023-11-13T16:34:43","guid":{"rendered":"https:\/\/www.medideal.com.br\/?post_type=product&#038;p=1472"},"modified":"2024-01-12T17:56:15","modified_gmt":"2024-01-12T20:56:15","slug":"cinta-protetora-costas-cintura-kestal","status":"publish","type":"product","link":"https:\/\/www.medideal.com.br\/en\/cinta-protetora-costas-cintura-kestal\/","title":{"rendered":"Cinta Protetora Costas\/Cintura &#8211; Kestal"},"content":{"rendered":"<p>A Cinta Protetora para Costas e Cintura Kestal proporciona maior seguran\u00e7a nas atividades, evitando les\u00f5es. Ajuda a manter a curvatura lombar e dorsal no alinhamento correto, diminuindo a tens\u00e3o. Proporciona firmeza mesmo em movimentos bruscos. Possui suspenso\u0301rios regula\u0301veis que facilitam o ajuste ao corpo.<\/p>\n<p>Tratamento de h\u00e9rnias de disco e &#8220;bicos de papagaio&#8221;. Pessoas que transportam volumes pesados. Pessoas que permanecem muito tempo em uma s\u00f3 posi\u00e7\u00e3o. Prevenc\u0327\u00e3o e tratamento de les\u00f5es, luxa\u00e7\u00f5es e torc\u0327\u00f5es oriundas de posturas inadequadas e sobrecarga da musculatura das costas e do abdo\u0302men.<\/p>\n<p><strong>Tamanho:<\/strong><br \/>\n66cm &#8211; 76cm (P)<br \/>\n76cm &#8211; 86cm (M)<br \/>\n86cm &#8211; 96cm (G)<\/p>\n<p><strong>Composi\u00e7\u00e3o:<\/strong><br \/>\n80% Poli\u00e9ster e 20% Elastodieno.<\/p>","protected":false},"excerpt":{"rendered":"<p>Tratamento de h\u00e9rnias de disco e &#8220;bicos de papagaio&#8221;. Pessoas que transportam volumes pesados. Pessoas que permanecem muito tempo em uma s\u00f3 posi\u00e7\u00e3o. Prevenc\u0327\u00e3o e tratamento de les\u00f5es, luxa\u00e7\u00f5es e torc\u0327\u00f5es oriundas de posturas inadequadas e sobrecarga da musculatura das costas e do abdo\u0302men.<\/p>","protected":false},"featured_media":1476,"comment_status":"open","ping_status":"closed","template":"","meta":{"_joinchat":[]},"product_brand":[],"product_cat":[25],"product_tag":[],"class_list":{"0":"post-1472","1":"product","2":"type-product","3":"status-publish","4":"has-post-thumbnail","6":"product_cat-ortopedia","8":"first","9":"instock","10":"shipping-taxable","11":"purchasable","12":"product-type-variable"},"_links":{"self":[{"href":"https:\/\/www.medideal.com.br\/en\/wp-json\/wp\/v2\/product\/1472","targetHints":{"allow":["GET"]}}],"collection":[{"href":"https:\/\/www.medideal.com.br\/en\/wp-json\/wp\/v2\/product"}],"about":[{"href":"https:\/\/www.medideal.com.br\/en\/wp-json\/wp\/v2\/types\/product"}],"replies":[{"embeddable":true,"href":"https:\/\/www.medideal.com.br\/en\/wp-json\/wp\/v2\/comments?post=1472"}],"wp:featuredmedia":[{"embeddable":true,"href":"https:\/\/www.medideal.com.br\/en\/wp-json\/wp\/v2\/media\/1476"}],"wp:attachment":[{"href":"https:\/\/www.medideal.com.br\/en\/wp-json\/wp\/v2\/media?parent=1472"}],"wp:term":[{"taxonomy":"product_brand","embeddable":true,"href":"https:\/\/www.medideal.com.br\/en\/wp-json\/wp\/v2\/product_brand?post=1472"},{"taxonomy":"product_cat","embeddable":true,"href":"https:\/\/www.medideal.com.br\/en\/wp-json\/wp\/v2\/product_cat?post=1472"},{"taxonomy":"product_tag","embeddable":true,"href":"https:\/\/www.medideal.com.br\/en\/wp-json\/wp\/v2\/product_tag?post=1472"}],"curies":[{"name":"wp","href":"https:\/\/api.w.org\/{rel}","templated":true}]}}