{"id":1465,"date":"2023-11-13T13:20:20","date_gmt":"2023-11-13T16:20:20","guid":{"rendered":"https:\/\/www.medideal.com.br\/?post_type=product&#038;p=1465"},"modified":"2024-01-12T17:55:05","modified_gmt":"2024-01-12T20:55:05","slug":"cinta-lombar-com-hastes-kestal","status":"publish","type":"product","link":"https:\/\/www.medideal.com.br\/en\/cinta-lombar-com-hastes-kestal\/","title":{"rendered":"Cinta Lombar Com Hastes &#8211; Kestal"},"content":{"rendered":"<p>A Cinta Lombar com Hastes Kestal proporciona suporte \u00e0 coluna lombar atrav\u00e9s da sustenta\u00e7\u00e3o realizada pelas hastes e da compress\u00e3o pelos dois el\u00e1sticos que se prendem ao fecho aderente, evitando assim dores e tens\u00f5es na regi\u00e3o lombar. Confeccionada em neoprene, mant\u00e9m a regi\u00e3o aquecida.<\/p>\n<p>Corre\u00e7\u00e3o postural e suporte da coluna dorsolombar. Auxilia no tratamento de contus\u00f5es tor\u00e1cicas e fraturas de costelas e\/ou v\u00e9rtebras. Diminui o risco de les\u00e3o muscular por sobrecarga.<\/p>\n<p><strong>Tamanho:<\/strong><br \/>\n<strong>\u00danico:<\/strong> 100cm de comprimento<br \/>\n<strong>Especial:<\/strong> 120cm de comprimento<\/p>\n<p><strong>Composi\u00e7\u00e3o:<\/strong><br \/>\nBorracha de cloropreno revestida com tecido 100% Poliamida.<\/p>","protected":false},"excerpt":{"rendered":"<p>Corre\u00e7\u00e3o postural e suporte da coluna dorsolombar. Auxilia no tratamento de contus\u00f5es tor\u00e1cicas e fraturas de costelas e\/ou v\u00e9rtebras. Diminui o risco de les\u00e3o muscular por sobrecarga.<\/p>","protected":false},"featured_media":1468,"comment_status":"open","ping_status":"closed","template":"","meta":{"_joinchat":[]},"product_brand":[],"product_cat":[25],"product_tag":[],"class_list":{"0":"post-1465","1":"product","2":"type-product","3":"status-publish","4":"has-post-thumbnail","6":"product_cat-ortopedia","8":"first","9":"instock","10":"shipping-taxable","11":"purchasable","12":"product-type-variable"},"_links":{"self":[{"href":"https:\/\/www.medideal.com.br\/en\/wp-json\/wp\/v2\/product\/1465","targetHints":{"allow":["GET"]}}],"collection":[{"href":"https:\/\/www.medideal.com.br\/en\/wp-json\/wp\/v2\/product"}],"about":[{"href":"https:\/\/www.medideal.com.br\/en\/wp-json\/wp\/v2\/types\/product"}],"replies":[{"embeddable":true,"href":"https:\/\/www.medideal.com.br\/en\/wp-json\/wp\/v2\/comments?post=1465"}],"wp:featuredmedia":[{"embeddable":true,"href":"https:\/\/www.medideal.com.br\/en\/wp-json\/wp\/v2\/media\/1468"}],"wp:attachment":[{"href":"https:\/\/www.medideal.com.br\/en\/wp-json\/wp\/v2\/media?parent=1465"}],"wp:term":[{"taxonomy":"product_brand","embeddable":true,"href":"https:\/\/www.medideal.com.br\/en\/wp-json\/wp\/v2\/product_brand?post=1465"},{"taxonomy":"product_cat","embeddable":true,"href":"https:\/\/www.medideal.com.br\/en\/wp-json\/wp\/v2\/product_cat?post=1465"},{"taxonomy":"product_tag","embeddable":true,"href":"https:\/\/www.medideal.com.br\/en\/wp-json\/wp\/v2\/product_tag?post=1465"}],"curies":[{"name":"wp","href":"https:\/\/api.w.org\/{rel}","templated":true}]}}