{"id":1459,"date":"2023-11-13T12:53:41","date_gmt":"2023-11-13T15:53:41","guid":{"rendered":"https:\/\/www.medideal.com.br\/?post_type=product&#038;p=1459"},"modified":"2024-01-12T17:52:22","modified_gmt":"2024-01-12T20:52:22","slug":"joelheira-elastica-kestal","status":"publish","type":"product","link":"https:\/\/www.medideal.com.br\/en\/joelheira-elastica-kestal\/","title":{"rendered":"Joelheira El\u00e1stica &#8211; Kestal"},"content":{"rendered":"<p>A Joelheira El\u00e1stica Kestal auxilia na preven\u00e7\u00e3o de les\u00f5es durante a pr\u00e1tica esportiva. A compress\u00e3o protege a musculatura e confere mais firmeza aos movimentos.<\/p>\n<p>Preven\u00e7\u00e3o e tratamento de les\u00f5es musculares durante a pr\u00e1tica esportiva. Preven\u00e7\u00e3o de les\u00f5es por esfor\u00e7o repetitivo.<\/p>\n<p><strong>Tamanhos:<\/strong><br \/>\n35cm &#8211; 38cm (P)<br \/>\n38cm &#8211; 41cm (M)<br \/>\n41cm &#8211; 44cm (G)<\/p>\n<p><strong>Composi\u00e7\u00e3o:<\/strong> 83% Poli\u00e9ster e 17% Elastodieno.<\/p>","protected":false},"excerpt":{"rendered":"<p>Preven\u00e7\u00e3o e tratamento de les\u00f5es musculares durante a pr\u00e1tica esportiva. Preven\u00e7\u00e3o de les\u00f5es por esfor\u00e7o repetitivo.<\/p>","protected":false},"featured_media":1460,"comment_status":"open","ping_status":"closed","template":"","meta":{"_joinchat":[]},"product_brand":[],"product_cat":[25],"product_tag":[],"class_list":{"0":"post-1459","1":"product","2":"type-product","3":"status-publish","4":"has-post-thumbnail","6":"product_cat-ortopedia","8":"first","9":"outofstock","10":"shipping-taxable","11":"purchasable","12":"product-type-variable"},"_links":{"self":[{"href":"https:\/\/www.medideal.com.br\/en\/wp-json\/wp\/v2\/product\/1459","targetHints":{"allow":["GET"]}}],"collection":[{"href":"https:\/\/www.medideal.com.br\/en\/wp-json\/wp\/v2\/product"}],"about":[{"href":"https:\/\/www.medideal.com.br\/en\/wp-json\/wp\/v2\/types\/product"}],"replies":[{"embeddable":true,"href":"https:\/\/www.medideal.com.br\/en\/wp-json\/wp\/v2\/comments?post=1459"}],"wp:featuredmedia":[{"embeddable":true,"href":"https:\/\/www.medideal.com.br\/en\/wp-json\/wp\/v2\/media\/1460"}],"wp:attachment":[{"href":"https:\/\/www.medideal.com.br\/en\/wp-json\/wp\/v2\/media?parent=1459"}],"wp:term":[{"taxonomy":"product_brand","embeddable":true,"href":"https:\/\/www.medideal.com.br\/en\/wp-json\/wp\/v2\/product_brand?post=1459"},{"taxonomy":"product_cat","embeddable":true,"href":"https:\/\/www.medideal.com.br\/en\/wp-json\/wp\/v2\/product_cat?post=1459"},{"taxonomy":"product_tag","embeddable":true,"href":"https:\/\/www.medideal.com.br\/en\/wp-json\/wp\/v2\/product_tag?post=1459"}],"curies":[{"name":"wp","href":"https:\/\/api.w.org\/{rel}","templated":true}]}}