{"id":1449,"date":"2023-11-13T12:18:45","date_gmt":"2023-11-13T15:18:45","guid":{"rendered":"https:\/\/www.medideal.com.br\/?post_type=product&#038;p=1449"},"modified":"2024-01-12T17:50:32","modified_gmt":"2024-01-12T20:50:32","slug":"tornozeleira-lisa-kestal","status":"publish","type":"product","link":"https:\/\/www.medideal.com.br\/en\/tornozeleira-lisa-kestal\/","title":{"rendered":"Tornozeleira Lisa &#8211; Kestal"},"content":{"rendered":"<p>A Tornozeleira Longa Kestal oferece compress\u00e3o que aumenta a estabilidade da articula\u00e7\u00e3o e a firmeza dos movimentos, reduzindo assim os riscos de entorses e les\u00f5es. \u00c9 Ideal para a pr\u00e1tica de esportes como wakeboard, kitesurf, surf, futebol de areia e afins.<\/p>\n<p>Preven\u00e7\u00e3o de entorses, les\u00f5es e luxa\u00e7\u00f5es. Tratamento e recupera\u00e7\u00e3o de tendinite e tornozelo fraco. O seu uso durante a pr\u00e1tica esportiva reduz o<br \/>\nrisco de les\u00f5es ligamentares e musculares.<\/p>\n<p><strong>Tamanho:<\/strong><br \/>\n20cm &#8211; 22cm (PP)<br \/>\n22cm &#8211; 24cm (P)<br \/>\n24cm &#8211; 26cm (M)<br \/>\n26cm &#8211; 28cm (G)<br \/>\n28cm &#8211; 30cm (GG)<\/p>\n<p><strong>Composi\u00e7\u00e3o:<\/strong><br \/>\nBorracha de cloropreno revestida com tecido 100% Poliamida.<\/p>","protected":false},"excerpt":{"rendered":"<p>Preven\u00e7\u00e3o de entorses, les\u00f5es e luxa\u00e7\u00f5es. Tratamento e recupera\u00e7\u00e3o de tendinite e tornozelo fraco. O seu uso durante a pr\u00e1tica esportiva reduz o<br \/>\nrisco de les\u00f5es ligamentares e musculares.<\/p>","protected":false},"featured_media":1450,"comment_status":"open","ping_status":"closed","template":"","meta":{"_joinchat":[]},"product_brand":[],"product_cat":[25],"product_tag":[],"class_list":{"0":"post-1449","1":"product","2":"type-product","3":"status-publish","4":"has-post-thumbnail","6":"product_cat-ortopedia","8":"first","9":"instock","10":"shipping-taxable","11":"purchasable","12":"product-type-variable"},"_links":{"self":[{"href":"https:\/\/www.medideal.com.br\/en\/wp-json\/wp\/v2\/product\/1449","targetHints":{"allow":["GET"]}}],"collection":[{"href":"https:\/\/www.medideal.com.br\/en\/wp-json\/wp\/v2\/product"}],"about":[{"href":"https:\/\/www.medideal.com.br\/en\/wp-json\/wp\/v2\/types\/product"}],"replies":[{"embeddable":true,"href":"https:\/\/www.medideal.com.br\/en\/wp-json\/wp\/v2\/comments?post=1449"}],"wp:featuredmedia":[{"embeddable":true,"href":"https:\/\/www.medideal.com.br\/en\/wp-json\/wp\/v2\/media\/1450"}],"wp:attachment":[{"href":"https:\/\/www.medideal.com.br\/en\/wp-json\/wp\/v2\/media?parent=1449"}],"wp:term":[{"taxonomy":"product_brand","embeddable":true,"href":"https:\/\/www.medideal.com.br\/en\/wp-json\/wp\/v2\/product_brand?post=1449"},{"taxonomy":"product_cat","embeddable":true,"href":"https:\/\/www.medideal.com.br\/en\/wp-json\/wp\/v2\/product_cat?post=1449"},{"taxonomy":"product_tag","embeddable":true,"href":"https:\/\/www.medideal.com.br\/en\/wp-json\/wp\/v2\/product_tag?post=1449"}],"curies":[{"name":"wp","href":"https:\/\/api.w.org\/{rel}","templated":true}]}}