{"id":1423,"date":"2023-11-10T16:50:33","date_gmt":"2023-11-10T19:50:33","guid":{"rendered":"https:\/\/www.medideal.com.br\/?post_type=product&#038;p=1423"},"modified":"2024-01-12T17:42:48","modified_gmt":"2024-01-12T20:42:48","slug":"faixa-abdominal-kestal","status":"publish","type":"product","link":"https:\/\/www.medideal.com.br\/en\/faixa-abdominal-kestal\/","title":{"rendered":"Faixa Abdominal &#8211; Kestal"},"content":{"rendered":"<p>A Faixa Abdominal Kestal auxilia na corre\u00e7\u00e3o da postura, no suporte da coluna dorso-lombar e na recupera\u00e7\u00e3o de p\u00f3s-operat\u00f3rio. Tamb\u00e9m previne dores e les\u00f5es durante a pr\u00e1tica de esportes que exigem maior esfor\u00e7o da regi\u00e3o do t\u00f3rax e abd\u00f4men. Diminui o risco de les\u00e3o muscular por sobrecarga nas costas e abd\u00f4men. \u00c9 ideal para p\u00f3s-operat\u00f3rios de abd\u00f4men, p\u00f3s-parto e h\u00e9rnia umbilical. Possui faixa ajust\u00e1vel com velcro, que proporciona melhor compress\u00e3o e facilita o ajuste ao corpo.<\/p>\n<p>Auxilia na pr\u00e1tica esportiva de motociclismo, biciclismo, automobilismo, hipismo e afins.<\/p>\n<p><strong>Tamanhos:<\/strong><br \/>\n100cm x 20cm (P)<br \/>\n120cm x 25cm (M)<br \/>\n130cm x 30cm (G)<\/p>\n<p><strong>Composi\u00e7\u00e3o:<\/strong><br \/>\nBorracha de cloropreno revestida com tecido 100% Poliamida.<\/p>","protected":false},"excerpt":{"rendered":"<p>Auxilia na pr\u00e1tica esportiva de motociclismo, biciclismo, automobilismo, hipismo e afins.<\/p>","protected":false},"featured_media":1427,"comment_status":"open","ping_status":"closed","template":"","meta":{"_joinchat":[]},"product_brand":[],"product_cat":[25],"product_tag":[],"class_list":{"0":"post-1423","1":"product","2":"type-product","3":"status-publish","4":"has-post-thumbnail","6":"product_cat-ortopedia","8":"first","9":"instock","10":"shipping-taxable","11":"purchasable","12":"product-type-variable"},"_links":{"self":[{"href":"https:\/\/www.medideal.com.br\/en\/wp-json\/wp\/v2\/product\/1423","targetHints":{"allow":["GET"]}}],"collection":[{"href":"https:\/\/www.medideal.com.br\/en\/wp-json\/wp\/v2\/product"}],"about":[{"href":"https:\/\/www.medideal.com.br\/en\/wp-json\/wp\/v2\/types\/product"}],"replies":[{"embeddable":true,"href":"https:\/\/www.medideal.com.br\/en\/wp-json\/wp\/v2\/comments?post=1423"}],"wp:featuredmedia":[{"embeddable":true,"href":"https:\/\/www.medideal.com.br\/en\/wp-json\/wp\/v2\/media\/1427"}],"wp:attachment":[{"href":"https:\/\/www.medideal.com.br\/en\/wp-json\/wp\/v2\/media?parent=1423"}],"wp:term":[{"taxonomy":"product_brand","embeddable":true,"href":"https:\/\/www.medideal.com.br\/en\/wp-json\/wp\/v2\/product_brand?post=1423"},{"taxonomy":"product_cat","embeddable":true,"href":"https:\/\/www.medideal.com.br\/en\/wp-json\/wp\/v2\/product_cat?post=1423"},{"taxonomy":"product_tag","embeddable":true,"href":"https:\/\/www.medideal.com.br\/en\/wp-json\/wp\/v2\/product_tag?post=1423"}],"curies":[{"name":"wp","href":"https:\/\/api.w.org\/{rel}","templated":true}]}}