{"id":1414,"date":"2023-11-10T16:37:19","date_gmt":"2023-11-10T19:37:19","guid":{"rendered":"https:\/\/www.medideal.com.br\/?post_type=product&#038;p=1414"},"modified":"2024-01-12T17:35:23","modified_gmt":"2024-01-12T20:35:23","slug":"suporte-panturrilha-kestal","status":"publish","type":"product","link":"https:\/\/www.medideal.com.br\/en\/suporte-panturrilha-kestal\/","title":{"rendered":"Suporte Panturrilha &#8211; Kestal"},"content":{"rendered":"<p>O Suporte Panturrilha Kestal oferece suporte e compress\u00e3o na regi\u00e3o da panturrilha reduzindo o inc\u00f4modo de perna inchada e evitando edemas. \u00c9 ideal para a pr\u00e1tica esportiva.<\/p>\n<p>Preven\u00e7\u00e3o de les\u00f5es, recupera\u00e7\u00e3o de distens\u00f5es e estiramentos. Aumenta a sensa\u00e7\u00e3o de seguran\u00e7a no movimento.<\/p>\n<p><strong>Tamanhos:<\/strong><br \/>\n32cm x 35cm (PP)<br \/>\n35cm x 38cm (P)<br \/>\n38cm x 41cm (M)<br \/>\n41cm x 44cm (G)<br \/>\n44cm x 46cm (GG)<\/p>\n<p>Composi\u00e7\u00e3o:<br \/>\nBorracha de cloropreno revestida com tecido 100% Poliamida.<\/p>\n<p>&nbsp;<\/p>","protected":false},"excerpt":{"rendered":"<p>Preven\u00e7\u00e3o de les\u00f5es, recupera\u00e7\u00e3o de distens\u00f5es e estiramentos. Aumenta a sensa\u00e7\u00e3o de seguran\u00e7a no movimento.<\/p>","protected":false},"featured_media":1420,"comment_status":"open","ping_status":"closed","template":"","meta":{"_joinchat":[]},"product_brand":[],"product_cat":[25],"product_tag":[],"class_list":{"0":"post-1414","1":"product","2":"type-product","3":"status-publish","4":"has-post-thumbnail","6":"product_cat-ortopedia","8":"first","9":"outofstock","10":"shipping-taxable","11":"purchasable","12":"product-type-variable"},"_links":{"self":[{"href":"https:\/\/www.medideal.com.br\/en\/wp-json\/wp\/v2\/product\/1414","targetHints":{"allow":["GET"]}}],"collection":[{"href":"https:\/\/www.medideal.com.br\/en\/wp-json\/wp\/v2\/product"}],"about":[{"href":"https:\/\/www.medideal.com.br\/en\/wp-json\/wp\/v2\/types\/product"}],"replies":[{"embeddable":true,"href":"https:\/\/www.medideal.com.br\/en\/wp-json\/wp\/v2\/comments?post=1414"}],"wp:featuredmedia":[{"embeddable":true,"href":"https:\/\/www.medideal.com.br\/en\/wp-json\/wp\/v2\/media\/1420"}],"wp:attachment":[{"href":"https:\/\/www.medideal.com.br\/en\/wp-json\/wp\/v2\/media?parent=1414"}],"wp:term":[{"taxonomy":"product_brand","embeddable":true,"href":"https:\/\/www.medideal.com.br\/en\/wp-json\/wp\/v2\/product_brand?post=1414"},{"taxonomy":"product_cat","embeddable":true,"href":"https:\/\/www.medideal.com.br\/en\/wp-json\/wp\/v2\/product_cat?post=1414"},{"taxonomy":"product_tag","embeddable":true,"href":"https:\/\/www.medideal.com.br\/en\/wp-json\/wp\/v2\/product_tag?post=1414"}],"curies":[{"name":"wp","href":"https:\/\/api.w.org\/{rel}","templated":true}]}}