{"id":1411,"date":"2023-11-10T16:31:40","date_gmt":"2023-11-10T19:31:40","guid":{"rendered":"https:\/\/www.medideal.com.br\/?post_type=product&#038;p=1411"},"modified":"2024-01-12T17:34:42","modified_gmt":"2024-01-12T20:34:42","slug":"joelheira-sub-patelar","status":"publish","type":"product","link":"https:\/\/www.medideal.com.br\/en\/joelheira-sub-patelar\/","title":{"rendered":"Joelheira Sub Patelar"},"content":{"rendered":"<p>A Joelheira Sub Patelar Kestal proporciona compress\u00e3o em torno do joelho, aumentando a firmeza e a sensa\u00e7\u00e3o de estabilidade da articula\u00e7\u00e3o. Proporciona al\u00edvio da tens\u00e3o patelar atrav\u00e9s de um suporte em tubo de borracha.<\/p>\n<p>Atua na prevenc\u0327\u00e3o e recupera\u00e7\u00e3o de les\u00f5es musculares: contus\u00f5es, entorses, tendinites, condromal\u00e1cia, luxac\u0327\u00f5es e bursites.<\/p>\n<p><strong>Tamanho:<\/strong><br \/>\n\u00danico | Ajust\u00e1vel<\/p>\n<p><strong>Composi\u00e7\u00e3o:<\/strong><br \/>\nBorracha de cloropreno revestida com tecido 100% Poliamida.<\/p>","protected":false},"excerpt":{"rendered":"<p>Atua na prevenc\u0327\u00e3o e recupera\u00e7\u00e3o de les\u00f5es musculares: contus\u00f5es, entorses, tendinites, condromal\u00e1cia, luxac\u0327\u00f5es e bursites.<\/p>","protected":false},"featured_media":1412,"comment_status":"open","ping_status":"closed","template":"","meta":{"_joinchat":[]},"product_brand":[],"product_cat":[25],"product_tag":[],"class_list":{"0":"post-1411","1":"product","2":"type-product","3":"status-publish","4":"has-post-thumbnail","6":"product_cat-ortopedia","8":"first","9":"instock","10":"shipping-taxable","11":"purchasable","12":"product-type-simple"},"_links":{"self":[{"href":"https:\/\/www.medideal.com.br\/en\/wp-json\/wp\/v2\/product\/1411","targetHints":{"allow":["GET"]}}],"collection":[{"href":"https:\/\/www.medideal.com.br\/en\/wp-json\/wp\/v2\/product"}],"about":[{"href":"https:\/\/www.medideal.com.br\/en\/wp-json\/wp\/v2\/types\/product"}],"replies":[{"embeddable":true,"href":"https:\/\/www.medideal.com.br\/en\/wp-json\/wp\/v2\/comments?post=1411"}],"wp:featuredmedia":[{"embeddable":true,"href":"https:\/\/www.medideal.com.br\/en\/wp-json\/wp\/v2\/media\/1412"}],"wp:attachment":[{"href":"https:\/\/www.medideal.com.br\/en\/wp-json\/wp\/v2\/media?parent=1411"}],"wp:term":[{"taxonomy":"product_brand","embeddable":true,"href":"https:\/\/www.medideal.com.br\/en\/wp-json\/wp\/v2\/product_brand?post=1411"},{"taxonomy":"product_cat","embeddable":true,"href":"https:\/\/www.medideal.com.br\/en\/wp-json\/wp\/v2\/product_cat?post=1411"},{"taxonomy":"product_tag","embeddable":true,"href":"https:\/\/www.medideal.com.br\/en\/wp-json\/wp\/v2\/product_tag?post=1411"}],"curies":[{"name":"wp","href":"https:\/\/api.w.org\/{rel}","templated":true}]}}